{"id":858,"date":"2021-08-08T14:48:35","date_gmt":"2021-08-08T14:48:35","guid":{"rendered":"https:\/\/europackers.pt\/transporte\/"},"modified":"2022-11-06T15:55:53","modified_gmt":"2022-11-06T15:55:53","slug":"transport","status":"publish","type":"page","link":"https:\/\/europackers.pt\/fr\/transport\/","title":{"rendered":"Transport"},"content":{"rendered":"\n  <div class=\"banner has-hover hide-for-small\" id=\"banner-1517850480\">\n          <div class=\"banner-inner fill\">\n        <div class=\"banner-bg fill\" >\n            <div class=\"bg fill bg-fill \"><\/div>\n                                    \n                    <\/div>\n\t\t\n        <div class=\"banner-layers container\">\n            <div class=\"fill banner-link\"><\/div>            \n   <div id=\"text-box-365113288\" class=\"text-box banner-layer x5 md-x5 lg-x5 y50 md-y50 lg-y50 res-text\">\n                                <div class=\"text-box-content text dark\">\n              \n              <div class=\"text-inner text-left\">\n                  \n\t<div id=\"text-1884442377\" class=\"text\">\n\t\t\n<h2><strong> De l&rsquo;origine \u00e0 la destination, <br \/>nous transportons la monnaie<\/strong><\/h2>\n\t\t\n<style>\n#text-1884442377 {\n  font-size: 1.2rem;\n  text-align: center;\n}\n<\/style>\n\t<\/div>\n\t\n              <\/div>\n           <\/div>\n                            \n<style>\n#text-box-365113288 {\n  width: 60%;\n}\n#text-box-365113288 .text-box-content {\n  font-size: 100%;\n}\n@media (min-width:550px) {\n  #text-box-365113288 {\n    width: 92%;\n  }\n}\n<\/style>\n    <\/div>\n \n        <\/div>\n      <\/div>\n\n            \n<style>\n#banner-1517850480 {\n  padding-top: 700px;\n}\n#banner-1517850480 .bg.bg-loaded {\n  background-image: url(https:\/\/europackers.pt\/wp-content\/uploads\/2021\/09\/transporte-1-1024x470.jpg);\n}\n#banner-1517850480 .bg {\n  background-position: 50% 50%;\n}\n<\/style>\n  <\/div>\n\n\n\n  <div class=\"banner has-hover show-for-small\" id=\"banner-36606974\">\n          <div class=\"banner-inner fill\">\n        <div class=\"banner-bg fill\" >\n            <div class=\"bg fill bg-fill \"><\/div>\n                        <div class=\"overlay\"><\/div>            \n                    <\/div>\n\t\t\n        <div class=\"banner-layers container\">\n            <div class=\"fill banner-link\"><\/div>            \n   <div id=\"text-box-1683559656\" class=\"text-box banner-layer x50 md-x5 lg-x5 y50 md-y50 lg-y50 res-text\">\n                                <div class=\"text-box-content text dark\">\n              \n              <div class=\"text-inner text-left\">\n                  \n\t<div id=\"text-1462299174\" class=\"text\">\n\t\t\n<h2>De l&rsquo;origine \u00e0 la destination, <br \/>nous transportons la monnaie<\/h2>\n\t\t\n<style>\n#text-1462299174 {\n  font-size: 0.75rem;\n  text-align: center;\n}\n@media (min-width:550px) {\n  #text-1462299174 {\n    font-size: 1.45rem;\n  }\n}\n<\/style>\n\t<\/div>\n\t\n              <\/div>\n           <\/div>\n                            \n<style>\n#text-box-1683559656 {\n  width: 94%;\n}\n#text-box-1683559656 .text-box-content {\n  font-size: 100%;\n}\n@media (min-width:550px) {\n  #text-box-1683559656 {\n    width: 92%;\n  }\n}\n<\/style>\n    <\/div>\n \n        <\/div>\n      <\/div>\n\n            \n<style>\n#banner-36606974 {\n  padding-top: 99.99%;\n}\n#banner-36606974 .bg.bg-loaded {\n  background-image: url(https:\/\/europackers.pt\/wp-content\/uploads\/2021\/09\/transporte-1-1024x470.jpg);\n}\n#banner-36606974 .overlay {\n  background-color: rgba(0, 0, 0, 0.134);\n}\n@media (min-width:550px) {\n  #banner-36606974 {\n    padding-top: 590px;\n  }\n}\n<\/style>\n  <\/div>\n\n\n\t<section class=\"section dark\" id=\"section_2087167300\">\n\t\t<div class=\"bg section-bg fill bg-fill  bg-loaded\" >\n\n\t\t\t\n\t\t\t\n\t\t\t\n\n\t\t<\/div>\n\n\t\t\n\n\t\t<div class=\"section-content relative\">\n\t\t\t\n<div class=\"row\"  id=\"row-1791887114\">\n\n\t<div id=\"col-55995132\" class=\"col small-12 large-12\"  >\n\t\t\t\t<div class=\"col-inner text-center\"  >\n\t\t\t\n\t\t\t\n\t<div id=\"text-3054172132\" class=\"text\">\n\t\t\n<p> Nous r\u00e9alisons le transport de marchandises et de biens personnels, au niveau national et international, par nos propres moyens ou par l&rsquo;interm\u00e9diaire de partenaires de r\u00e9f\u00e9rence au niveau mondial.<\/p>\n<p>Nous distribuons des marchandises et des produits de cha\u00eenes de vente au d\u00e9tail, assurant une livraison personnalis\u00e9e selon les sp\u00e9cificit\u00e9s de chaque marchandise, en maintenant des normes de qualit\u00e9 et en satisfaisant le client final. <\/p>\n\t\t\n<style>\n#text-3054172132 {\n  font-size: 1.2rem;\n}\n@media (min-width:550px) {\n  #text-3054172132 {\n    font-size: 1.5rem;\n  }\n}\n<\/style>\n\t<\/div>\n\t\n\t\t<\/div>\n\t\t\t\t\t<\/div>\n\n\t\n<\/div>\n\t\t<\/div>\n\n\t\t\n<style>\n#section_2087167300 {\n  padding-top: 60px;\n  padding-bottom: 60px;\n  background-color: #ec008c;\n}\n<\/style>\n\t<\/section>\n\t\n\t<section class=\"section has-mask mask-arrow\" id=\"section_1300140338\">\n\t\t<div class=\"bg section-bg fill bg-fill  bg-loaded\" >\n\n\t\t\t\n\t\t\t\n\t\t\t\n\n\t\t<\/div>\n\n\t\t\n\n\t\t<div class=\"section-content relative\">\n\t\t\t\n<div class=\"row align-center\"  id=\"row-1247966486\">\n\n\t<div id=\"col-366359500\" class=\"col medium-4 small-12 large-4\"  data-animate=\"bounceInUp\">\n\t\t\t\t<div class=\"col-inner\"  >\n\t\t\t\n\t\t\t\n\n\t\t<div class=\"icon-box featured-box icon-box-center text-center\"  >\n\t\t\t\t\t<div class=\"icon-box-img\" style=\"width: 150px\">\n\t\t\t\t<div class=\"icon\">\n\t\t\t\t\t<div class=\"icon-inner\" style=\"color:rgb(236, 0, 140);\">\n\t\t\t\t\t\t<img loading=\"lazy\" decoding=\"async\" width=\"512\" height=\"512\" src=\"https:\/\/europackers.pt\/wp-content\/uploads\/2021\/08\/packing-list-1.svg\" class=\"attachment-medium size-medium\" alt=\"\" \/>\t\t\t\t\t<\/div>\n\t\t\t\t<\/div>\n\t\t\t<\/div>\n\t\t\t\t<div class=\"icon-box-text last-reset\">\n\t\t\t\t\t\t\t\t\t\n<h4><span data-text-color=\"secondary\"> Transport a\u00e9rien <\/span><\/h4>\n\t\t<\/div>\n\t<\/div>\n\t\n\t\n\t\t<\/div>\n\t\t\t\t\t<\/div>\n\n\t\n\n\t<div id=\"col-723960145\" class=\"col medium-4 small-12 large-4\"  data-animate=\"bounceInUp\">\n\t\t\t\t<div class=\"col-inner\"  >\n\t\t\t\n\t\t\t\n\n\t\t<div class=\"icon-box featured-box icon-box-center text-center\"  >\n\t\t\t\t\t<div class=\"icon-box-img\" style=\"width: 150px\">\n\t\t\t\t<div class=\"icon\">\n\t\t\t\t\t<div class=\"icon-inner\" style=\"color:rgb(236, 0, 140);\">\n\t\t\t\t\t\t<img loading=\"lazy\" decoding=\"async\" width=\"512\" height=\"512\" src=\"https:\/\/europackers.pt\/wp-content\/uploads\/2021\/08\/air-freight-1.svg\" class=\"attachment-medium size-medium\" alt=\"\" \/>\t\t\t\t\t<\/div>\n\t\t\t\t<\/div>\n\t\t\t<\/div>\n\t\t\t\t<div class=\"icon-box-text last-reset\">\n\t\t\t\t\t\t\t\t\t\n<h4><span data-text-color=\"secondary\"> Transport maritime <\/span><\/h4>\n\t\t<\/div>\n\t<\/div>\n\t\n\t\n\t\t<\/div>\n\t\t\t\t\t<\/div>\n\n\t\n\n\t<div id=\"col-2022174665\" class=\"col medium-4 small-12 large-4\"  data-animate=\"bounceInUp\">\n\t\t\t\t<div class=\"col-inner\"  >\n\t\t\t\n\t\t\t\n\n\t\t<div class=\"icon-box featured-box icon-box-center text-center\"  >\n\t\t\t\t\t<div class=\"icon-box-img\" style=\"width: 150px\">\n\t\t\t\t<div class=\"icon\">\n\t\t\t\t\t<div class=\"icon-inner\" style=\"color:rgb(236, 0, 140);\">\n\t\t\t\t\t\t<img loading=\"lazy\" decoding=\"async\" width=\"512\" height=\"512\" src=\"https:\/\/europackers.pt\/wp-content\/uploads\/2021\/08\/wholesale-1.svg\" class=\"attachment-medium size-medium\" alt=\"\" \/>\t\t\t\t\t<\/div>\n\t\t\t\t<\/div>\n\t\t\t<\/div>\n\t\t\t\t<div class=\"icon-box-text last-reset\">\n\t\t\t\t\t\t\t\t\t\n<h4><span data-text-color=\"secondary\">Transport terrestre <\/span><\/h4>\n\t\t<\/div>\n\t<\/div>\n\t\n\t\n\t\t<\/div>\n\t\t\t\t\t<\/div>\n\n\t\n\n\t<div id=\"col-1039991062\" class=\"col small-12 large-12\"  >\n\t\t\t\t<div class=\"col-inner text-center\"  >\n\t\t\t\n\t\t\t\n\t<div id=\"gap-1644000733\" class=\"gap-element clearfix\" style=\"display:block; height:auto;\">\n\t\t\n<style>\n#gap-1644000733 {\n  padding-top: 30px;\n}\n<\/style>\n\t<\/div>\n\t\n\t<div id=\"text-153139227\" class=\"text\">\n\t\t\n<p><span style=\"font-size: 100%;\" data-line-height=\"xs\">Nous proposons des solutions de transport simples et flexibles pour des envois plus ou moins urgents, adapt\u00e9es \u00e0 chaque d\u00e9fi. <\/span><\/p>\n\t\t\n<style>\n#text-153139227 {\n  font-size: 1.2rem;\n  line-height: 1.4;\n  text-align: center;\n}\n@media (min-width:550px) {\n  #text-153139227 {\n    font-size: 1.5rem;\n  }\n}\n<\/style>\n\t<\/div>\n\t\n\t<div id=\"gap-1087794308\" class=\"gap-element clearfix\" style=\"display:block; height:auto;\">\n\t\t\n<style>\n#gap-1087794308 {\n  padding-top: 30px;\n}\n<\/style>\n\t<\/div>\n\t\n<h4 data-line-height=\"m\"><span style=\"font-size: 120%;\">Demandez un devis<\/span><\/h4>\n\t<div id=\"gap-1487127253\" class=\"gap-element clearfix\" style=\"display:block; height:auto;\">\n\t\t\n<style>\n#gap-1487127253 {\n  padding-top: 30px;\n}\n<\/style>\n\t<\/div>\n\t\n<a href=\"mailto:info@europackers.pt?subject=Demande%20de%20devis&#038;body=Pour%20un%20devis%20personnalis%C3%A9%2C%20merci%20pour%20renseigner%20les%20informations%20suivantes%3A%0D%0A%0D%0ANom%3A%0D%0AT%C3%A9l%C3%A9phone%3A%0D%0AAdresse%20de%20collecte%3A%0D%0AAdresse%20de%20livraison%3A%0D%0ABr%C3%A8ve%20description%20des%20biens%20%C3%A0%20transporter%3A%0D%0ADate%20pr%C3%A9vue%20du%20d%C3%A9m%C3%A9nagement%3A%0D%0A\" class=\"button secondary is-large lowercase\"  >\n  <i class=\"icon-envelop\" aria-hidden=\"true\" ><\/i>  <span>Email<\/span>\n  <\/a>\n\n<a href=\"https:\/\/wa.me\/351919105554\" target=\"_blank\" class=\"button secondary is-large lowercase\" rel=\"noopener\"  >\n  <i class=\"icon-phone\" aria-hidden=\"true\" ><\/i>  <span>Whatsapp<\/span>\n  <\/a>\n\n\t\t<\/div>\n\t\t\t\t\n<style>\n#col-1039991062 > .col-inner {\n  padding: 30px 0px 0px 0px;\n}\n<\/style>\n\t<\/div>\n\n\t\n\n<style>\n#row-1247966486 > .col > .col-inner {\n  padding: 60px 0px 0px 0px;\n}\n<\/style>\n<\/div>\n\t\t<\/div>\n\n\t\t\n<style>\n#section_1300140338 {\n  padding-top: 30px;\n  padding-bottom: 30px;\n  background-color: rgb(255,255,255);\n}\n<\/style>\n\t<\/section>\n\t\n","protected":false},"excerpt":{"rendered":"","protected":false},"author":1,"featured_media":0,"parent":0,"menu_order":0,"comment_status":"closed","ping_status":"closed","template":"page-blank.php","meta":{"footnotes":""},"yoast_head":"<!-- This site is optimized with the Yoast SEO plugin v21.5 - https:\/\/yoast.com\/wordpress\/plugins\/seo\/ -->\n<title>Transport<\/title>\n<meta name=\"description\" content=\"Transport de biens personnels et de marchandises, partout dans le monde.\" \/>\n<meta name=\"robots\" content=\"index, follow, max-snippet:-1, max-image-preview:large, max-video-preview:-1\" \/>\n<link rel=\"canonical\" href=\"https:\/\/europackers.pt\/fr\/transport\/\" \/>\n<meta property=\"og:locale\" content=\"fr_FR\" \/>\n<meta property=\"og:type\" content=\"article\" \/>\n<meta property=\"og:title\" content=\"Transport\" \/>\n<meta property=\"og:description\" content=\"Transport de biens personnels et de marchandises, partout dans le monde.\" \/>\n<meta property=\"og:url\" content=\"https:\/\/europackers.pt\/fr\/transport\/\" \/>\n<meta property=\"og:site_name\" content=\"Europackers\" \/>\n<meta property=\"article:publisher\" content=\"https:\/\/www.facebook.com\/europackers\" \/>\n<meta property=\"article:modified_time\" content=\"2022-11-06T15:55:53+00:00\" \/>\n<meta property=\"og:image\" content=\"https:\/\/europackers.pt\/wp-content\/uploads\/2021\/08\/shareimage.jpg\" \/>\n\t<meta property=\"og:image:width\" content=\"1200\" \/>\n\t<meta property=\"og:image:height\" content=\"630\" \/>\n\t<meta property=\"og:image:type\" content=\"image\/jpeg\" \/>\n<meta name=\"twitter:card\" content=\"summary_large_image\" \/>\n<meta name=\"twitter:label1\" content=\"Dur\u00e9e de lecture estim\u00e9e\" \/>\n\t<meta name=\"twitter:data1\" content=\"2 minutes\" \/>\n<script type=\"application\/ld+json\" class=\"yoast-schema-graph\">{\"@context\":\"https:\/\/schema.org\",\"@graph\":[{\"@type\":\"WebPage\",\"@id\":\"https:\/\/europackers.pt\/fr\/transport\/\",\"url\":\"https:\/\/europackers.pt\/fr\/transport\/\",\"name\":\"Transport\",\"isPartOf\":{\"@id\":\"https:\/\/europackers.pt\/fr\/#website\"},\"datePublished\":\"2021-08-08T14:48:35+00:00\",\"dateModified\":\"2022-11-06T15:55:53+00:00\",\"description\":\"Transport de biens personnels et de marchandises, partout dans le monde.\",\"breadcrumb\":{\"@id\":\"https:\/\/europackers.pt\/fr\/transport\/#breadcrumb\"},\"inLanguage\":\"fr-FR\",\"potentialAction\":[{\"@type\":\"ReadAction\",\"target\":[\"https:\/\/europackers.pt\/fr\/transport\/\"]}]},{\"@type\":\"BreadcrumbList\",\"@id\":\"https:\/\/europackers.pt\/fr\/transport\/#breadcrumb\",\"itemListElement\":[{\"@type\":\"ListItem\",\"position\":1,\"name\":\"In\u00edcio\",\"item\":\"https:\/\/europackers.pt\/fr\/homepage\/\"},{\"@type\":\"ListItem\",\"position\":2,\"name\":\"Transport\"}]},{\"@type\":\"WebSite\",\"@id\":\"https:\/\/europackers.pt\/fr\/#website\",\"url\":\"https:\/\/europackers.pt\/fr\/\",\"name\":\"Europackers\",\"description\":\"Transportes e Mudan\u00e7as\",\"publisher\":{\"@id\":\"https:\/\/europackers.pt\/fr\/#organization\"},\"potentialAction\":[{\"@type\":\"SearchAction\",\"target\":{\"@type\":\"EntryPoint\",\"urlTemplate\":\"https:\/\/europackers.pt\/fr\/?s={search_term_string}\"},\"query-input\":\"required name=search_term_string\"}],\"inLanguage\":\"fr-FR\"},{\"@type\":\"Organization\",\"@id\":\"https:\/\/europackers.pt\/fr\/#organization\",\"name\":\"Europackers\",\"url\":\"https:\/\/europackers.pt\/fr\/\",\"logo\":{\"@type\":\"ImageObject\",\"inLanguage\":\"fr-FR\",\"@id\":\"https:\/\/europackers.pt\/fr\/#\/schema\/logo\/image\/\",\"url\":\"https:\/\/europackers.pt\/wp-content\/uploads\/2021\/08\/image.png\",\"contentUrl\":\"https:\/\/europackers.pt\/wp-content\/uploads\/2021\/08\/image.png\",\"width\":1656,\"height\":819,\"caption\":\"Europackers\"},\"image\":{\"@id\":\"https:\/\/europackers.pt\/fr\/#\/schema\/logo\/image\/\"},\"sameAs\":[\"https:\/\/www.facebook.com\/europackers\"]}]}<\/script>\n<!-- \/ Yoast SEO plugin. -->","yoast_head_json":{"title":"Transport","description":"Transport de biens personnels et de marchandises, partout dans le monde.","robots":{"index":"index","follow":"follow","max-snippet":"max-snippet:-1","max-image-preview":"max-image-preview:large","max-video-preview":"max-video-preview:-1"},"canonical":"https:\/\/europackers.pt\/fr\/transport\/","og_locale":"fr_FR","og_type":"article","og_title":"Transport","og_description":"Transport de biens personnels et de marchandises, partout dans le monde.","og_url":"https:\/\/europackers.pt\/fr\/transport\/","og_site_name":"Europackers","article_publisher":"https:\/\/www.facebook.com\/europackers","article_modified_time":"2022-11-06T15:55:53+00:00","og_image":[{"width":1200,"height":630,"url":"https:\/\/europackers.pt\/wp-content\/uploads\/2021\/08\/shareimage.jpg","type":"image\/jpeg"}],"twitter_card":"summary_large_image","twitter_misc":{"Dur\u00e9e de lecture estim\u00e9e":"2 minutes"},"schema":{"@context":"https:\/\/schema.org","@graph":[{"@type":"WebPage","@id":"https:\/\/europackers.pt\/fr\/transport\/","url":"https:\/\/europackers.pt\/fr\/transport\/","name":"Transport","isPartOf":{"@id":"https:\/\/europackers.pt\/fr\/#website"},"datePublished":"2021-08-08T14:48:35+00:00","dateModified":"2022-11-06T15:55:53+00:00","description":"Transport de biens personnels et de marchandises, partout dans le monde.","breadcrumb":{"@id":"https:\/\/europackers.pt\/fr\/transport\/#breadcrumb"},"inLanguage":"fr-FR","potentialAction":[{"@type":"ReadAction","target":["https:\/\/europackers.pt\/fr\/transport\/"]}]},{"@type":"BreadcrumbList","@id":"https:\/\/europackers.pt\/fr\/transport\/#breadcrumb","itemListElement":[{"@type":"ListItem","position":1,"name":"In\u00edcio","item":"https:\/\/europackers.pt\/fr\/homepage\/"},{"@type":"ListItem","position":2,"name":"Transport"}]},{"@type":"WebSite","@id":"https:\/\/europackers.pt\/fr\/#website","url":"https:\/\/europackers.pt\/fr\/","name":"Europackers","description":"Transportes e Mudan\u00e7as","publisher":{"@id":"https:\/\/europackers.pt\/fr\/#organization"},"potentialAction":[{"@type":"SearchAction","target":{"@type":"EntryPoint","urlTemplate":"https:\/\/europackers.pt\/fr\/?s={search_term_string}"},"query-input":"required name=search_term_string"}],"inLanguage":"fr-FR"},{"@type":"Organization","@id":"https:\/\/europackers.pt\/fr\/#organization","name":"Europackers","url":"https:\/\/europackers.pt\/fr\/","logo":{"@type":"ImageObject","inLanguage":"fr-FR","@id":"https:\/\/europackers.pt\/fr\/#\/schema\/logo\/image\/","url":"https:\/\/europackers.pt\/wp-content\/uploads\/2021\/08\/image.png","contentUrl":"https:\/\/europackers.pt\/wp-content\/uploads\/2021\/08\/image.png","width":1656,"height":819,"caption":"Europackers"},"image":{"@id":"https:\/\/europackers.pt\/fr\/#\/schema\/logo\/image\/"},"sameAs":["https:\/\/www.facebook.com\/europackers"]}]}},"_links":{"self":[{"href":"https:\/\/europackers.pt\/fr\/wp-json\/wp\/v2\/pages\/858"}],"collection":[{"href":"https:\/\/europackers.pt\/fr\/wp-json\/wp\/v2\/pages"}],"about":[{"href":"https:\/\/europackers.pt\/fr\/wp-json\/wp\/v2\/types\/page"}],"author":[{"embeddable":true,"href":"https:\/\/europackers.pt\/fr\/wp-json\/wp\/v2\/users\/1"}],"replies":[{"embeddable":true,"href":"https:\/\/europackers.pt\/fr\/wp-json\/wp\/v2\/comments?post=858"}],"version-history":[{"count":4,"href":"https:\/\/europackers.pt\/fr\/wp-json\/wp\/v2\/pages\/858\/revisions"}],"predecessor-version":[{"id":1559,"href":"https:\/\/europackers.pt\/fr\/wp-json\/wp\/v2\/pages\/858\/revisions\/1559"}],"wp:attachment":[{"href":"https:\/\/europackers.pt\/fr\/wp-json\/wp\/v2\/media?parent=858"}],"curies":[{"name":"wp","href":"https:\/\/api.w.org\/{rel}","templated":true}]}}