{"id":852,"date":"2021-08-08T14:49:25","date_gmt":"2021-08-08T14:49:25","guid":{"rendered":"https:\/\/europackers.pt\/sobre\/"},"modified":"2022-11-06T15:57:36","modified_gmt":"2022-11-06T15:57:36","slug":"a-propos","status":"publish","type":"page","link":"https:\/\/europackers.pt\/fr\/a-propos\/","title":{"rendered":"A propos"},"content":{"rendered":"\n  <div class=\"banner has-hover hide-for-small\" id=\"banner-1176540426\">\n          <div class=\"banner-inner fill\">\n        <div class=\"banner-bg fill\" >\n            <div class=\"bg fill bg-fill \"><\/div>\n                                    \n                    <\/div>\n\t\t\n        <div class=\"banner-layers container\">\n            <div class=\"fill banner-link\"><\/div>            \n   <div id=\"text-box-881214385\" class=\"text-box banner-layer x5 md-x5 lg-x5 y50 md-y50 lg-y50 res-text\">\n                                <div class=\"text-box-content text dark\">\n              \n              <div class=\"text-inner text-left\">\n                  \n\t<div id=\"text-773277712\" class=\"text\">\n\t\t\n<h2><strong> De l&rsquo;impossible \u00e0 la nouvelle adresse <\/strong><\/h2>\n\t\t\n<style>\n#text-773277712 {\n  font-size: 1.2rem;\n  text-align: center;\n}\n<\/style>\n\t<\/div>\n\t\n              <\/div>\n           <\/div>\n                            \n<style>\n#text-box-881214385 {\n  width: 60%;\n}\n#text-box-881214385 .text-box-content {\n  font-size: 100%;\n}\n@media (min-width:550px) {\n  #text-box-881214385 {\n    width: 92%;\n  }\n}\n<\/style>\n    <\/div>\n \n        <\/div>\n      <\/div>\n\n            \n<style>\n#banner-1176540426 {\n  padding-top: 700px;\n}\n#banner-1176540426 .bg.bg-loaded {\n  background-image: url(https:\/\/europackers.pt\/wp-content\/uploads\/2021\/08\/sobre.jpg);\n}\n#banner-1176540426 .bg {\n  background-position: 50% 50%;\n}\n<\/style>\n  <\/div>\n\n\n\n  <div class=\"banner has-hover show-for-small\" id=\"banner-1155419457\">\n          <div class=\"banner-inner fill\">\n        <div class=\"banner-bg fill\" >\n            <div class=\"bg fill bg-fill \"><\/div>\n                        <div class=\"overlay\"><\/div>            \n                    <\/div>\n\t\t\n        <div class=\"banner-layers container\">\n            <div class=\"fill banner-link\"><\/div>            \n   <div id=\"text-box-41424988\" class=\"text-box banner-layer x5 md-x5 lg-x5 y50 md-y50 lg-y50 res-text\">\n                                <div class=\"text-box-content text dark\">\n              \n              <div class=\"text-inner text-left\">\n                  \n\t<div id=\"text-1834759419\" class=\"text\">\n\t\t\n<h2> De l&rsquo;impossible \u00e0 la nouvelle adresse<\/h2>\n\t\t\n<style>\n#text-1834759419 {\n  font-size: 0.75rem;\n  text-align: center;\n}\n@media (min-width:550px) {\n  #text-1834759419 {\n    font-size: 1.45rem;\n  }\n}\n<\/style>\n\t<\/div>\n\t\n              <\/div>\n           <\/div>\n                            \n<style>\n#text-box-41424988 {\n  width: 94%;\n}\n#text-box-41424988 .text-box-content {\n  font-size: 100%;\n}\n@media (min-width:550px) {\n  #text-box-41424988 {\n    width: 92%;\n  }\n}\n<\/style>\n    <\/div>\n \n        <\/div>\n      <\/div>\n\n            \n<style>\n#banner-1155419457 {\n  padding-top: 99.99%;\n}\n#banner-1155419457 .bg.bg-loaded {\n  background-image: url(https:\/\/europackers.pt\/wp-content\/uploads\/2021\/08\/pexels-karolina-grabowska-4498139-1024x683.jpg);\n}\n#banner-1155419457 .overlay {\n  background-color: rgba(0, 0, 0, 0.134);\n}\n@media (min-width:550px) {\n  #banner-1155419457 {\n    padding-top: 590px;\n  }\n}\n<\/style>\n  <\/div>\n\n\n\t<section class=\"section\" id=\"section_550453161\">\n\t\t<div class=\"bg section-bg fill bg-fill  bg-loaded\" >\n\n\t\t\t\n\t\t\t\n\t\t\t\n\n\t\t<\/div>\n\n\t\t\n\n\t\t<div class=\"section-content relative\">\n\t\t\t\n<div class=\"row\"  id=\"row-222846168\">\n\n\t<div id=\"col-447589498\" class=\"col small-12 large-12\"  >\n\t\t\t\t<div class=\"col-inner text-center\"  >\n\t\t\t\n\t\t\t\n\t<div id=\"text-3220993863\" class=\"text\">\n\t\t\n<p>Europackers est une entreprise sp\u00e9cialis\u00e9e dans le d\u00e9m\u00e9nagement de biens personnels, pr\u00e9sente sur le march\u00e9 depuis 2017.<\/p>\n<p>Nous offrons un service porte-\u00e0-porte, quitte \u00e0 traverser le monde.<\/p>\n<p>Nous r\u00e9alisons des d\u00e9m\u00e9nagements nationaux, intra-europ\u00e9ens et internationaux, avec un accent particulier sur les d\u00e9m\u00e9nagements Europe-Br\u00e9sil, o\u00f9 nous assurons un service diff\u00e9renciant, adapt\u00e9 \u00e0 chaque processus.<\/p>\n<p>Du client, nous n&rsquo;avons besoin que d&rsquo;une chose: l&rsquo;adresse de destination.<\/p>\n<p>Entre le d\u00e9part et l&rsquo;arriv\u00e9e :<\/p>\n<ul>\n<li>\n<p>nous pr\u00e9parons toute la documentation n\u00e9cessaire, dans le strict respect des lois<br \/>coutumes de chaque pays<\/p>\n<\/li>\n<li>\n<p>nous offrons une assurance couvrant l&rsquo;ensemble du processus de d\u00e9m\u00e9nagement<\/p>\n<\/li>\n<li>\n<p>nous assurons le stockage temporaire des marchandises, chaque fois que n\u00e9cessaire<\/p>\n<\/li>\n<li>\n<p>nous fournissons le service de suivi, impliquant le client \u00e0 chaque \u00e9tape de leur<br \/>monnaie<\/p>\n<\/li>\n<\/ul>\n<p>D&rsquo;un simple carton au remplissage complet d&rsquo;un bien, notre d\u00e9vouement est toujours le m\u00eame car notre objectif est inalt\u00e9rable : la satisfaction de nos clients.<\/p>\n\t\t\n<style>\n#text-3220993863 {\n  text-align: left;\n}\n<\/style>\n\t<\/div>\n\t\n\t<div id=\"gap-1471091643\" class=\"gap-element clearfix\" style=\"display:block; height:auto;\">\n\t\t\n<style>\n#gap-1471091643 {\n  padding-top: 30px;\n}\n<\/style>\n\t<\/div>\n\t\n\t<div id=\"text-3885130438\" class=\"text\">\n\t\t\n<h3><span style=\"font-size: 100%;\"> Rien ne change, si rien ne change. Demandez votre devis maintenant! <\/span><\/h3>\n\t\t\n<style>\n#text-3885130438 {\n  font-size: 1.5rem;\n  text-align: center;\n}\n<\/style>\n\t<\/div>\n\t\n\t<div id=\"gap-13567267\" class=\"gap-element clearfix\" style=\"display:block; height:auto;\">\n\t\t\n<style>\n#gap-13567267 {\n  padding-top: 30px;\n}\n<\/style>\n\t<\/div>\n\t\n<h4 data-line-height=\"m\"><span style=\"font-size: 120%;\">Demandez un devis<\/span><\/h4>\n\t<div id=\"gap-1100425527\" class=\"gap-element clearfix\" style=\"display:block; height:auto;\">\n\t\t\n<style>\n#gap-1100425527 {\n  padding-top: 30px;\n}\n<\/style>\n\t<\/div>\n\t\n<a href=\"mailto:info@europackers.pt?subject=Demande%20de%20devis&#038;body=Pour%20un%20devis%20personnalis%C3%A9%2C%20merci%20pour%20renseigner%20les%20informations%20suivantes%3A%0D%0A%0D%0ANom%3A%0D%0AT%C3%A9l%C3%A9phone%3A%0D%0AAdresse%20de%20collecte%3A%0D%0AAdresse%20de%20livraison%3A%0D%0ABr%C3%A8ve%20description%20des%20biens%20%C3%A0%20transporter%3A%0D%0ADate%20pr%C3%A9vue%20du%20d%C3%A9m%C3%A9nagement%3A%0D%0A\" class=\"button secondary is-large lowercase\"  >\n  <i class=\"icon-envelop\" aria-hidden=\"true\" ><\/i>  <span>Email<\/span>\n  <\/a>\n\n<a href=\"https:\/\/wa.me\/351919105554\" target=\"_blank\" class=\"button secondary is-large lowercase\" rel=\"noopener\"  >\n  <i class=\"icon-phone\" aria-hidden=\"true\" ><\/i>  <span>Whatsapp<\/span>\n  <\/a>\n\n\t\t<\/div>\n\t\t\t\t\n<style>\n#col-447589498 > .col-inner {\n  padding: 30px 0px 0px 0px;\n}\n<\/style>\n\t<\/div>\n\n\t\n\n<style>\n#row-222846168 > .col > .col-inner {\n  padding: 60px 0px 0px 0px;\n}\n<\/style>\n<\/div>\n\t\t<\/div>\n\n\t\t\n<style>\n#section_550453161 {\n  padding-top: 30px;\n  padding-bottom: 30px;\n  background-color: rgb(255,255,255);\n}\n<\/style>\n\t<\/section>\n\t\n","protected":false},"excerpt":{"rendered":"","protected":false},"author":1,"featured_media":0,"parent":0,"menu_order":0,"comment_status":"closed","ping_status":"closed","template":"page-blank.php","meta":{"footnotes":""},"yoast_head":"<!-- This site is optimized with the Yoast SEO plugin v21.5 - https:\/\/yoast.com\/wordpress\/plugins\/seo\/ -->\n<title>A propos<\/title>\n<meta name=\"description\" content=\"D\u00e9m\u00e9nagements de biens personnels en porte-\u00e0-porte, dans le monde entier\" \/>\n<meta name=\"robots\" content=\"index, follow, max-snippet:-1, max-image-preview:large, max-video-preview:-1\" \/>\n<link rel=\"canonical\" href=\"https:\/\/europackers.pt\/fr\/a-propos\/\" \/>\n<meta property=\"og:locale\" content=\"fr_FR\" \/>\n<meta property=\"og:type\" content=\"article\" \/>\n<meta property=\"og:title\" content=\"A propos\" \/>\n<meta property=\"og:description\" content=\"D\u00e9m\u00e9nagements de biens personnels en porte-\u00e0-porte, dans le monde entier\" \/>\n<meta property=\"og:url\" content=\"https:\/\/europackers.pt\/fr\/a-propos\/\" \/>\n<meta property=\"og:site_name\" content=\"Europackers\" \/>\n<meta property=\"article:publisher\" content=\"https:\/\/www.facebook.com\/europackers\" \/>\n<meta property=\"article:modified_time\" content=\"2022-11-06T15:57:36+00:00\" \/>\n<meta property=\"og:image\" content=\"https:\/\/europackers.pt\/wp-content\/uploads\/2021\/08\/shareimage.jpg\" \/>\n\t<meta property=\"og:image:width\" content=\"1200\" \/>\n\t<meta property=\"og:image:height\" content=\"630\" \/>\n\t<meta property=\"og:image:type\" content=\"image\/jpeg\" \/>\n<meta name=\"twitter:card\" content=\"summary_large_image\" \/>\n<meta name=\"twitter:label1\" content=\"Dur\u00e9e de lecture estim\u00e9e\" \/>\n\t<meta name=\"twitter:data1\" content=\"2 minutes\" \/>\n<script type=\"application\/ld+json\" class=\"yoast-schema-graph\">{\"@context\":\"https:\/\/schema.org\",\"@graph\":[{\"@type\":\"WebPage\",\"@id\":\"https:\/\/europackers.pt\/fr\/a-propos\/\",\"url\":\"https:\/\/europackers.pt\/fr\/a-propos\/\",\"name\":\"A propos\",\"isPartOf\":{\"@id\":\"https:\/\/europackers.pt\/fr\/#website\"},\"datePublished\":\"2021-08-08T14:49:25+00:00\",\"dateModified\":\"2022-11-06T15:57:36+00:00\",\"description\":\"D\u00e9m\u00e9nagements de biens personnels en porte-\u00e0-porte, dans le monde entier\",\"breadcrumb\":{\"@id\":\"https:\/\/europackers.pt\/fr\/a-propos\/#breadcrumb\"},\"inLanguage\":\"fr-FR\",\"potentialAction\":[{\"@type\":\"ReadAction\",\"target\":[\"https:\/\/europackers.pt\/fr\/a-propos\/\"]}]},{\"@type\":\"BreadcrumbList\",\"@id\":\"https:\/\/europackers.pt\/fr\/a-propos\/#breadcrumb\",\"itemListElement\":[{\"@type\":\"ListItem\",\"position\":1,\"name\":\"In\u00edcio\",\"item\":\"https:\/\/europackers.pt\/fr\/homepage\/\"},{\"@type\":\"ListItem\",\"position\":2,\"name\":\"A propos\"}]},{\"@type\":\"WebSite\",\"@id\":\"https:\/\/europackers.pt\/fr\/#website\",\"url\":\"https:\/\/europackers.pt\/fr\/\",\"name\":\"Europackers\",\"description\":\"Transportes e Mudan\u00e7as\",\"publisher\":{\"@id\":\"https:\/\/europackers.pt\/fr\/#organization\"},\"potentialAction\":[{\"@type\":\"SearchAction\",\"target\":{\"@type\":\"EntryPoint\",\"urlTemplate\":\"https:\/\/europackers.pt\/fr\/?s={search_term_string}\"},\"query-input\":\"required name=search_term_string\"}],\"inLanguage\":\"fr-FR\"},{\"@type\":\"Organization\",\"@id\":\"https:\/\/europackers.pt\/fr\/#organization\",\"name\":\"Europackers\",\"url\":\"https:\/\/europackers.pt\/fr\/\",\"logo\":{\"@type\":\"ImageObject\",\"inLanguage\":\"fr-FR\",\"@id\":\"https:\/\/europackers.pt\/fr\/#\/schema\/logo\/image\/\",\"url\":\"https:\/\/europackers.pt\/wp-content\/uploads\/2021\/08\/image.png\",\"contentUrl\":\"https:\/\/europackers.pt\/wp-content\/uploads\/2021\/08\/image.png\",\"width\":1656,\"height\":819,\"caption\":\"Europackers\"},\"image\":{\"@id\":\"https:\/\/europackers.pt\/fr\/#\/schema\/logo\/image\/\"},\"sameAs\":[\"https:\/\/www.facebook.com\/europackers\"]}]}<\/script>\n<!-- \/ Yoast SEO plugin. -->","yoast_head_json":{"title":"A propos","description":"D\u00e9m\u00e9nagements de biens personnels en porte-\u00e0-porte, dans le monde entier","robots":{"index":"index","follow":"follow","max-snippet":"max-snippet:-1","max-image-preview":"max-image-preview:large","max-video-preview":"max-video-preview:-1"},"canonical":"https:\/\/europackers.pt\/fr\/a-propos\/","og_locale":"fr_FR","og_type":"article","og_title":"A propos","og_description":"D\u00e9m\u00e9nagements de biens personnels en porte-\u00e0-porte, dans le monde entier","og_url":"https:\/\/europackers.pt\/fr\/a-propos\/","og_site_name":"Europackers","article_publisher":"https:\/\/www.facebook.com\/europackers","article_modified_time":"2022-11-06T15:57:36+00:00","og_image":[{"width":1200,"height":630,"url":"https:\/\/europackers.pt\/wp-content\/uploads\/2021\/08\/shareimage.jpg","type":"image\/jpeg"}],"twitter_card":"summary_large_image","twitter_misc":{"Dur\u00e9e de lecture estim\u00e9e":"2 minutes"},"schema":{"@context":"https:\/\/schema.org","@graph":[{"@type":"WebPage","@id":"https:\/\/europackers.pt\/fr\/a-propos\/","url":"https:\/\/europackers.pt\/fr\/a-propos\/","name":"A propos","isPartOf":{"@id":"https:\/\/europackers.pt\/fr\/#website"},"datePublished":"2021-08-08T14:49:25+00:00","dateModified":"2022-11-06T15:57:36+00:00","description":"D\u00e9m\u00e9nagements de biens personnels en porte-\u00e0-porte, dans le monde entier","breadcrumb":{"@id":"https:\/\/europackers.pt\/fr\/a-propos\/#breadcrumb"},"inLanguage":"fr-FR","potentialAction":[{"@type":"ReadAction","target":["https:\/\/europackers.pt\/fr\/a-propos\/"]}]},{"@type":"BreadcrumbList","@id":"https:\/\/europackers.pt\/fr\/a-propos\/#breadcrumb","itemListElement":[{"@type":"ListItem","position":1,"name":"In\u00edcio","item":"https:\/\/europackers.pt\/fr\/homepage\/"},{"@type":"ListItem","position":2,"name":"A propos"}]},{"@type":"WebSite","@id":"https:\/\/europackers.pt\/fr\/#website","url":"https:\/\/europackers.pt\/fr\/","name":"Europackers","description":"Transportes e Mudan\u00e7as","publisher":{"@id":"https:\/\/europackers.pt\/fr\/#organization"},"potentialAction":[{"@type":"SearchAction","target":{"@type":"EntryPoint","urlTemplate":"https:\/\/europackers.pt\/fr\/?s={search_term_string}"},"query-input":"required name=search_term_string"}],"inLanguage":"fr-FR"},{"@type":"Organization","@id":"https:\/\/europackers.pt\/fr\/#organization","name":"Europackers","url":"https:\/\/europackers.pt\/fr\/","logo":{"@type":"ImageObject","inLanguage":"fr-FR","@id":"https:\/\/europackers.pt\/fr\/#\/schema\/logo\/image\/","url":"https:\/\/europackers.pt\/wp-content\/uploads\/2021\/08\/image.png","contentUrl":"https:\/\/europackers.pt\/wp-content\/uploads\/2021\/08\/image.png","width":1656,"height":819,"caption":"Europackers"},"image":{"@id":"https:\/\/europackers.pt\/fr\/#\/schema\/logo\/image\/"},"sameAs":["https:\/\/www.facebook.com\/europackers"]}]}},"_links":{"self":[{"href":"https:\/\/europackers.pt\/fr\/wp-json\/wp\/v2\/pages\/852"}],"collection":[{"href":"https:\/\/europackers.pt\/fr\/wp-json\/wp\/v2\/pages"}],"about":[{"href":"https:\/\/europackers.pt\/fr\/wp-json\/wp\/v2\/types\/page"}],"author":[{"embeddable":true,"href":"https:\/\/europackers.pt\/fr\/wp-json\/wp\/v2\/users\/1"}],"replies":[{"embeddable":true,"href":"https:\/\/europackers.pt\/fr\/wp-json\/wp\/v2\/comments?post=852"}],"version-history":[{"count":3,"href":"https:\/\/europackers.pt\/fr\/wp-json\/wp\/v2\/pages\/852\/revisions"}],"predecessor-version":[{"id":1563,"href":"https:\/\/europackers.pt\/fr\/wp-json\/wp\/v2\/pages\/852\/revisions\/1563"}],"wp:attachment":[{"href":"https:\/\/europackers.pt\/fr\/wp-json\/wp\/v2\/media?parent=852"}],"curies":[{"name":"wp","href":"https:\/\/api.w.org\/{rel}","templated":true}]}}