{"id":849,"date":"2021-08-07T19:50:07","date_gmt":"2021-08-07T19:50:07","guid":{"rendered":"https:\/\/europackers.pt\/politica-de-privacidade\/"},"modified":"2025-11-26T11:57:33","modified_gmt":"2025-11-26T11:57:33","slug":"politique-de-confidentialite","status":"publish","type":"page","link":"https:\/\/europackers.pt\/fr\/politique-de-confidentialite\/","title":{"rendered":"Politique de confidentialit\u00e9"},"content":{"rendered":"<h2>Politique de confidentialit\u00e9<\/h2>\n<p>&nbsp;<\/p>\n<p>Cette politique de confidentialit\u00e9 explique comment nous collectons, utilisons et traitons vos donn\u00e9es personnelles et comment, ce faisant, nous nous conformons \u00e0 nos obligations l\u00e9gales \u00e0 votre \u00e9gard. Votre vie priv\u00e9e est importante pour nous et nous nous engageons \u00e0 prot\u00e9ger et <span class=\"Apple-converted-space\">\u00a0 <\/span>\u00e0 sauvegarder vos donn\u00e9es personnelles.<span class=\"Apple-converted-space\">\u00a0 \u00a0<\/span><\/p>\n<h2>A. Qui collecte vos donn\u00e9es et qui est l\u2019entit\u00e9 responsable de leur traitement<\/h2>\n<p>Le traitement des donn\u00e9es personnelles collect\u00e9es par Europackers, ou qui lui sont fournies, rel\u00e8ve de la responsabilit\u00e9 de la soci\u00e9t\u00e9 EUROPACKERS &#8211; TRANSPORTES E MUDAN\u00c7AS, Lda (ci-apr\u00e8s d\u00e9nomm\u00e9e \u00ab\u00a0Europackers\u00a0\u00bb ou \u00ab\u00a0nous\u00a0\u00bb), dont les coordonn\u00e9es figurent ci-dessous dans cette politique de confidentialit\u00e9.<\/p>\n<p>Europackers a nomm\u00e9 un d\u00e9l\u00e9gu\u00e9 \u00e0 la protection des donn\u00e9es qui peut \u00eatre contact\u00e9 via l&rsquo;adresse e-mail info@europackers.pt ou par lettre recommand\u00e9e avec accus\u00e9 de r\u00e9ception \u00e0 Travessa de Jo\u00e3o Veiga Anjos 233, 4470-440 Maia, Portugal.<\/p>\n<h2>B. Quelles donn\u00e9es collectons-nous et dans quel but?<\/h2>\n<p><b>Donn\u00e9es personelles<\/b><\/p>\n<p><b><span class=\"Apple-converted-space\">\u00a0<\/span><\/b><\/p>\n<p>Les donn\u00e9es personnelles collect\u00e9es sont des donn\u00e9es que vous fournissez volontairement (ou en r\u00e9ponse \u00e0 une demande de notre part) dans le cadre d&rsquo;une demande de devis pour l&rsquo;un des services fournis par Europackers, pour contacter Europackers ou pour nous donner votre avis sur le niveau de satisfaction ou insatisfaction \u00e0 l&rsquo;\u00e9gard des services fournis.<\/p>\n<p>Les donn\u00e9es personnelles ainsi collect\u00e9es comprennent :<\/p>\n<ul>\n<li>Vos coordonn\u00e9es : nom, pr\u00e9nom, adresse, num\u00e9ro de t\u00e9l\u00e9phone, email ;<\/li>\n<li>Le cas \u00e9ch\u00e9ant, dans le cas d&rsquo;une demande de devis pour une prestation de d\u00e9m\u00e9nagement, de stockage et\/ou de transport, des donn\u00e9es sp\u00e9cifiques li\u00e9es \u00e0 la prestation.<\/li>\n<\/ul>\n<p>Il n&rsquo;est pas obligatoire de fournir \u00e0 Europackers les donn\u00e9es personnelles qui peuvent \u00eatre demand\u00e9es (et \u00e0 ce titre peut exercer votre droit d&rsquo;opposition \u00e0 tout moment), mais si vous choisissez de ne pas le faire, nous pourrions ne pas \u00eatre en mesure de vous fournir nos services, soumettre un devis ou r\u00e9pondre \u00e0 toute question que vous pourriez avoir.<\/p>\n<h2>Cookies<\/h2>\n<p>Europackers peut \u00e9galement collecter automatiquement des informations via l&rsquo;utilisation de cookies, sous r\u00e9serve de votre consentement. Les cookies sont de petites quantit\u00e9s d&rsquo;informations stock\u00e9es par le navigateur sur l&rsquo;appareil via lequel vous acc\u00e9dez \u00e0 notre site Web. Les cookies peuvent \u00eatre permanents ou temporaires et sont utilis\u00e9s pour :<\/p>\n<ul>\n<li>Assurer le bon fonctionnement du site Internet, activer tous les services, demander un devis, s&rsquo;abonner aux mises \u00e0 jour et newsletters, acc\u00e9der au portail de suivi ;<\/li>\n<li>Optimiser la navigation sur le site, notamment par la production de statistiques de navigation telles que le nombre de visiteurs, les pages les plus visit\u00e9es, le temps de connexion, les pages \u00e0 partir desquelles vous avez acc\u00e9d\u00e9 au site, les moteurs de recherche utilis\u00e9s et la situation g\u00e9ographique d&rsquo;o\u00f9 vous acc\u00e9dez le site.<\/li>\n<\/ul>\n<p>Vous pouvez modifier les param\u00e8tres de votre navigateur pour accepter ou refuser les cookies, et bloquer ou supprimer les cookies d\u00e9j\u00e0 d\u00e9pos\u00e9s. Si vous refusez les cookies, vous ne pourrez peut-\u00eatre pas acc\u00e9der \u00e0 diverses fonctionnalit\u00e9s du site Web.<\/p>\n<p>Europackers d\u00e9cline toute responsabilit\u00e9 pour les cons\u00e9quences li\u00e9es \u00e0 la mauvaise performance du site Internet r\u00e9sultant du refus des cookies.<\/p>\n<h2>C. Finalit\u00e9s et motifs du traitement de vos donn\u00e9es personnelles<\/h2>\n<p>Vos donn\u00e9es personnelles sont trait\u00e9es par Europackers pour les finalit\u00e9s de son activit\u00e9, \u00e0 savoir :<\/p>\n<ul>\n<li>Traiter les demandes de devis des utilisateurs, leur envoyer des devis, contacter les utilisateurs apr\u00e8s l&rsquo;\u00e9tablissement des devis ou pour pr\u00e9parer un devis sp\u00e9cifique ;<\/li>\n<li>Contacter les utilisateurs qui ont demand\u00e9 un contact via le site Web ;<\/li>\n<li>R\u00e9pondre aux avis et commentaires laiss\u00e9s par les utilisateurs ;<\/li>\n<li>R\u00e9pondre aux questions et r\u00e9clamations des utilisateurs et fournir un support client ;<\/li>\n<li>Cr\u00e9er et g\u00e9rer les comptes personnels des clients : les donn\u00e9es personnelles seront utilis\u00e9es pour identifier le client et lui donner acc\u00e8s \u00e0 certaines fonctionnalit\u00e9s du site, \u00e0 savoir le service de suivi ;<\/li>\n<li>R\u00e9aliser des op\u00e9rations li\u00e9es au marketing, telles que des offres commerciales, des promotions, des mises \u00e0 jour et des newsletters ;<\/li>\n<li>Produire des enqu\u00eates de satisfaction ;<\/li>\n<li>Tester et am\u00e9liorer le site Web et les services\u00a0;<\/li>\n<li>G\u00e9rer les demandes de droits d&rsquo;acc\u00e8s, de rectification ou de suppression, les objections, les restrictions de traitement et la portabilit\u00e9 des donn\u00e9es personnelles des utilisateurs.<\/li>\n<\/ul>\n<h2>D. Avec qui vos donn\u00e9es personnelles seront partag\u00e9es<\/h2>\n<p>En plus du partage interne de vos donn\u00e9es (pour les raisons \u00e9nonc\u00e9es au point C de la pr\u00e9sente politique de confidentialit\u00e9), elles peuvent \u00e9galement \u00eatre partag\u00e9es avec des prestataires de services externes qui exercent des fonctions pour le compte d&rsquo;Europackers.<\/p>\n<p>En vertu de la l\u00e9gislation en vigueur, Europackers est tenu de communiquer les donn\u00e9es \u00e0 l&rsquo;administration fiscale, \u00e0 la s\u00e9curit\u00e9 sociale, \u00e0 l&rsquo;Autorit\u00e9 des conditions de travail et, sur d\u00e9cision de justice, aux autorit\u00e9s judiciaires.<\/p>\n<h2>E. La s\u00e9curit\u00e9 de vos donn\u00e9es personnelles<\/h2>\n<p>Europackers prend toutes les mesures possibles pour assurer la confidentialit\u00e9 et la s\u00e9curit\u00e9 de vos donn\u00e9es personnelles, en prenant tous les efforts et les mesures de s\u00e9curit\u00e9 pour les prot\u00e9ger contre les abus, les interf\u00e9rences, les pertes, les acc\u00e8s non autoris\u00e9s, les modifications ou les divulgations.<\/p>\n<p>Nos mesures incluent la mise en \u0153uvre de contr\u00f4les d&rsquo;acc\u00e8s appropri\u00e9s pour garantir le cryptage et l&rsquo;anonymat des donn\u00e9es personnelles dans la mesure du possible.<\/p>\n<p>L&rsquo;acc\u00e8s \u00e0 vos donn\u00e9es personnelles n&rsquo;est autoris\u00e9 que dans les conditions d\u00e9crites ci-dessus, toujours en fonction du besoin effectif de votre connaissance, et sous r\u00e9serve de strictes obligations contractuelles de confidentialit\u00e9 lorsqu&rsquo;elles sont trait\u00e9es par des tiers.<\/p>\n<p>Bien que la transmission de donn\u00e9es via Internet ou le site Web ne puisse garantir une s\u00e9curit\u00e9 totale contre les intrusions, Europackers et ses prestataires de services mettent tout en \u0153uvre pour mettre en \u0153uvre et maintenir des mesures de s\u00e9curit\u00e9 physiques, \u00e9lectroniques et proc\u00e9durales visant \u00e0 prot\u00e9ger vos donn\u00e9es personnelles conform\u00e9ment aux exigences applicables en mati\u00e8re de protection des donn\u00e9es.<\/p>\n<h2>F. Dur\u00e9e de conservation de vos donn\u00e9es personnelles<\/h2>\n<p>Vos donn\u00e9es personnelles ne sont conserv\u00e9es que le temps strictement n\u00e9cessaire \u00e0 la r\u00e9alisation de la finalit\u00e9 pour laquelle elles ont \u00e9t\u00e9 collect\u00e9es et trait\u00e9es.<\/p>\n<p>Toutes les donn\u00e9es personnelles vous concernant qui sont utilis\u00e9es \u00e0 des fins de marketing sont conserv\u00e9es pendant une dur\u00e9e de trois (3) ans \u00e0 compter de leur collecte sur le site.<\/p>\n<p>Toutes les donn\u00e9es personnelles collect\u00e9es aupr\u00e8s de vous \u00e0 l&rsquo;aide de cookies sont conserv\u00e9es pendant une dur\u00e9e de treize (13) mois \u00e0 compter de leur collecte sur le site.<\/p>\n<p>A l&rsquo;expiration des d\u00e9lais n\u00e9cessaires \u00e0 la r\u00e9alisation des finalit\u00e9s de ce traitement, Europackers s&rsquo;engage \u00e0 d\u00e9truire vos donn\u00e9es personnelles ou \u00e0 les rendre anonymes.<\/p>\n<h2>G. Quels sont vos droits ?<\/h2>\n<p>En tant que propri\u00e9taire de vos donn\u00e9es personnelles, vous disposez d&rsquo;un ensemble de droits concernant celles-ci et la mani\u00e8re dont elles sont trait\u00e9es, comme suit\u00a0:<\/p>\n<ol>\n<li style=\"list-style-type: none;\">\n<ul>\n<li>Droit d&rsquo;opposition \u2013 c&rsquo;est-\u00e0-dire le droit de s&rsquo;opposer \u00e0 tout moment, pour des raisons li\u00e9es \u00e0 votre situation particuli\u00e8re, au traitement des donn\u00e9es personnelles vous concernant, aux termes du RGPD ;<\/li>\n<li>Droit \u00e0 l&rsquo;information \u2013 c&rsquo;est-\u00e0-dire le droit de recevoir des informations concises, transparentes, compr\u00e9hensibles et facilement accessibles, en utilisant un langage clair et simple, sur la fa\u00e7on dont nous utilisons vos donn\u00e9es personnelles et sur vos droits\u00a0;<\/li>\n<li>Droit d&rsquo;acc\u00e8s \u2013 c&rsquo;est-\u00e0-dire le droit d&rsquo;acc\u00e9der \u00e0 vos donn\u00e9es personnelles \u00e0 tout moment ;<\/li>\n<li>Droit de rectification \u2013 c&rsquo;est-\u00e0-dire le droit de rectifier des donn\u00e9es personnelles inexactes vous concernant, ou de les compl\u00e9ter si elles s&rsquo;av\u00e8rent incompl\u00e8tes ;<\/li>\n<li>Droit de limitation \u2013 sous certaines conditions, la personne concern\u00e9e a le droit de limiter le traitement de ses donn\u00e9es personnelles ;<\/li>\n<li>Droit \u00e0 l&rsquo;effacement \u2013 \u200b\u200bsous certaines conditions, la personne concern\u00e9e a le droit d&rsquo;obtenir du responsable du traitement l&rsquo;effacement de ses donn\u00e9es personnelles, sans d\u00e9lai justifi\u00e9 ;<\/li>\n<li>Droit \u00e0 la portabilit\u00e9 de vos donn\u00e9es personnelles &#8211; c&rsquo;est-\u00e0-dire le droit de recevoir les donn\u00e9es personnelles qui vous concernent et que vous avez fournies, dans un format structur\u00e9, couramment utilis\u00e9 et lu automatiquement, ainsi que le droit de transmettre ces donn\u00e9es \u00e0 un autre responsable du traitement, sous certaines conditions\u00a0;<\/li>\n<li>Droit de se plaindre aupr\u00e8s de l&rsquo;autorit\u00e9 de contr\u00f4le de la mani\u00e8re dont nous traitons vos donn\u00e9es personnelles &#8211; qui sera la Commission nationale de protection des donn\u00e9es, dont l&rsquo;adresse est Rua de S\u00e3o Bento, n.\u00ba 148 \u2013 3.\u00ba, 1200-821 Lisboa, Portugal, t\u00e9l\u00e9phone + 351 213928400, fax +351 213976832 et email geral@cnpd.pt ;<\/li>\n<li>Droit de retirer votre consentement \u2013 \u200b\u200bdans ce cas, le retrait du consentement ne compromet pas la lic\u00e9it\u00e9 du traitement effectu\u00e9 sur la base du consentement pr\u00e9alablement donn\u00e9 ;<\/li>\n<li>Droit de ne pas \u00eatre soumis \u00e0 des d\u00e9cisions fond\u00e9es uniquement sur des processus automatis\u00e9s qui produisent des effets juridiques ou d&rsquo;autres effets significatifs.<\/li>\n<\/ul>\n<\/li>\n<\/ol>\n<p>Les droits susmentionn\u00e9s peuvent \u00eatre exerc\u00e9s \u00e0 tout moment par des moyens de communication adress\u00e9s \u00e0 EUROPACKERS &#8211; TRANSPORTES E MUDAN\u00c7AS, Lda pour les contacts indiqu\u00e9s dans la pr\u00e9sente politique de confidentialit\u00e9.<\/p>\n<p>Vos demandes seront trait\u00e9es avec un soin particulier afin que nous puissions assurer l&rsquo;effectivit\u00e9 de vos droits.<\/p>\n","protected":false},"excerpt":{"rendered":"<p>Politique de confidentialit\u00e9 &nbsp; Cette politique de confidentialit\u00e9 explique comment nous collectons, utilisons et traitons vos donn\u00e9es personnelles et comment, ce faisant, nous nous conformons \u00e0 nos obligations l\u00e9gales \u00e0 votre \u00e9gard. Votre vie priv\u00e9e est importante pour nous et nous nous engageons \u00e0 prot\u00e9ger et \u00a0 \u00e0 sauvegarder vos donn\u00e9es personnelles.\u00a0 \u00a0 A. Qui &#8230;<\/p>\n","protected":false},"author":1,"featured_media":0,"parent":0,"menu_order":0,"comment_status":"closed","ping_status":"closed","template":"","meta":{"footnotes":""},"yoast_head":"<!-- This site is optimized with the Yoast SEO plugin v21.5 - https:\/\/yoast.com\/wordpress\/plugins\/seo\/ -->\n<title>Politique de confidentialit\u00e9 &#8226; Europackers<\/title>\n<meta name=\"robots\" content=\"index, follow, max-snippet:-1, max-image-preview:large, max-video-preview:-1\" \/>\n<link rel=\"canonical\" href=\"https:\/\/europackers.pt\/fr\/politique-de-confidentialite\/\" \/>\n<meta property=\"og:locale\" content=\"fr_FR\" \/>\n<meta property=\"og:type\" content=\"article\" \/>\n<meta property=\"og:title\" content=\"Politique de confidentialit\u00e9 &#8226; Europackers\" \/>\n<meta property=\"og:description\" content=\"Politique de confidentialit\u00e9 &nbsp; Cette politique de confidentialit\u00e9 explique comment nous collectons, utilisons et traitons vos donn\u00e9es personnelles et comment, ce faisant, nous nous conformons \u00e0 nos obligations l\u00e9gales \u00e0 votre \u00e9gard. Votre vie priv\u00e9e est importante pour nous et nous nous engageons \u00e0 prot\u00e9ger et \u00a0 \u00e0 sauvegarder vos donn\u00e9es personnelles.\u00a0 \u00a0 A. Qui ...\" \/>\n<meta property=\"og:url\" content=\"https:\/\/europackers.pt\/fr\/politique-de-confidentialite\/\" \/>\n<meta property=\"og:site_name\" content=\"Europackers\" \/>\n<meta property=\"article:publisher\" content=\"https:\/\/www.facebook.com\/europackers\" \/>\n<meta property=\"article:modified_time\" content=\"2025-11-26T11:57:33+00:00\" \/>\n<meta property=\"og:image\" content=\"https:\/\/europackers.pt\/wp-content\/uploads\/2021\/08\/shareimage.jpg\" \/>\n\t<meta property=\"og:image:width\" content=\"1200\" \/>\n\t<meta property=\"og:image:height\" content=\"630\" \/>\n\t<meta property=\"og:image:type\" content=\"image\/jpeg\" \/>\n<meta name=\"twitter:card\" content=\"summary_large_image\" \/>\n<meta name=\"twitter:label1\" content=\"Dur\u00e9e de lecture estim\u00e9e\" \/>\n\t<meta name=\"twitter:data1\" content=\"8 minutes\" \/>\n<script type=\"application\/ld+json\" class=\"yoast-schema-graph\">{\"@context\":\"https:\/\/schema.org\",\"@graph\":[{\"@type\":\"WebPage\",\"@id\":\"https:\/\/europackers.pt\/fr\/politique-de-confidentialite\/\",\"url\":\"https:\/\/europackers.pt\/fr\/politique-de-confidentialite\/\",\"name\":\"Politique de confidentialit\u00e9 &#8226; Europackers\",\"isPartOf\":{\"@id\":\"https:\/\/europackers.pt\/fr\/#website\"},\"datePublished\":\"2021-08-07T19:50:07+00:00\",\"dateModified\":\"2025-11-26T11:57:33+00:00\",\"breadcrumb\":{\"@id\":\"https:\/\/europackers.pt\/fr\/politique-de-confidentialite\/#breadcrumb\"},\"inLanguage\":\"fr-FR\",\"potentialAction\":[{\"@type\":\"ReadAction\",\"target\":[\"https:\/\/europackers.pt\/fr\/politique-de-confidentialite\/\"]}]},{\"@type\":\"BreadcrumbList\",\"@id\":\"https:\/\/europackers.pt\/fr\/politique-de-confidentialite\/#breadcrumb\",\"itemListElement\":[{\"@type\":\"ListItem\",\"position\":1,\"name\":\"In\u00edcio\",\"item\":\"https:\/\/europackers.pt\/fr\/homepage\/\"},{\"@type\":\"ListItem\",\"position\":2,\"name\":\"Politique de confidentialit\u00e9\"}]},{\"@type\":\"WebSite\",\"@id\":\"https:\/\/europackers.pt\/fr\/#website\",\"url\":\"https:\/\/europackers.pt\/fr\/\",\"name\":\"Europackers\",\"description\":\"Transportes e Mudan\u00e7as\",\"publisher\":{\"@id\":\"https:\/\/europackers.pt\/fr\/#organization\"},\"potentialAction\":[{\"@type\":\"SearchAction\",\"target\":{\"@type\":\"EntryPoint\",\"urlTemplate\":\"https:\/\/europackers.pt\/fr\/?s={search_term_string}\"},\"query-input\":\"required name=search_term_string\"}],\"inLanguage\":\"fr-FR\"},{\"@type\":\"Organization\",\"@id\":\"https:\/\/europackers.pt\/fr\/#organization\",\"name\":\"Europackers\",\"url\":\"https:\/\/europackers.pt\/fr\/\",\"logo\":{\"@type\":\"ImageObject\",\"inLanguage\":\"fr-FR\",\"@id\":\"https:\/\/europackers.pt\/fr\/#\/schema\/logo\/image\/\",\"url\":\"https:\/\/europackers.pt\/wp-content\/uploads\/2021\/08\/image.png\",\"contentUrl\":\"https:\/\/europackers.pt\/wp-content\/uploads\/2021\/08\/image.png\",\"width\":1656,\"height\":819,\"caption\":\"Europackers\"},\"image\":{\"@id\":\"https:\/\/europackers.pt\/fr\/#\/schema\/logo\/image\/\"},\"sameAs\":[\"https:\/\/www.facebook.com\/europackers\"]}]}<\/script>\n<!-- \/ Yoast SEO plugin. -->","yoast_head_json":{"title":"Politique de confidentialit\u00e9 &#8226; Europackers","robots":{"index":"index","follow":"follow","max-snippet":"max-snippet:-1","max-image-preview":"max-image-preview:large","max-video-preview":"max-video-preview:-1"},"canonical":"https:\/\/europackers.pt\/fr\/politique-de-confidentialite\/","og_locale":"fr_FR","og_type":"article","og_title":"Politique de confidentialit\u00e9 &#8226; Europackers","og_description":"Politique de confidentialit\u00e9 &nbsp; Cette politique de confidentialit\u00e9 explique comment nous collectons, utilisons et traitons vos donn\u00e9es personnelles et comment, ce faisant, nous nous conformons \u00e0 nos obligations l\u00e9gales \u00e0 votre \u00e9gard. Votre vie priv\u00e9e est importante pour nous et nous nous engageons \u00e0 prot\u00e9ger et \u00a0 \u00e0 sauvegarder vos donn\u00e9es personnelles.\u00a0 \u00a0 A. Qui ...","og_url":"https:\/\/europackers.pt\/fr\/politique-de-confidentialite\/","og_site_name":"Europackers","article_publisher":"https:\/\/www.facebook.com\/europackers","article_modified_time":"2025-11-26T11:57:33+00:00","og_image":[{"width":1200,"height":630,"url":"https:\/\/europackers.pt\/wp-content\/uploads\/2021\/08\/shareimage.jpg","type":"image\/jpeg"}],"twitter_card":"summary_large_image","twitter_misc":{"Dur\u00e9e de lecture estim\u00e9e":"8 minutes"},"schema":{"@context":"https:\/\/schema.org","@graph":[{"@type":"WebPage","@id":"https:\/\/europackers.pt\/fr\/politique-de-confidentialite\/","url":"https:\/\/europackers.pt\/fr\/politique-de-confidentialite\/","name":"Politique de confidentialit\u00e9 &#8226; Europackers","isPartOf":{"@id":"https:\/\/europackers.pt\/fr\/#website"},"datePublished":"2021-08-07T19:50:07+00:00","dateModified":"2025-11-26T11:57:33+00:00","breadcrumb":{"@id":"https:\/\/europackers.pt\/fr\/politique-de-confidentialite\/#breadcrumb"},"inLanguage":"fr-FR","potentialAction":[{"@type":"ReadAction","target":["https:\/\/europackers.pt\/fr\/politique-de-confidentialite\/"]}]},{"@type":"BreadcrumbList","@id":"https:\/\/europackers.pt\/fr\/politique-de-confidentialite\/#breadcrumb","itemListElement":[{"@type":"ListItem","position":1,"name":"In\u00edcio","item":"https:\/\/europackers.pt\/fr\/homepage\/"},{"@type":"ListItem","position":2,"name":"Politique de confidentialit\u00e9"}]},{"@type":"WebSite","@id":"https:\/\/europackers.pt\/fr\/#website","url":"https:\/\/europackers.pt\/fr\/","name":"Europackers","description":"Transportes e Mudan\u00e7as","publisher":{"@id":"https:\/\/europackers.pt\/fr\/#organization"},"potentialAction":[{"@type":"SearchAction","target":{"@type":"EntryPoint","urlTemplate":"https:\/\/europackers.pt\/fr\/?s={search_term_string}"},"query-input":"required name=search_term_string"}],"inLanguage":"fr-FR"},{"@type":"Organization","@id":"https:\/\/europackers.pt\/fr\/#organization","name":"Europackers","url":"https:\/\/europackers.pt\/fr\/","logo":{"@type":"ImageObject","inLanguage":"fr-FR","@id":"https:\/\/europackers.pt\/fr\/#\/schema\/logo\/image\/","url":"https:\/\/europackers.pt\/wp-content\/uploads\/2021\/08\/image.png","contentUrl":"https:\/\/europackers.pt\/wp-content\/uploads\/2021\/08\/image.png","width":1656,"height":819,"caption":"Europackers"},"image":{"@id":"https:\/\/europackers.pt\/fr\/#\/schema\/logo\/image\/"},"sameAs":["https:\/\/www.facebook.com\/europackers"]}]}},"_links":{"self":[{"href":"https:\/\/europackers.pt\/fr\/wp-json\/wp\/v2\/pages\/849"}],"collection":[{"href":"https:\/\/europackers.pt\/fr\/wp-json\/wp\/v2\/pages"}],"about":[{"href":"https:\/\/europackers.pt\/fr\/wp-json\/wp\/v2\/types\/page"}],"author":[{"embeddable":true,"href":"https:\/\/europackers.pt\/fr\/wp-json\/wp\/v2\/users\/1"}],"replies":[{"embeddable":true,"href":"https:\/\/europackers.pt\/fr\/wp-json\/wp\/v2\/comments?post=849"}],"version-history":[{"count":4,"href":"https:\/\/europackers.pt\/fr\/wp-json\/wp\/v2\/pages\/849\/revisions"}],"predecessor-version":[{"id":1733,"href":"https:\/\/europackers.pt\/fr\/wp-json\/wp\/v2\/pages\/849\/revisions\/1733"}],"wp:attachment":[{"href":"https:\/\/europackers.pt\/fr\/wp-json\/wp\/v2\/media?parent=849"}],"curies":[{"name":"wp","href":"https:\/\/api.w.org\/{rel}","templated":true}]}}