{"id":831,"date":"2021-08-08T14:48:50","date_gmt":"2021-08-08T14:48:50","guid":{"rendered":"https:\/\/europackers.pt\/armazenagem\/"},"modified":"2022-11-06T15:56:19","modified_gmt":"2022-11-06T15:56:19","slug":"stockage","status":"publish","type":"page","link":"https:\/\/europackers.pt\/fr\/stockage\/","title":{"rendered":"Stockage"},"content":{"rendered":"\n  <div class=\"banner has-hover hide-for-small\" id=\"banner-1704526851\">\n          <div class=\"banner-inner fill\">\n        <div class=\"banner-bg fill\" >\n            <div class=\"bg fill bg-fill \"><\/div>\n                                    \n                    <\/div>\n\t\t\n        <div class=\"banner-layers container\">\n            <div class=\"fill banner-link\"><\/div>            \n   <div id=\"text-box-274961257\" class=\"text-box banner-layer x5 md-x5 lg-x5 y50 md-y50 lg-y50 res-text\">\n                                <div class=\"text-box-content text dark\">\n              \n              <div class=\"text-inner text-left\">\n                  \n\t<div id=\"text-1231938435\" class=\"text\">\n\t\t\n<h2><strong> Biens s\u00e9curis\u00e9s, <br \/>clients rassur\u00e9s<\/strong><\/h2>\n\t\t\n<style>\n#text-1231938435 {\n  font-size: 1.2rem;\n  text-align: center;\n}\n<\/style>\n\t<\/div>\n\t\n              <\/div>\n           <\/div>\n                            \n<style>\n#text-box-274961257 {\n  width: 60%;\n}\n#text-box-274961257 .text-box-content {\n  font-size: 100%;\n}\n@media (min-width:550px) {\n  #text-box-274961257 {\n    width: 92%;\n  }\n}\n<\/style>\n    <\/div>\n \n        <\/div>\n      <\/div>\n\n            \n<style>\n#banner-1704526851 {\n  padding-top: 700px;\n}\n#banner-1704526851 .bg.bg-loaded {\n  background-image: url(https:\/\/europackers.pt\/wp-content\/uploads\/2021\/08\/armazenagem.jpg);\n}\n#banner-1704526851 .bg {\n  background-position: 50% 50%;\n}\n<\/style>\n  <\/div>\n\n\n\n  <div class=\"banner has-hover show-for-small\" id=\"banner-431501072\">\n          <div class=\"banner-inner fill\">\n        <div class=\"banner-bg fill\" >\n            <div class=\"bg fill bg-fill \"><\/div>\n                        <div class=\"overlay\"><\/div>            \n                    <\/div>\n\t\t\n        <div class=\"banner-layers container\">\n            <div class=\"fill banner-link\"><\/div>            \n   <div id=\"text-box-514901624\" class=\"text-box banner-layer x50 md-x5 lg-x5 y50 md-y50 lg-y50 res-text\">\n                                <div class=\"text-box-content text dark\">\n              \n              <div class=\"text-inner text-left\">\n                  \n\t<div id=\"text-2935394612\" class=\"text\">\n\t\t\n<h2><strong> Biens s\u00e9curis\u00e9s, <br \/>clients rassur\u00e9s<\/strong><\/h2>\n\t\t\n<style>\n#text-2935394612 {\n  font-size: 0.75rem;\n  text-align: center;\n}\n@media (min-width:550px) {\n  #text-2935394612 {\n    font-size: 1.45rem;\n  }\n}\n<\/style>\n\t<\/div>\n\t\n              <\/div>\n           <\/div>\n                            \n<style>\n#text-box-514901624 {\n  width: 88%;\n}\n#text-box-514901624 .text-box-content {\n  font-size: 100%;\n}\n@media (min-width:550px) {\n  #text-box-514901624 {\n    width: 92%;\n  }\n}\n<\/style>\n    <\/div>\n \n        <\/div>\n      <\/div>\n\n            \n<style>\n#banner-431501072 {\n  padding-top: 99.99%;\n}\n#banner-431501072 .bg.bg-loaded {\n  background-image: url(https:\/\/europackers.pt\/wp-content\/uploads\/2021\/08\/joshua-coleman-ZVkDLrXGMdw-unsplash-1024x710.jpg);\n}\n#banner-431501072 .overlay {\n  background-color: rgba(0, 0, 0, 0.134);\n}\n#banner-431501072 .bg {\n  background-position: 50% 0%;\n}\n<\/style>\n  <\/div>\n\n\n\t<section class=\"section dark\" id=\"section_452375466\">\n\t\t<div class=\"bg section-bg fill bg-fill  bg-loaded\" >\n\n\t\t\t\n\t\t\t\n\t\t\t\n\n\t\t<\/div>\n\n\t\t\n\n\t\t<div class=\"section-content relative\">\n\t\t\t\n<div class=\"row\"  id=\"row-2073949811\">\n\n\t<div id=\"col-829429925\" class=\"col small-12 large-12\"  >\n\t\t\t\t<div class=\"col-inner text-center\"  >\n\t\t\t\n\t\t\t\n\t<div id=\"text-1407329271\" class=\"text\">\n\t\t\n<h4 data-line-height=\"m\">Nous avons un service de stockage <br \/>adapt\u00e9 \u00e0 vos besoins sp\u00e9cifiques :<\/h4>\n\t\t\n<style>\n#text-1407329271 {\n  font-size: 1.2rem;\n}\n@media (min-width:550px) {\n  #text-1407329271 {\n    font-size: 1.5rem;\n  }\n}\n<\/style>\n\t<\/div>\n\t\n\t\t<\/div>\n\t\t\t\t\t<\/div>\n\n\t\n<\/div>\n\t\t<\/div>\n\n\t\t\n<style>\n#section_452375466 {\n  padding-top: 60px;\n  padding-bottom: 60px;\n  background-color: #ec008c;\n}\n<\/style>\n\t<\/section>\n\t\n\t<section class=\"section has-mask mask-arrow\" id=\"section_149130896\">\n\t\t<div class=\"bg section-bg fill bg-fill  bg-loaded\" >\n\n\t\t\t\n\t\t\t\n\t\t\t\n\n\t\t<\/div>\n\n\t\t\n\n\t\t<div class=\"section-content relative\">\n\t\t\t\n<div class=\"row align-center\"  id=\"row-85978564\">\n\n\t<div id=\"col-740577113\" class=\"col medium-6 small-12 large-6\"  data-animate=\"bounceInUp\">\n\t\t\t\t<div class=\"col-inner\"  >\n\t\t\t\n\t\t\t\n\n\t\t<div class=\"icon-box featured-box icon-box-center text-center\"  >\n\t\t\t\t\t<div class=\"icon-box-img\" style=\"width: 150px\">\n\t\t\t\t<div class=\"icon\">\n\t\t\t\t\t<div class=\"icon-inner\" style=\"color:rgb(236, 0, 140);\">\n\t\t\t\t\t\t<img loading=\"lazy\" decoding=\"async\" width=\"512\" height=\"512\" src=\"https:\/\/europackers.pt\/wp-content\/uploads\/2021\/08\/import-1.svg\" class=\"attachment-medium size-medium\" alt=\"\" \/>\t\t\t\t\t<\/div>\n\t\t\t\t<\/div>\n\t\t\t<\/div>\n\t\t\t\t<div class=\"icon-box-text last-reset\">\n\t\t\t\t\t\t\t\t\t\n<h4><span data-text-color=\"secondary\" data-line-height=\"m\"> Stockage dans <br \/>plusieurs formats <\/span><\/h4>\n\t\t<\/div>\n\t<\/div>\n\t\n\t\n\t\t<\/div>\n\t\t\t\t\t<\/div>\n\n\t\n\n\t<div id=\"col-1136388238\" class=\"col medium-6 small-12 large-6\"  data-animate=\"bounceInUp\">\n\t\t\t\t<div class=\"col-inner\"  >\n\t\t\t\n\t\t\t\n\n\t\t<div class=\"icon-box featured-box icon-box-center text-center\"  >\n\t\t\t\t\t<div class=\"icon-box-img\" style=\"width: 150px\">\n\t\t\t\t<div class=\"icon\">\n\t\t\t\t\t<div class=\"icon-inner\" style=\"color:rgb(236, 0, 140);\">\n\t\t\t\t\t\t<img loading=\"lazy\" decoding=\"async\" width=\"512\" height=\"512\" src=\"https:\/\/europackers.pt\/wp-content\/uploads\/2021\/08\/fast-delivery-1.svg\" class=\"attachment-medium size-medium\" alt=\"\" \/>\t\t\t\t\t<\/div>\n\t\t\t\t<\/div>\n\t\t\t<\/div>\n\t\t\t\t<div class=\"icon-box-text last-reset\">\n\t\t\t\t\t\t\t\t\t\n<h4><span data-text-color=\"secondary\"> Localisation et dur\u00e9e <br \/>de stockage variables<\/span><\/h4>\n\t\t<\/div>\n\t<\/div>\n\t\n\t\n\t\t<\/div>\n\t\t\t\t\t<\/div>\n\n\t\n\n\t<div id=\"col-538992475\" class=\"col medium-6 small-12 large-6\"  data-animate=\"bounceInUp\">\n\t\t\t\t<div class=\"col-inner\"  >\n\t\t\t\n\t\t\t\n\n\t\t<div class=\"icon-box featured-box icon-box-center text-center\"  >\n\t\t\t\t\t<div class=\"icon-box-img\" style=\"width: 150px\">\n\t\t\t\t<div class=\"icon\">\n\t\t\t\t\t<div class=\"icon-inner\" style=\"color:rgb(236, 0, 140);\">\n\t\t\t\t\t\t<img loading=\"lazy\" decoding=\"async\" width=\"4677\" height=\"3160\" src=\"https:\/\/europackers.pt\/wp-content\/uploads\/2021\/08\/camera-1.svg\" class=\"attachment-medium size-medium\" alt=\"\" \/>\t\t\t\t\t<\/div>\n\t\t\t\t<\/div>\n\t\t\t<\/div>\n\t\t\t\t<div class=\"icon-box-text last-reset\">\n\t\t\t\t\t\t\t\t\t\n<h4><span data-text-color=\"secondary\"> Vid\u00e9osurveillance  <br \/>et alarme 24h\/24<\/span><\/h4>\n\t\t<\/div>\n\t<\/div>\n\t\n\t\n\t\t<\/div>\n\t\t\t\t\t<\/div>\n\n\t\n\n\t<div id=\"col-875187615\" class=\"col medium-6 small-12 large-6\"  data-animate=\"bounceInUp\">\n\t\t\t\t<div class=\"col-inner\"  >\n\t\t\t\n\t\t\t\n\n\t\t<div class=\"icon-box featured-box icon-box-center text-center\"  >\n\t\t\t\t\t<div class=\"icon-box-img\" style=\"width: 150px\">\n\t\t\t\t<div class=\"icon\">\n\t\t\t\t\t<div class=\"icon-inner\" style=\"color:rgb(236, 0, 140);\">\n\t\t\t\t\t\t<img loading=\"lazy\" decoding=\"async\" width=\"512\" height=\"512\" src=\"https:\/\/europackers.pt\/wp-content\/uploads\/2021\/08\/warehouse-1.svg\" class=\"attachment-medium size-medium\" alt=\"\" \/>\t\t\t\t\t<\/div>\n\t\t\t\t<\/div>\n\t\t\t<\/div>\n\t\t\t\t<div class=\"icon-box-text last-reset\">\n\t\t\t\t\t\t\t\t\t\n<h4><span data-text-color=\"secondary\"> Pr\u00e9servation de l&rsquo;int\u00e9grit\u00e9 <br \/>totale des marchandises stock\u00e9es <\/span><\/h4>\n\t\t<\/div>\n\t<\/div>\n\t\n\t\n\t\t<\/div>\n\t\t\t\t\t<\/div>\n\n\t\n\n\t<div id=\"col-819699235\" class=\"col small-12 large-12\"  >\n\t\t\t\t<div class=\"col-inner text-center\"  >\n\t\t\t\n\t\t\t\n\t<div id=\"gap-682754211\" class=\"gap-element clearfix\" style=\"display:block; height:auto;\">\n\t\t\n<style>\n#gap-682754211 {\n  padding-top: 30px;\n}\n<\/style>\n\t<\/div>\n\t\n<h4 data-line-height=\"m\"><span style=\"font-size: 120%;\">Demandez un devis<\/span><\/h4>\n\t<div id=\"gap-2098122791\" class=\"gap-element clearfix\" style=\"display:block; height:auto;\">\n\t\t\n<style>\n#gap-2098122791 {\n  padding-top: 30px;\n}\n<\/style>\n\t<\/div>\n\t\n<a href=\"mailto:info@europackers.pt?subject=Demande%20de%20devis&#038;body=Pour%20un%20devis%20personnalis%C3%A9%2C%20merci%20pour%20renseigner%20les%20informations%20suivantes%3A%0D%0A%0D%0ANom%3A%0D%0AT%C3%A9l%C3%A9phone%3A%0D%0AAdresse%20de%20collecte%3A%0D%0AAdresse%20de%20livraison%3A%0D%0ABr%C3%A8ve%20description%20des%20biens%20%C3%A0%20transporter%3A%0D%0ADate%20pr%C3%A9vue%20du%20d%C3%A9m%C3%A9nagement%3A%0D%0A\" class=\"button secondary is-large lowercase\"  >\n  <i class=\"icon-envelop\" aria-hidden=\"true\" ><\/i>  <span>Email<\/span>\n  <\/a>\n\n<a href=\"https:\/\/wa.me\/351919105554\" target=\"_blank\" class=\"button secondary is-large lowercase\" rel=\"noopener\"  >\n  <i class=\"icon-phone\" aria-hidden=\"true\" ><\/i>  <span>Whatsapp<\/span>\n  <\/a>\n\n\t\t<\/div>\n\t\t\t\t\n<style>\n#col-819699235 > .col-inner {\n  margin: -30px 0px 0px 0px;\n}\n<\/style>\n\t<\/div>\n\n\t\n\n<style>\n#row-85978564 > .col > .col-inner {\n  padding: 60px 0px 0px 0px;\n}\n<\/style>\n<\/div>\n\t\t<\/div>\n\n\t\t\n<style>\n#section_149130896 {\n  padding-top: 30px;\n  padding-bottom: 30px;\n  background-color: rgb(255,255,255);\n}\n<\/style>\n\t<\/section>\n\t\n","protected":false},"excerpt":{"rendered":"","protected":false},"author":1,"featured_media":0,"parent":0,"menu_order":0,"comment_status":"closed","ping_status":"closed","template":"page-blank.php","meta":{"footnotes":""},"yoast_head":"<!-- This site is optimized with the Yoast SEO plugin v21.5 - https:\/\/yoast.com\/wordpress\/plugins\/seo\/ -->\n<title>Stockage<\/title>\n<meta name=\"description\" content=\"Nous avons un service de stockage adapt\u00e9 \u00e0 vos besoins sp\u00e9cifiques\" \/>\n<meta name=\"robots\" content=\"index, follow, max-snippet:-1, max-image-preview:large, max-video-preview:-1\" \/>\n<link rel=\"canonical\" href=\"https:\/\/europackers.pt\/fr\/stockage\/\" \/>\n<meta property=\"og:locale\" content=\"fr_FR\" \/>\n<meta property=\"og:type\" content=\"article\" \/>\n<meta property=\"og:title\" content=\"Stockage\" \/>\n<meta property=\"og:description\" content=\"Nous avons un service de stockage adapt\u00e9 \u00e0 vos besoins sp\u00e9cifiques\" \/>\n<meta property=\"og:url\" content=\"https:\/\/europackers.pt\/fr\/stockage\/\" \/>\n<meta property=\"og:site_name\" content=\"Europackers\" \/>\n<meta property=\"article:publisher\" content=\"https:\/\/www.facebook.com\/europackers\" \/>\n<meta property=\"article:modified_time\" content=\"2022-11-06T15:56:19+00:00\" \/>\n<meta property=\"og:image\" content=\"https:\/\/europackers.pt\/wp-content\/uploads\/2021\/08\/shareimage.jpg\" \/>\n\t<meta property=\"og:image:width\" content=\"1200\" \/>\n\t<meta property=\"og:image:height\" content=\"630\" \/>\n\t<meta property=\"og:image:type\" content=\"image\/jpeg\" \/>\n<meta name=\"twitter:card\" content=\"summary_large_image\" \/>\n<meta name=\"twitter:label1\" content=\"Dur\u00e9e de lecture estim\u00e9e\" \/>\n\t<meta name=\"twitter:data1\" content=\"2 minutes\" \/>\n<script type=\"application\/ld+json\" class=\"yoast-schema-graph\">{\"@context\":\"https:\/\/schema.org\",\"@graph\":[{\"@type\":\"WebPage\",\"@id\":\"https:\/\/europackers.pt\/fr\/stockage\/\",\"url\":\"https:\/\/europackers.pt\/fr\/stockage\/\",\"name\":\"Stockage\",\"isPartOf\":{\"@id\":\"https:\/\/europackers.pt\/fr\/#website\"},\"datePublished\":\"2021-08-08T14:48:50+00:00\",\"dateModified\":\"2022-11-06T15:56:19+00:00\",\"description\":\"Nous avons un service de stockage adapt\u00e9 \u00e0 vos besoins sp\u00e9cifiques\",\"breadcrumb\":{\"@id\":\"https:\/\/europackers.pt\/fr\/stockage\/#breadcrumb\"},\"inLanguage\":\"fr-FR\",\"potentialAction\":[{\"@type\":\"ReadAction\",\"target\":[\"https:\/\/europackers.pt\/fr\/stockage\/\"]}]},{\"@type\":\"BreadcrumbList\",\"@id\":\"https:\/\/europackers.pt\/fr\/stockage\/#breadcrumb\",\"itemListElement\":[{\"@type\":\"ListItem\",\"position\":1,\"name\":\"In\u00edcio\",\"item\":\"https:\/\/europackers.pt\/fr\/homepage\/\"},{\"@type\":\"ListItem\",\"position\":2,\"name\":\"Stockage\"}]},{\"@type\":\"WebSite\",\"@id\":\"https:\/\/europackers.pt\/fr\/#website\",\"url\":\"https:\/\/europackers.pt\/fr\/\",\"name\":\"Europackers\",\"description\":\"Transportes e Mudan\u00e7as\",\"publisher\":{\"@id\":\"https:\/\/europackers.pt\/fr\/#organization\"},\"potentialAction\":[{\"@type\":\"SearchAction\",\"target\":{\"@type\":\"EntryPoint\",\"urlTemplate\":\"https:\/\/europackers.pt\/fr\/?s={search_term_string}\"},\"query-input\":\"required name=search_term_string\"}],\"inLanguage\":\"fr-FR\"},{\"@type\":\"Organization\",\"@id\":\"https:\/\/europackers.pt\/fr\/#organization\",\"name\":\"Europackers\",\"url\":\"https:\/\/europackers.pt\/fr\/\",\"logo\":{\"@type\":\"ImageObject\",\"inLanguage\":\"fr-FR\",\"@id\":\"https:\/\/europackers.pt\/fr\/#\/schema\/logo\/image\/\",\"url\":\"https:\/\/europackers.pt\/wp-content\/uploads\/2021\/08\/image.png\",\"contentUrl\":\"https:\/\/europackers.pt\/wp-content\/uploads\/2021\/08\/image.png\",\"width\":1656,\"height\":819,\"caption\":\"Europackers\"},\"image\":{\"@id\":\"https:\/\/europackers.pt\/fr\/#\/schema\/logo\/image\/\"},\"sameAs\":[\"https:\/\/www.facebook.com\/europackers\"]}]}<\/script>\n<!-- \/ Yoast SEO plugin. -->","yoast_head_json":{"title":"Stockage","description":"Nous avons un service de stockage adapt\u00e9 \u00e0 vos besoins sp\u00e9cifiques","robots":{"index":"index","follow":"follow","max-snippet":"max-snippet:-1","max-image-preview":"max-image-preview:large","max-video-preview":"max-video-preview:-1"},"canonical":"https:\/\/europackers.pt\/fr\/stockage\/","og_locale":"fr_FR","og_type":"article","og_title":"Stockage","og_description":"Nous avons un service de stockage adapt\u00e9 \u00e0 vos besoins sp\u00e9cifiques","og_url":"https:\/\/europackers.pt\/fr\/stockage\/","og_site_name":"Europackers","article_publisher":"https:\/\/www.facebook.com\/europackers","article_modified_time":"2022-11-06T15:56:19+00:00","og_image":[{"width":1200,"height":630,"url":"https:\/\/europackers.pt\/wp-content\/uploads\/2021\/08\/shareimage.jpg","type":"image\/jpeg"}],"twitter_card":"summary_large_image","twitter_misc":{"Dur\u00e9e de lecture estim\u00e9e":"2 minutes"},"schema":{"@context":"https:\/\/schema.org","@graph":[{"@type":"WebPage","@id":"https:\/\/europackers.pt\/fr\/stockage\/","url":"https:\/\/europackers.pt\/fr\/stockage\/","name":"Stockage","isPartOf":{"@id":"https:\/\/europackers.pt\/fr\/#website"},"datePublished":"2021-08-08T14:48:50+00:00","dateModified":"2022-11-06T15:56:19+00:00","description":"Nous avons un service de stockage adapt\u00e9 \u00e0 vos besoins sp\u00e9cifiques","breadcrumb":{"@id":"https:\/\/europackers.pt\/fr\/stockage\/#breadcrumb"},"inLanguage":"fr-FR","potentialAction":[{"@type":"ReadAction","target":["https:\/\/europackers.pt\/fr\/stockage\/"]}]},{"@type":"BreadcrumbList","@id":"https:\/\/europackers.pt\/fr\/stockage\/#breadcrumb","itemListElement":[{"@type":"ListItem","position":1,"name":"In\u00edcio","item":"https:\/\/europackers.pt\/fr\/homepage\/"},{"@type":"ListItem","position":2,"name":"Stockage"}]},{"@type":"WebSite","@id":"https:\/\/europackers.pt\/fr\/#website","url":"https:\/\/europackers.pt\/fr\/","name":"Europackers","description":"Transportes e Mudan\u00e7as","publisher":{"@id":"https:\/\/europackers.pt\/fr\/#organization"},"potentialAction":[{"@type":"SearchAction","target":{"@type":"EntryPoint","urlTemplate":"https:\/\/europackers.pt\/fr\/?s={search_term_string}"},"query-input":"required name=search_term_string"}],"inLanguage":"fr-FR"},{"@type":"Organization","@id":"https:\/\/europackers.pt\/fr\/#organization","name":"Europackers","url":"https:\/\/europackers.pt\/fr\/","logo":{"@type":"ImageObject","inLanguage":"fr-FR","@id":"https:\/\/europackers.pt\/fr\/#\/schema\/logo\/image\/","url":"https:\/\/europackers.pt\/wp-content\/uploads\/2021\/08\/image.png","contentUrl":"https:\/\/europackers.pt\/wp-content\/uploads\/2021\/08\/image.png","width":1656,"height":819,"caption":"Europackers"},"image":{"@id":"https:\/\/europackers.pt\/fr\/#\/schema\/logo\/image\/"},"sameAs":["https:\/\/www.facebook.com\/europackers"]}]}},"_links":{"self":[{"href":"https:\/\/europackers.pt\/fr\/wp-json\/wp\/v2\/pages\/831"}],"collection":[{"href":"https:\/\/europackers.pt\/fr\/wp-json\/wp\/v2\/pages"}],"about":[{"href":"https:\/\/europackers.pt\/fr\/wp-json\/wp\/v2\/types\/page"}],"author":[{"embeddable":true,"href":"https:\/\/europackers.pt\/fr\/wp-json\/wp\/v2\/users\/1"}],"replies":[{"embeddable":true,"href":"https:\/\/europackers.pt\/fr\/wp-json\/wp\/v2\/comments?post=831"}],"version-history":[{"count":4,"href":"https:\/\/europackers.pt\/fr\/wp-json\/wp\/v2\/pages\/831\/revisions"}],"predecessor-version":[{"id":1560,"href":"https:\/\/europackers.pt\/fr\/wp-json\/wp\/v2\/pages\/831\/revisions\/1560"}],"wp:attachment":[{"href":"https:\/\/europackers.pt\/fr\/wp-json\/wp\/v2\/media?parent=831"}],"curies":[{"name":"wp","href":"https:\/\/api.w.org\/{rel}","templated":true}]}}