{"id":1548,"date":"2022-10-31T15:03:37","date_gmt":"2022-10-31T15:03:37","guid":{"rendered":"https:\/\/europackers.pt\/testemunhos\/"},"modified":"2022-11-06T15:37:24","modified_gmt":"2022-11-06T15:37:24","slug":"temoignages","status":"publish","type":"page","link":"https:\/\/europackers.pt\/fr\/temoignages\/","title":{"rendered":"T\u00e9moignages"},"content":{"rendered":"\n  <div class=\"banner has-hover hide-for-small\" id=\"banner-1727070761\">\n          <div class=\"banner-inner fill\">\n        <div class=\"banner-bg fill\" >\n            <div class=\"bg fill bg-fill \"><\/div>\n                                    \n                    <\/div>\n\t\t\n        <div class=\"banner-layers container\">\n            <div class=\"fill banner-link\"><\/div>            \n   <div id=\"text-box-1452501963\" class=\"text-box banner-layer x5 md-x5 lg-x5 y50 md-y50 lg-y50 res-text\">\n                                <div class=\"text-box-content text dark\">\n              \n              <div class=\"text-inner text-left\">\n                  \n\t<div id=\"text-4245378462\" class=\"text\">\n\t\t\n<h2><strong> Ce que nos clients <br \/>disent de nous <\/strong><\/h2>\n\t\t\n<style>\n#text-4245378462 {\n  font-size: 1.2rem;\n  text-align: center;\n}\n<\/style>\n\t<\/div>\n\t\n              <\/div>\n           <\/div>\n                            \n<style>\n#text-box-1452501963 {\n  width: 60%;\n}\n#text-box-1452501963 .text-box-content {\n  font-size: 100%;\n}\n@media (min-width:550px) {\n  #text-box-1452501963 {\n    width: 92%;\n  }\n}\n<\/style>\n    <\/div>\n \n        <\/div>\n      <\/div>\n\n            \n<style>\n#banner-1727070761 {\n  padding-top: 700px;\n}\n#banner-1727070761 .bg.bg-loaded {\n  background-image: url(https:\/\/europackers.pt\/wp-content\/uploads\/2022\/10\/testemunhos.jpg);\n}\n#banner-1727070761 .bg {\n  background-position: 50% 50%;\n}\n<\/style>\n  <\/div>\n\n\n\n  <div class=\"banner has-hover show-for-small\" id=\"banner-572852725\">\n          <div class=\"banner-inner fill\">\n        <div class=\"banner-bg fill\" >\n            <div class=\"bg fill bg-fill \"><\/div>\n                        <div class=\"overlay\"><\/div>            \n                    <\/div>\n\t\t\n        <div class=\"banner-layers container\">\n            <div class=\"fill banner-link\"><\/div>            \n   <div id=\"text-box-718328301\" class=\"text-box banner-layer x50 md-x5 lg-x5 y50 md-y50 lg-y50 res-text\">\n                                <div class=\"text-box-content text dark\">\n              \n              <div class=\"text-inner text-left\">\n                  \n\t<div id=\"text-2834546267\" class=\"text\">\n\t\t\n<h2><strong> Ce que nos clients disent de nous <\/strong><\/h2>\n\t\t\n<style>\n#text-2834546267 {\n  font-size: 0.75rem;\n  text-align: center;\n}\n@media (min-width:550px) {\n  #text-2834546267 {\n    font-size: 1.45rem;\n  }\n}\n<\/style>\n\t<\/div>\n\t\n              <\/div>\n           <\/div>\n                            \n<style>\n#text-box-718328301 {\n  width: 88%;\n}\n#text-box-718328301 .text-box-content {\n  font-size: 100%;\n}\n@media (min-width:550px) {\n  #text-box-718328301 {\n    width: 92%;\n  }\n}\n<\/style>\n    <\/div>\n \n        <\/div>\n      <\/div>\n\n            \n<style>\n#banner-572852725 {\n  padding-top: 99.99%;\n}\n#banner-572852725 .bg.bg-loaded {\n  background-image: url(https:\/\/europackers.pt\/wp-content\/uploads\/2021\/08\/joshua-coleman-ZVkDLrXGMdw-unsplash-1024x710.jpg);\n}\n#banner-572852725 .overlay {\n  background-color: rgba(0, 0, 0, 0.134);\n}\n#banner-572852725 .bg {\n  background-position: 50% 0%;\n}\n<\/style>\n  <\/div>\n\n\n\t<section class=\"section\" id=\"section_826700216\">\n\t\t<div class=\"bg section-bg fill bg-fill  bg-loaded\" >\n\n\t\t\t\n\t\t\t\n\t\t\t\n\n\t\t<\/div>\n\n\t\t\n\n\t\t<div class=\"section-content relative\">\n\t\t\t\n<div class=\"row align-equal\"  id=\"row-68319854\">\n\n\t<div id=\"col-236153471\" class=\"col medium-4 small-12 large-4\"  >\n\t\t\t\t<div class=\"col-inner\" style=\"background-color:rgb(246, 246, 246);\" >\n\t\t\t\n\t\t\t\n  <div class=\"icon-box testimonial-box icon-box-center text-center\">\n                <div class=\"icon-box-text p-last-0\">\n          <div class=\"star-rating\"><span style=\"width:100%\"><strong class=\"rating\"><\/strong><\/span><\/div>  \t\t\t\t<div class=\"testimonial-text line-height-small italic test_text first-reset last-reset is-italic\">\n            \n\t<div id=\"gap-1963165116\" class=\"gap-element clearfix\" style=\"display:block; height:auto;\">\n\t\t\n<style>\n#gap-1963165116 {\n  padding-top: 10px;\n}\n<\/style>\n\t<\/div>\n\t\n<p> \u201cLe professionnalisme et la qualit\u00e9 du travail propos\u00e9 m&rsquo;ont fait me sentir \u00e0 l&rsquo;aise d&rsquo;envoyer mes marchandises d&rsquo;Aveiro, au Portugal, \u00e0 Minas Gerais, au Br\u00e9sil. Tout est arriv\u00e9 en parfait \u00e9tat. Merci.\u00a0\u00bb <\/p>\n          <\/div>\n          <div class=\"testimonial-meta pt-half\">\n             <strong class=\"testimonial-name test_name\">Marcilia Cruz<\/strong>\n                          <span class=\"testimonial-company test_company\"><\/span>\n          <\/div>\n        <\/div>\n  <\/div>\n\n  \n\t\t<\/div>\n\t\t\t\t\t<\/div>\n\n\t\n\n\t<div id=\"col-2061777257\" class=\"col medium-4 small-12 large-4\"  >\n\t\t\t\t<div class=\"col-inner\" style=\"background-color:rgb(246, 246, 246);\" >\n\t\t\t\n\t\t\t\n  <div class=\"icon-box testimonial-box icon-box-center text-center\">\n                <div class=\"icon-box-text p-last-0\">\n          <div class=\"star-rating\"><span style=\"width:100%\"><strong class=\"rating\"><\/strong><\/span><\/div>  \t\t\t\t<div class=\"testimonial-text line-height-small italic test_text first-reset last-reset is-italic\">\n            \n\t<div id=\"gap-964439981\" class=\"gap-element clearfix\" style=\"display:block; height:auto;\">\n\t\t\n<style>\n#gap-964439981 {\n  padding-top: 10px;\n}\n<\/style>\n\t<\/div>\n\t\n<p> \u00ab\u00a0Excellent service de d\u00e9m\u00e9nagement. Tr\u00e8s soigneux avec les meubles et extr\u00eamement professionnel. Je recommande!\u00a0\u00bb <\/p>\n          <\/div>\n          <div class=\"testimonial-meta pt-half\">\n             <strong class=\"testimonial-name test_name\">Rita Garcia<\/strong>\n                          <span class=\"testimonial-company test_company\"><\/span>\n          <\/div>\n        <\/div>\n  <\/div>\n\n  \n\t\t<\/div>\n\t\t\t\t\t<\/div>\n\n\t\n\n\t<div id=\"col-1999101563\" class=\"col medium-4 small-12 large-4\"  >\n\t\t\t\t<div class=\"col-inner\" style=\"background-color:rgb(246, 246, 246);\" >\n\t\t\t\n\t\t\t\n  <div class=\"icon-box testimonial-box icon-box-center text-center\">\n                <div class=\"icon-box-text p-last-0\">\n          <div class=\"star-rating\"><span style=\"width:100%\"><strong class=\"rating\"><\/strong><\/span><\/div>  \t\t\t\t<div class=\"testimonial-text line-height-small italic test_text first-reset last-reset is-italic\">\n            \n\t<div id=\"gap-1987742998\" class=\"gap-element clearfix\" style=\"display:block; height:auto;\">\n\t\t\n<style>\n#gap-1987742998 {\n  padding-top: 10px;\n}\n<\/style>\n\t<\/div>\n\t\n<p> J&rsquo;habite en Algarve et lors de l&rsquo;envoi d&rsquo;un d\u00e9m\u00e9nagement du Portugal au Br\u00e9sil, le service et le processus d&#8217;emballage \u00e9taient excellents, je recommande vivement et f\u00e9licitations aux professionnels de l&rsquo;entreprise.\u201d <\/p>\n          <\/div>\n          <div class=\"testimonial-meta pt-half\">\n             <strong class=\"testimonial-name test_name\">Luiz Gustavo Corrent<\/strong>\n                          <span class=\"testimonial-company test_company\"><\/span>\n          <\/div>\n        <\/div>\n  <\/div>\n\n  \n\t\t<\/div>\n\t\t\t\t\t<\/div>\n\n\t\n\n\t<div id=\"col-735582946\" class=\"col medium-4 small-12 large-4\"  >\n\t\t\t\t<div class=\"col-inner\" style=\"background-color:rgb(246, 246, 246);\" >\n\t\t\t\n\t\t\t\n  <div class=\"icon-box testimonial-box icon-box-center text-center\">\n                <div class=\"icon-box-text p-last-0\">\n          <div class=\"star-rating\"><span style=\"width:100%\"><strong class=\"rating\"><\/strong><\/span><\/div>  \t\t\t\t<div class=\"testimonial-text line-height-small italic test_text first-reset last-reset is-italic\">\n            \n\t<div id=\"gap-2120765506\" class=\"gap-element clearfix\" style=\"display:block; height:auto;\">\n\t\t\n<style>\n#gap-2120765506 {\n  padding-top: 10px;\n}\n<\/style>\n\t<\/div>\n\t\n<p> Emballer avec toute l&rsquo;affection et le soin. Je recommande vivement les services Europackers!\u201d <\/p>\n          <\/div>\n          <div class=\"testimonial-meta pt-half\">\n             <strong class=\"testimonial-name test_name\">Ana Cl\u00e1udia<\/strong>\n                          <span class=\"testimonial-company test_company\"><\/span>\n          <\/div>\n        <\/div>\n  <\/div>\n\n  \n\t\t<\/div>\n\t\t\t\t\t<\/div>\n\n\t\n\n<style>\n#row-68319854 > .col > .col-inner {\n  padding: 25px 25px 25px 25px;\n  background-color: rgb(255,255,255);\n}\n<\/style>\n<\/div>\n\t<div id=\"gap-745992762\" class=\"gap-element clearfix\" style=\"display:block; height:auto;\">\n\t\t\n<style>\n#gap-745992762 {\n  padding-top: 30px;\n}\n<\/style>\n\t<\/div>\n\t\n<div class=\"row\"  id=\"row-97391932\">\n\n\t<div id=\"col-1920005912\" class=\"col small-12 large-12\"  >\n\t\t\t\t<div class=\"col-inner text-center\"  >\n\t\t\t\n\t\t\t\n\t<div id=\"text-3291198719\" class=\"text\">\n\t\t\n<p>Partilhe a sua experi\u00eancia\n<\/p>\n\t\t\n<style>\n#text-3291198719 {\n  font-size: 1.5rem;\n  text-align: center;\n}\n<\/style>\n\t<\/div>\n\t\n<a href=\"https:\/\/www.facebook.com\/europackers\/reviews\/?ref=page_internal\" target=\"_blank\" class=\"button primary lowercase\" rel=\"noopener\"  >\n    <span>Facebook<\/span>\n  <\/a>\n\n<a href=\"https:\/\/g.page\/r\/CYtu6t-x4A6wEBM\/review\" target=\"_blank\" class=\"button primary lowercase\" rel=\"noopener\"  >\n    <span>Google<\/span>\n  <\/a>\n\n\t<div id=\"gap-1559442614\" class=\"gap-element clearfix\" style=\"display:block; height:auto;\">\n\t\t\n<style>\n#gap-1559442614 {\n  padding-top: 20px;\n}\n<\/style>\n\t<\/div>\n\t\n\t\t<\/div>\n\t\t\t\t\t<\/div>\n\n\t\n<\/div>\n\t\t<\/div>\n\n\t\t\n<style>\n#section_826700216 {\n  padding-top: 60px;\n  padding-bottom: 60px;\n  margin-bottom: -50px;\n  min-height: 0px;\n  background-color: rgb(255, 255, 255);\n}\n<\/style>\n\t<\/section>\n\t\n","protected":false},"excerpt":{"rendered":"","protected":false},"author":1,"featured_media":0,"parent":0,"menu_order":0,"comment_status":"closed","ping_status":"closed","template":"page-blank.php","meta":{"footnotes":""},"yoast_head":"<!-- This site is optimized with the Yoast SEO plugin v21.5 - https:\/\/yoast.com\/wordpress\/plugins\/seo\/ -->\n<title>T\u00e9moignages &#8226; Europackers<\/title>\n<meta name=\"robots\" content=\"index, follow, max-snippet:-1, max-image-preview:large, max-video-preview:-1\" \/>\n<link rel=\"canonical\" href=\"https:\/\/europackers.pt\/fr\/temoignages\/\" \/>\n<meta property=\"og:locale\" content=\"fr_FR\" \/>\n<meta property=\"og:type\" content=\"article\" \/>\n<meta property=\"og:title\" content=\"T\u00e9moignages &#8226; Europackers\" \/>\n<meta property=\"og:url\" content=\"https:\/\/europackers.pt\/fr\/temoignages\/\" \/>\n<meta property=\"og:site_name\" content=\"Europackers\" \/>\n<meta property=\"article:publisher\" content=\"https:\/\/www.facebook.com\/europackers\" \/>\n<meta property=\"article:modified_time\" content=\"2022-11-06T15:37:24+00:00\" \/>\n<meta property=\"og:image\" content=\"https:\/\/europackers.pt\/wp-content\/uploads\/2021\/08\/shareimage.jpg\" \/>\n\t<meta property=\"og:image:width\" content=\"1200\" \/>\n\t<meta property=\"og:image:height\" content=\"630\" \/>\n\t<meta property=\"og:image:type\" content=\"image\/jpeg\" \/>\n<meta name=\"twitter:card\" content=\"summary_large_image\" \/>\n<meta name=\"twitter:label1\" content=\"Dur\u00e9e de lecture estim\u00e9e\" \/>\n\t<meta name=\"twitter:data1\" content=\"2 minutes\" \/>\n<script type=\"application\/ld+json\" class=\"yoast-schema-graph\">{\"@context\":\"https:\/\/schema.org\",\"@graph\":[{\"@type\":\"WebPage\",\"@id\":\"https:\/\/europackers.pt\/fr\/temoignages\/\",\"url\":\"https:\/\/europackers.pt\/fr\/temoignages\/\",\"name\":\"T\u00e9moignages &#8226; Europackers\",\"isPartOf\":{\"@id\":\"https:\/\/europackers.pt\/fr\/#website\"},\"datePublished\":\"2022-10-31T15:03:37+00:00\",\"dateModified\":\"2022-11-06T15:37:24+00:00\",\"breadcrumb\":{\"@id\":\"https:\/\/europackers.pt\/fr\/temoignages\/#breadcrumb\"},\"inLanguage\":\"fr-FR\",\"potentialAction\":[{\"@type\":\"ReadAction\",\"target\":[\"https:\/\/europackers.pt\/fr\/temoignages\/\"]}]},{\"@type\":\"BreadcrumbList\",\"@id\":\"https:\/\/europackers.pt\/fr\/temoignages\/#breadcrumb\",\"itemListElement\":[{\"@type\":\"ListItem\",\"position\":1,\"name\":\"In\u00edcio\",\"item\":\"https:\/\/europackers.pt\/fr\/homepage\/\"},{\"@type\":\"ListItem\",\"position\":2,\"name\":\"T\u00e9moignages\"}]},{\"@type\":\"WebSite\",\"@id\":\"https:\/\/europackers.pt\/fr\/#website\",\"url\":\"https:\/\/europackers.pt\/fr\/\",\"name\":\"Europackers\",\"description\":\"Transportes e Mudan\u00e7as\",\"publisher\":{\"@id\":\"https:\/\/europackers.pt\/fr\/#organization\"},\"potentialAction\":[{\"@type\":\"SearchAction\",\"target\":{\"@type\":\"EntryPoint\",\"urlTemplate\":\"https:\/\/europackers.pt\/fr\/?s={search_term_string}\"},\"query-input\":\"required name=search_term_string\"}],\"inLanguage\":\"fr-FR\"},{\"@type\":\"Organization\",\"@id\":\"https:\/\/europackers.pt\/fr\/#organization\",\"name\":\"Europackers\",\"url\":\"https:\/\/europackers.pt\/fr\/\",\"logo\":{\"@type\":\"ImageObject\",\"inLanguage\":\"fr-FR\",\"@id\":\"https:\/\/europackers.pt\/fr\/#\/schema\/logo\/image\/\",\"url\":\"https:\/\/europackers.pt\/wp-content\/uploads\/2021\/08\/image.png\",\"contentUrl\":\"https:\/\/europackers.pt\/wp-content\/uploads\/2021\/08\/image.png\",\"width\":1656,\"height\":819,\"caption\":\"Europackers\"},\"image\":{\"@id\":\"https:\/\/europackers.pt\/fr\/#\/schema\/logo\/image\/\"},\"sameAs\":[\"https:\/\/www.facebook.com\/europackers\"]}]}<\/script>\n<!-- \/ Yoast SEO plugin. -->","yoast_head_json":{"title":"T\u00e9moignages &#8226; Europackers","robots":{"index":"index","follow":"follow","max-snippet":"max-snippet:-1","max-image-preview":"max-image-preview:large","max-video-preview":"max-video-preview:-1"},"canonical":"https:\/\/europackers.pt\/fr\/temoignages\/","og_locale":"fr_FR","og_type":"article","og_title":"T\u00e9moignages &#8226; Europackers","og_url":"https:\/\/europackers.pt\/fr\/temoignages\/","og_site_name":"Europackers","article_publisher":"https:\/\/www.facebook.com\/europackers","article_modified_time":"2022-11-06T15:37:24+00:00","og_image":[{"width":1200,"height":630,"url":"https:\/\/europackers.pt\/wp-content\/uploads\/2021\/08\/shareimage.jpg","type":"image\/jpeg"}],"twitter_card":"summary_large_image","twitter_misc":{"Dur\u00e9e de lecture estim\u00e9e":"2 minutes"},"schema":{"@context":"https:\/\/schema.org","@graph":[{"@type":"WebPage","@id":"https:\/\/europackers.pt\/fr\/temoignages\/","url":"https:\/\/europackers.pt\/fr\/temoignages\/","name":"T\u00e9moignages &#8226; Europackers","isPartOf":{"@id":"https:\/\/europackers.pt\/fr\/#website"},"datePublished":"2022-10-31T15:03:37+00:00","dateModified":"2022-11-06T15:37:24+00:00","breadcrumb":{"@id":"https:\/\/europackers.pt\/fr\/temoignages\/#breadcrumb"},"inLanguage":"fr-FR","potentialAction":[{"@type":"ReadAction","target":["https:\/\/europackers.pt\/fr\/temoignages\/"]}]},{"@type":"BreadcrumbList","@id":"https:\/\/europackers.pt\/fr\/temoignages\/#breadcrumb","itemListElement":[{"@type":"ListItem","position":1,"name":"In\u00edcio","item":"https:\/\/europackers.pt\/fr\/homepage\/"},{"@type":"ListItem","position":2,"name":"T\u00e9moignages"}]},{"@type":"WebSite","@id":"https:\/\/europackers.pt\/fr\/#website","url":"https:\/\/europackers.pt\/fr\/","name":"Europackers","description":"Transportes e Mudan\u00e7as","publisher":{"@id":"https:\/\/europackers.pt\/fr\/#organization"},"potentialAction":[{"@type":"SearchAction","target":{"@type":"EntryPoint","urlTemplate":"https:\/\/europackers.pt\/fr\/?s={search_term_string}"},"query-input":"required name=search_term_string"}],"inLanguage":"fr-FR"},{"@type":"Organization","@id":"https:\/\/europackers.pt\/fr\/#organization","name":"Europackers","url":"https:\/\/europackers.pt\/fr\/","logo":{"@type":"ImageObject","inLanguage":"fr-FR","@id":"https:\/\/europackers.pt\/fr\/#\/schema\/logo\/image\/","url":"https:\/\/europackers.pt\/wp-content\/uploads\/2021\/08\/image.png","contentUrl":"https:\/\/europackers.pt\/wp-content\/uploads\/2021\/08\/image.png","width":1656,"height":819,"caption":"Europackers"},"image":{"@id":"https:\/\/europackers.pt\/fr\/#\/schema\/logo\/image\/"},"sameAs":["https:\/\/www.facebook.com\/europackers"]}]}},"_links":{"self":[{"href":"https:\/\/europackers.pt\/fr\/wp-json\/wp\/v2\/pages\/1548"}],"collection":[{"href":"https:\/\/europackers.pt\/fr\/wp-json\/wp\/v2\/pages"}],"about":[{"href":"https:\/\/europackers.pt\/fr\/wp-json\/wp\/v2\/types\/page"}],"author":[{"embeddable":true,"href":"https:\/\/europackers.pt\/fr\/wp-json\/wp\/v2\/users\/1"}],"replies":[{"embeddable":true,"href":"https:\/\/europackers.pt\/fr\/wp-json\/wp\/v2\/comments?post=1548"}],"version-history":[{"count":3,"href":"https:\/\/europackers.pt\/fr\/wp-json\/wp\/v2\/pages\/1548\/revisions"}],"predecessor-version":[{"id":1554,"href":"https:\/\/europackers.pt\/fr\/wp-json\/wp\/v2\/pages\/1548\/revisions\/1554"}],"wp:attachment":[{"href":"https:\/\/europackers.pt\/fr\/wp-json\/wp\/v2\/media?parent=1548"}],"curies":[{"name":"wp","href":"https:\/\/api.w.org\/{rel}","templated":true}]}}