{"id":853,"date":"2021-08-08T14:49:25","date_gmt":"2021-08-08T14:49:25","guid":{"rendered":"https:\/\/europackers.pt\/sobre\/"},"modified":"2022-11-06T16:00:12","modified_gmt":"2022-11-06T16:00:12","slug":"acerca-de","status":"publish","type":"page","link":"https:\/\/europackers.pt\/es\/acerca-de\/","title":{"rendered":"Acerca de"},"content":{"rendered":"\n  <div class=\"banner has-hover hide-for-small\" id=\"banner-1119120275\">\n          <div class=\"banner-inner fill\">\n        <div class=\"banner-bg fill\" >\n            <div class=\"bg fill bg-fill \"><\/div>\n                                    \n                    <\/div>\n\t\t\n        <div class=\"banner-layers container\">\n            <div class=\"fill banner-link\"><\/div>            \n   <div id=\"text-box-2110013222\" class=\"text-box banner-layer x5 md-x5 lg-x5 y50 md-y50 lg-y50 res-text\">\n                                <div class=\"text-box-content text dark\">\n              \n              <div class=\"text-inner text-left\">\n                  \n\t<div id=\"text-2097796997\" class=\"text\">\n\t\t\n<h2><strong> De lo imposible al nuevo hogar <\/strong><\/h2>\n\t\t\n<style>\n#text-2097796997 {\n  font-size: 1.2rem;\n  text-align: center;\n}\n<\/style>\n\t<\/div>\n\t\n              <\/div>\n           <\/div>\n                            \n<style>\n#text-box-2110013222 {\n  width: 60%;\n}\n#text-box-2110013222 .text-box-content {\n  font-size: 100%;\n}\n@media (min-width:550px) {\n  #text-box-2110013222 {\n    width: 92%;\n  }\n}\n<\/style>\n    <\/div>\n \n        <\/div>\n      <\/div>\n\n            \n<style>\n#banner-1119120275 {\n  padding-top: 700px;\n}\n#banner-1119120275 .bg.bg-loaded {\n  background-image: url(https:\/\/europackers.pt\/wp-content\/uploads\/2021\/08\/sobre.jpg);\n}\n#banner-1119120275 .bg {\n  background-position: 50% 50%;\n}\n<\/style>\n  <\/div>\n\n\n\n  <div class=\"banner has-hover show-for-small\" id=\"banner-1395975234\">\n          <div class=\"banner-inner fill\">\n        <div class=\"banner-bg fill\" >\n            <div class=\"bg fill bg-fill \"><\/div>\n                        <div class=\"overlay\"><\/div>            \n                    <\/div>\n\t\t\n        <div class=\"banner-layers container\">\n            <div class=\"fill banner-link\"><\/div>            \n   <div id=\"text-box-572842751\" class=\"text-box banner-layer x5 md-x5 lg-x5 y50 md-y50 lg-y50 res-text\">\n                                <div class=\"text-box-content text dark\">\n              \n              <div class=\"text-inner text-left\">\n                  \n\t<div id=\"text-114613748\" class=\"text\">\n\t\t\n<h2> De lo imposible al nuevo hogar <\/h2>\n\t\t\n<style>\n#text-114613748 {\n  font-size: 0.75rem;\n  text-align: center;\n}\n@media (min-width:550px) {\n  #text-114613748 {\n    font-size: 1.45rem;\n  }\n}\n<\/style>\n\t<\/div>\n\t\n              <\/div>\n           <\/div>\n                            \n<style>\n#text-box-572842751 {\n  width: 94%;\n}\n#text-box-572842751 .text-box-content {\n  font-size: 100%;\n}\n@media (min-width:550px) {\n  #text-box-572842751 {\n    width: 92%;\n  }\n}\n<\/style>\n    <\/div>\n \n        <\/div>\n      <\/div>\n\n            \n<style>\n#banner-1395975234 {\n  padding-top: 99.99%;\n}\n#banner-1395975234 .bg.bg-loaded {\n  background-image: url(https:\/\/europackers.pt\/wp-content\/uploads\/2021\/08\/pexels-karolina-grabowska-4498139-1024x683.jpg);\n}\n#banner-1395975234 .overlay {\n  background-color: rgba(0, 0, 0, 0.134);\n}\n@media (min-width:550px) {\n  #banner-1395975234 {\n    padding-top: 590px;\n  }\n}\n<\/style>\n  <\/div>\n\n\n\t<section class=\"section\" id=\"section_1057396435\">\n\t\t<div class=\"bg section-bg fill bg-fill  bg-loaded\" >\n\n\t\t\t\n\t\t\t\n\t\t\t\n\n\t\t<\/div>\n\n\t\t\n\n\t\t<div class=\"section-content relative\">\n\t\t\t\n<div class=\"row\"  id=\"row-1770718239\">\n\n\t<div id=\"col-478881302\" class=\"col small-12 large-12\"  >\n\t\t\t\t<div class=\"col-inner text-center\"  >\n\t\t\t\n\t\t\t\n\t<div id=\"text-3199143303\" class=\"text\">\n\t\t\n<p>Europackers es una empresa especializada en mudanzas de bienes personales, presente en el mercado desde 2017.<\/p>\n<p>Ofrecemos un servicio puerta a puerta, incluso si eso significa cruzar el mundo.<\/p>\n<p>Realizamos mudanzas nacionales, comunitarias e internacionales, con especial \u00e9nfasis en el trayecto Europa-Brasil, donde aseguramos un servicio diferenciado, a la medida de cada proceso.<\/p>\n<p>De tu parte necesitamos \u00fanicamente la ubicaci\u00f3n; por lo dem\u00e1s nos encargamos nosotros. \u00a1As\u00ed de sencillo!<\/p>\n<p>En el proceso:<\/p>\n<ul>\n<li>\n<p>preparamos toda la documentaci\u00f3n necesaria, cumpliendo estrictamente con las leyes de cada pa\u00eds<\/p>\n<\/li>\n<li>\n<p>ofrecemos un seguro que cubre todo el proceso de la mudanza<\/p>\n<\/li>\n<li>\n<p>aseguramos el almacenamiento temporal de tus bienes, siempre que sea necesario<\/p>\n<\/li>\n<li>\n<p>proporcionamos servicio de seguimiento, involucrando al cliente en cada paso de la mudanza<\/p>\n<\/li>\n<\/ul>\n<p>Desde una \u00fanica caja hasta mudanzas completas, nuestra dedicaci\u00f3n es siempre la misma porque nuestro objetivo es inalterable: la satisfacci\u00f3n de nuestros clientes.<\/p>\n\t\t\n<style>\n#text-3199143303 {\n  text-align: left;\n}\n<\/style>\n\t<\/div>\n\t\n\t<div id=\"gap-522750791\" class=\"gap-element clearfix\" style=\"display:block; height:auto;\">\n\t\t\n<style>\n#gap-522750791 {\n  padding-top: 30px;\n}\n<\/style>\n\t<\/div>\n\t\n\t<div id=\"text-3643782660\" class=\"text\">\n\t\t\n<h3><span style=\"font-size: 100%;\"> Nada cambia, si no das el primer paso: \u00a1Solicita ya tu presupuesto! <\/span><\/h3>\n\t\t\n<style>\n#text-3643782660 {\n  font-size: 1.5rem;\n  text-align: center;\n}\n<\/style>\n\t<\/div>\n\t\n\t<div id=\"gap-907124579\" class=\"gap-element clearfix\" style=\"display:block; height:auto;\">\n\t\t\n<style>\n#gap-907124579 {\n  padding-top: 30px;\n}\n<\/style>\n\t<\/div>\n\t\n<h4 data-line-height=\"m\"><span style=\"font-size: 120%;\">Solicitar presupuesto<\/span><\/h4>\n\t<div id=\"gap-334861358\" class=\"gap-element clearfix\" style=\"display:block; height:auto;\">\n\t\t\n<style>\n#gap-334861358 {\n  padding-top: 30px;\n}\n<\/style>\n\t<\/div>\n\t\n<a href=\"mailto:mailto:info@europackers.pt?subject=Solicitud%20de%20presupuesto&#038;body=Para%20un%20presupuesto%20personalizado%2C%20por%20favor%20complete%20la%20siguiente%20informaci%C3%B3n%3A%0D%0A%0D%0ANombre%3A%0D%0ATel%C3%A9fono%3A%0D%0ADirecci%C3%B3n%20de%20recogida%3A%0D%0ADirecci%C3%B3n%20de%20entrega%3A%0D%0ABreve%20descripci%C3%B3n%20de%20los%20biens%20a%20transportar%3A%0D%0AFecha%20prevista%20de%20mudanza%3A\" class=\"button secondary is-large lowercase\"  >\n  <i class=\"icon-envelop\" aria-hidden=\"true\" ><\/i>  <span>Email<\/span>\n  <\/a>\n\n<a href=\"https:\/\/wa.me\/351919105554\" target=\"_blank\" class=\"button secondary is-large lowercase\" rel=\"noopener\"  >\n  <i class=\"icon-phone\" aria-hidden=\"true\" ><\/i>  <span>Whatsapp<\/span>\n  <\/a>\n\n\t\t<\/div>\n\t\t\t\t\n<style>\n#col-478881302 > .col-inner {\n  padding: 30px 0px 0px 0px;\n}\n<\/style>\n\t<\/div>\n\n\t\n\n<style>\n#row-1770718239 > .col > .col-inner {\n  padding: 60px 0px 0px 0px;\n}\n<\/style>\n<\/div>\n\t\t<\/div>\n\n\t\t\n<style>\n#section_1057396435 {\n  padding-top: 30px;\n  padding-bottom: 30px;\n  background-color: rgb(255,255,255);\n}\n<\/style>\n\t<\/section>\n\t\n","protected":false},"excerpt":{"rendered":"","protected":false},"author":1,"featured_media":0,"parent":0,"menu_order":0,"comment_status":"closed","ping_status":"closed","template":"page-blank.php","meta":{"footnotes":""},"yoast_head":"<!-- This site is optimized with the Yoast SEO plugin v21.5 - https:\/\/yoast.com\/wordpress\/plugins\/seo\/ -->\n<title>Acerca de<\/title>\n<meta name=\"description\" content=\"Mudanzas de bienes personales puerta a puerta, en todo el mundo\" \/>\n<meta name=\"robots\" content=\"index, follow, max-snippet:-1, max-image-preview:large, max-video-preview:-1\" \/>\n<link rel=\"canonical\" href=\"https:\/\/europackers.pt\/es\/acerca-de\/\" \/>\n<meta property=\"og:locale\" content=\"es_ES\" \/>\n<meta property=\"og:type\" content=\"article\" \/>\n<meta property=\"og:title\" content=\"Acerca de\" \/>\n<meta property=\"og:description\" content=\"Mudanzas de bienes personales puerta a puerta, en todo el mundo\" \/>\n<meta property=\"og:url\" content=\"https:\/\/europackers.pt\/es\/acerca-de\/\" \/>\n<meta property=\"og:site_name\" content=\"Europackers\" \/>\n<meta property=\"article:publisher\" content=\"https:\/\/www.facebook.com\/europackers\" \/>\n<meta property=\"article:modified_time\" content=\"2022-11-06T16:00:12+00:00\" \/>\n<meta property=\"og:image\" content=\"https:\/\/europackers.pt\/wp-content\/uploads\/2021\/08\/shareimage.jpg\" \/>\n\t<meta property=\"og:image:width\" content=\"1200\" \/>\n\t<meta property=\"og:image:height\" content=\"630\" \/>\n\t<meta property=\"og:image:type\" content=\"image\/jpeg\" \/>\n<meta name=\"twitter:card\" content=\"summary_large_image\" \/>\n<meta name=\"twitter:label1\" content=\"Tiempo de lectura\" \/>\n\t<meta name=\"twitter:data1\" content=\"2 minutos\" \/>\n<script type=\"application\/ld+json\" class=\"yoast-schema-graph\">{\"@context\":\"https:\/\/schema.org\",\"@graph\":[{\"@type\":\"WebPage\",\"@id\":\"https:\/\/europackers.pt\/es\/acerca-de\/\",\"url\":\"https:\/\/europackers.pt\/es\/acerca-de\/\",\"name\":\"Acerca de\",\"isPartOf\":{\"@id\":\"https:\/\/europackers.pt\/es\/#website\"},\"datePublished\":\"2021-08-08T14:49:25+00:00\",\"dateModified\":\"2022-11-06T16:00:12+00:00\",\"description\":\"Mudanzas de bienes personales puerta a puerta, en todo el mundo\",\"breadcrumb\":{\"@id\":\"https:\/\/europackers.pt\/es\/acerca-de\/#breadcrumb\"},\"inLanguage\":\"es\",\"potentialAction\":[{\"@type\":\"ReadAction\",\"target\":[\"https:\/\/europackers.pt\/es\/acerca-de\/\"]}]},{\"@type\":\"BreadcrumbList\",\"@id\":\"https:\/\/europackers.pt\/es\/acerca-de\/#breadcrumb\",\"itemListElement\":[{\"@type\":\"ListItem\",\"position\":1,\"name\":\"In\u00edcio\",\"item\":\"https:\/\/europackers.pt\/es\/homepage\/\"},{\"@type\":\"ListItem\",\"position\":2,\"name\":\"Acerca de\"}]},{\"@type\":\"WebSite\",\"@id\":\"https:\/\/europackers.pt\/es\/#website\",\"url\":\"https:\/\/europackers.pt\/es\/\",\"name\":\"Europackers\",\"description\":\"Transportes e Mudan\u00e7as\",\"publisher\":{\"@id\":\"https:\/\/europackers.pt\/es\/#organization\"},\"potentialAction\":[{\"@type\":\"SearchAction\",\"target\":{\"@type\":\"EntryPoint\",\"urlTemplate\":\"https:\/\/europackers.pt\/es\/?s={search_term_string}\"},\"query-input\":\"required name=search_term_string\"}],\"inLanguage\":\"es\"},{\"@type\":\"Organization\",\"@id\":\"https:\/\/europackers.pt\/es\/#organization\",\"name\":\"Europackers\",\"url\":\"https:\/\/europackers.pt\/es\/\",\"logo\":{\"@type\":\"ImageObject\",\"inLanguage\":\"es\",\"@id\":\"https:\/\/europackers.pt\/es\/#\/schema\/logo\/image\/\",\"url\":\"https:\/\/europackers.pt\/wp-content\/uploads\/2021\/08\/image.png\",\"contentUrl\":\"https:\/\/europackers.pt\/wp-content\/uploads\/2021\/08\/image.png\",\"width\":1656,\"height\":819,\"caption\":\"Europackers\"},\"image\":{\"@id\":\"https:\/\/europackers.pt\/es\/#\/schema\/logo\/image\/\"},\"sameAs\":[\"https:\/\/www.facebook.com\/europackers\"]}]}<\/script>\n<!-- \/ Yoast SEO plugin. -->","yoast_head_json":{"title":"Acerca de","description":"Mudanzas de bienes personales puerta a puerta, en todo el mundo","robots":{"index":"index","follow":"follow","max-snippet":"max-snippet:-1","max-image-preview":"max-image-preview:large","max-video-preview":"max-video-preview:-1"},"canonical":"https:\/\/europackers.pt\/es\/acerca-de\/","og_locale":"es_ES","og_type":"article","og_title":"Acerca de","og_description":"Mudanzas de bienes personales puerta a puerta, en todo el mundo","og_url":"https:\/\/europackers.pt\/es\/acerca-de\/","og_site_name":"Europackers","article_publisher":"https:\/\/www.facebook.com\/europackers","article_modified_time":"2022-11-06T16:00:12+00:00","og_image":[{"width":1200,"height":630,"url":"https:\/\/europackers.pt\/wp-content\/uploads\/2021\/08\/shareimage.jpg","type":"image\/jpeg"}],"twitter_card":"summary_large_image","twitter_misc":{"Tiempo de lectura":"2 minutos"},"schema":{"@context":"https:\/\/schema.org","@graph":[{"@type":"WebPage","@id":"https:\/\/europackers.pt\/es\/acerca-de\/","url":"https:\/\/europackers.pt\/es\/acerca-de\/","name":"Acerca de","isPartOf":{"@id":"https:\/\/europackers.pt\/es\/#website"},"datePublished":"2021-08-08T14:49:25+00:00","dateModified":"2022-11-06T16:00:12+00:00","description":"Mudanzas de bienes personales puerta a puerta, en todo el mundo","breadcrumb":{"@id":"https:\/\/europackers.pt\/es\/acerca-de\/#breadcrumb"},"inLanguage":"es","potentialAction":[{"@type":"ReadAction","target":["https:\/\/europackers.pt\/es\/acerca-de\/"]}]},{"@type":"BreadcrumbList","@id":"https:\/\/europackers.pt\/es\/acerca-de\/#breadcrumb","itemListElement":[{"@type":"ListItem","position":1,"name":"In\u00edcio","item":"https:\/\/europackers.pt\/es\/homepage\/"},{"@type":"ListItem","position":2,"name":"Acerca de"}]},{"@type":"WebSite","@id":"https:\/\/europackers.pt\/es\/#website","url":"https:\/\/europackers.pt\/es\/","name":"Europackers","description":"Transportes e Mudan\u00e7as","publisher":{"@id":"https:\/\/europackers.pt\/es\/#organization"},"potentialAction":[{"@type":"SearchAction","target":{"@type":"EntryPoint","urlTemplate":"https:\/\/europackers.pt\/es\/?s={search_term_string}"},"query-input":"required name=search_term_string"}],"inLanguage":"es"},{"@type":"Organization","@id":"https:\/\/europackers.pt\/es\/#organization","name":"Europackers","url":"https:\/\/europackers.pt\/es\/","logo":{"@type":"ImageObject","inLanguage":"es","@id":"https:\/\/europackers.pt\/es\/#\/schema\/logo\/image\/","url":"https:\/\/europackers.pt\/wp-content\/uploads\/2021\/08\/image.png","contentUrl":"https:\/\/europackers.pt\/wp-content\/uploads\/2021\/08\/image.png","width":1656,"height":819,"caption":"Europackers"},"image":{"@id":"https:\/\/europackers.pt\/es\/#\/schema\/logo\/image\/"},"sameAs":["https:\/\/www.facebook.com\/europackers"]}]}},"_links":{"self":[{"href":"https:\/\/europackers.pt\/es\/wp-json\/wp\/v2\/pages\/853"}],"collection":[{"href":"https:\/\/europackers.pt\/es\/wp-json\/wp\/v2\/pages"}],"about":[{"href":"https:\/\/europackers.pt\/es\/wp-json\/wp\/v2\/types\/page"}],"author":[{"embeddable":true,"href":"https:\/\/europackers.pt\/es\/wp-json\/wp\/v2\/users\/1"}],"replies":[{"embeddable":true,"href":"https:\/\/europackers.pt\/es\/wp-json\/wp\/v2\/comments?post=853"}],"version-history":[{"count":4,"href":"https:\/\/europackers.pt\/es\/wp-json\/wp\/v2\/pages\/853\/revisions"}],"predecessor-version":[{"id":1568,"href":"https:\/\/europackers.pt\/es\/wp-json\/wp\/v2\/pages\/853\/revisions\/1568"}],"wp:attachment":[{"href":"https:\/\/europackers.pt\/es\/wp-json\/wp\/v2\/media?parent=853"}],"curies":[{"name":"wp","href":"https:\/\/api.w.org\/{rel}","templated":true}]}}