{"id":850,"date":"2021-08-07T19:50:07","date_gmt":"2021-08-07T19:50:07","guid":{"rendered":"https:\/\/europackers.pt\/politica-de-privacidade\/"},"modified":"2025-11-26T12:06:04","modified_gmt":"2025-11-26T12:06:04","slug":"politica-de-privacidad","status":"publish","type":"page","link":"https:\/\/europackers.pt\/es\/politica-de-privacidad\/","title":{"rendered":"Pol\u00edtica de privacidad"},"content":{"rendered":"<h2>Pol\u00edtica de privacidad<\/h2>\n<p>&nbsp;<\/p>\n<p>Esta Pol\u00edtica de privacidad explica c\u00f3mo recopilamos, usamos y procesamos sus datos personales y c\u00f3mo, al hacerlo, cumplimos con nuestras obligaciones legales para con usted. Su privacidad es importante para nosotros y estamos comprometidos a proteger y salvaguardar sus datos personales.<\/p>\n<h2>A. Qui\u00e9n recopila sus datos personales y qui\u00e9n es la entidad responsable de procesarlos<\/h2>\n<p>El tratamiento de los datos personales recogidos o facilitados por Europackers es responsabilidad de la empresa EUROPACKERS &#8211; TRANSPORTES E MUDAN\u00c7AS, Lda (en adelante, \u00abEuropackers\u00bb o \u00abnosotros\u00bb), cuyos datos de contacto se encuentran a continuaci\u00f3n en esta Pol\u00edtica de Privacidad.<\/p>\n<p>Europackers ha designado un Delegado de Protecci\u00f3n de Datos al que se puede contactar a trav\u00e9s de la direcci\u00f3n de correo electr\u00f3nico info@europackers.pt o por carta certificada con acuse de recibo a Travessa de Jo\u00e3o Veiga Anjos 233, 4470-440 Maia, Portugal.<\/p>\n<h2>B. \u00bfQu\u00e9 datos recopilamos y con qu\u00e9 finalidad?<\/h2>\n<p><b>Datos personales<\/b><\/p>\n<p>Los datos personales recopilados son datos que usted proporciona voluntariamente (o en respuesta a una solicitud nuestra) como parte de una solicitud de cotizaci\u00f3n para uno de los servicios prestados por Europackers, para ponerse en contacto con Europackers o para darnos su opini\u00f3n sobre el nivel de satisfacci\u00f3n o insatisfacci\u00f3n con los servicios prestados.<\/p>\n<p>Los datos personales recopilados de esta manera incluyen:<\/p>\n<ol>\n<li style=\"list-style-type: none;\">\n<ul>\n<li>Sus datos de contacto: apellido, nombre, direcci\u00f3n, n\u00famero de tel\u00e9fono, correo electr\u00f3nico;<\/li>\n<li>En su caso, en el caso de solicitud de cotizaci\u00f3n de un servicio de mudanza, almacenamiento y \/ o transporte, datos espec\u00edficos relacionados con el servicio.<\/li>\n<\/ul>\n<\/li>\n<\/ol>\n<p>No es obligatorio proporcionar a Europackers los datos personales que puedan ser solicitados (y como tal puede ejercer su derecho de oposici\u00f3n en cualquier momento), pero si decide no hacerlo, es posible que no podamos brindarle nuestros servicios. , env\u00ede un presupuesto o responda cualquier pregunta que pueda tener.<\/p>\n<h2>Cookies<\/h2>\n<p>Europackers tambi\u00e9n puede recopilar informaci\u00f3n autom\u00e1ticamente mediante el uso de cookies, sujeto a su consentimiento. Las cookies son peque\u00f1as cantidades de informaci\u00f3n almacenadas por el navegador en el dispositivo a trav\u00e9s del cual accede a nuestro sitio web. Las cookies pueden ser permanentes o temporales y se utilizan para:<\/p>\n<ol>\n<li style=\"list-style-type: none;\">\n<ul>\n<li>Asegurar el buen funcionamiento del sitio web, activar todos los servicios, solicitar un presupuesto, suscribirse a actualizaciones y boletines, acceder al portal de seguimiento;<\/li>\n<li>Optimizar la navegaci\u00f3n del sitio, es decir, a trav\u00e9s de la producci\u00f3n de estad\u00edsticas de navegaci\u00f3n como el n\u00famero de visitantes, las p\u00e1ginas m\u00e1s visitadas, el tiempo de conexi\u00f3n, las p\u00e1ginas desde las que accedi\u00f3 al sitio, los motores de b\u00fasqueda utilizados y la ubicaci\u00f3n geogr\u00e1fica desde donde est\u00e1 accediendo el sitio.<\/li>\n<\/ul>\n<\/li>\n<\/ol>\n<p>Puede cambiar la configuraci\u00f3n de su navegador para aceptar o rechazar las cookies y para bloquear o eliminar las cookies que ya se han depositado. Si rechaza las cookies, es posible que no pueda acceder a varias funciones del sitio web.<\/p>\n<p>Europackers se exime de cualquier responsabilidad por las consecuencias asociadas con el mal funcionamiento del sitio web como resultado del rechazo de las cookies.<\/p>\n<h2>C.Fines y motivos del tratamiento de sus datos personales<\/h2>\n<p>Europackers procesa sus datos personales para los fines de su actividad, a saber:<\/p>\n<ol>\n<li style=\"list-style-type: none;\">\n<ul>\n<li>Procesar las solicitudes de cotizaciones de los usuarios, enviarles cotizaciones, contactar con los usuarios despu\u00e9s de la elaboraci\u00f3n de las cotizaciones o preparar una cotizaci\u00f3n espec\u00edfica;<\/li>\n<li>Ponerse en contacto con los usuarios que han solicitado contacto a trav\u00e9s del sitio web;<\/li>\n<li>Responder a las opiniones y comentarios dejados por los usuarios;<\/li>\n<li>Responder a las preguntas y quejas de los usuarios y brindar soporte al cliente;<\/li>\n<li>Crear y administrar las cuentas personales de los clientes: los datos personales se utilizar\u00e1n para identificar al cliente y proporcionarle acceso a determinadas funciones del sitio web, a saber, el servicio de seguimiento;<\/li>\n<li>Realizaci\u00f3n de operaciones relacionadas con el marketing, tales como ofertas comerciales, promociones, actualizaciones y newsletters;<\/li>\n<li>Producir encuestas de satisfacci\u00f3n;<\/li>\n<li>Probar y mejorar el sitio web y los servicios;<\/li>\n<li>Gestionar solicitudes de derechos de acceso, rectificaci\u00f3n o supresi\u00f3n, objeciones, restricciones al tratamiento y portabilidad de los datos personales de los usuarios.<\/li>\n<\/ul>\n<\/li>\n<\/ol>\n<p>&nbsp;<\/p>\n<h2>D. Con qui\u00e9n se compartir\u00e1n sus datos personales<\/h2>\n<p>Adem\u00e1s del intercambio interno de sus datos (por las razones indicadas en el Punto C de esta Pol\u00edtica de Privacidad), tambi\u00e9n se pueden compartir con proveedores de servicios externos que realizan funciones en nombre de Europackers.<\/p>\n<p>De acuerdo con la ley aplicable, Europackers est\u00e1 obligada a ceder los datos a la Administraci\u00f3n Tributaria, la Seguridad Social, la Autoridad de Condiciones de Trabajo y, siguiendo \u00f3rdenes judiciales, a las autoridades judiciales.<\/p>\n<h2>E. La seguridad de sus datos personales<\/h2>\n<p>Europackers toma todas las medidas posibles para garantizar la confidencialidad y seguridad de sus datos personales, haciendo todos los esfuerzos y medidas de seguridad para protegerlos del mal uso, interferencia, p\u00e9rdida, acceso no autorizado, modificaci\u00f3n o divulgaci\u00f3n.<\/p>\n<p>Nuestras medidas incluyen la implementaci\u00f3n de controles de acceso adecuados para garantizar el cifrado y el anonimato de los datos personales siempre que sea posible.<\/p>\n<p>El acceso a sus datos personales solo est\u00e1 permitido en los t\u00e9rminos descritos anteriormente, siempre en base a la necesidad efectiva de su conocimiento, y sujeto a estrictas obligaciones contractuales de confidencialidad cuando sean procesados \u200b\u200bpor terceros.<\/p>\n<p><b><\/b>Aunque la transmisi\u00f3n de datos a trav\u00e9s de Internet o el sitio web no puede garantizar la seguridad total contra intrusiones, Europackers y sus proveedores de servicios hacen todo lo posible para implementar y mantener medidas de seguridad f\u00edsicas, electr\u00f3nicas y de procedimiento destinadas a proteger sus datos personales de conformidad con los requisitos de protecci\u00f3n de datos aplicables.<\/p>\n<h2>F. Tiempo de conservaci\u00f3n de sus datos personales<\/h2>\n<p>Sus datos personales solo se conservan durante el per\u00edodo de tiempo estrictamente necesario para obtener el prop\u00f3sito para el que fueron recopilados y procesados.<\/p>\n<p>Cualquier dato personal sobre usted que se utilice con fines de marketing se conserva durante un per\u00edodo de tres (3) a\u00f1os a partir del momento en que se recopila en el sitio web.<\/p>\n<p>Cualquier dato personal que se recopile de usted mediante el uso de cookies se conserva durante un per\u00edodo de trece (13) meses desde el momento en que se recopil\u00f3 en el sitio web.<\/p>\n<p>Cuando expiren los plazos necesarios para lograr los fines de este tratamiento, Europackers se compromete a destruir sus datos personales o anonimizarlos.<\/p>\n","protected":false},"excerpt":{"rendered":"<p>Pol\u00edtica de privacidad &nbsp; Esta Pol\u00edtica de privacidad explica c\u00f3mo recopilamos, usamos y procesamos sus datos personales y c\u00f3mo, al hacerlo, cumplimos con nuestras obligaciones legales para con usted. Su privacidad es importante para nosotros y estamos comprometidos a proteger y salvaguardar sus datos personales. A. Qui\u00e9n recopila sus datos personales y qui\u00e9n es la &#8230;<\/p>\n","protected":false},"author":1,"featured_media":0,"parent":0,"menu_order":0,"comment_status":"closed","ping_status":"closed","template":"","meta":{"footnotes":""},"yoast_head":"<!-- This site is optimized with the Yoast SEO plugin v21.5 - https:\/\/yoast.com\/wordpress\/plugins\/seo\/ -->\n<title>Pol\u00edtica de privacidad &#8226; Europackers<\/title>\n<meta name=\"robots\" content=\"index, follow, max-snippet:-1, max-image-preview:large, max-video-preview:-1\" \/>\n<link rel=\"canonical\" href=\"https:\/\/europackers.pt\/es\/politica-de-privacidad\/\" \/>\n<meta property=\"og:locale\" content=\"es_ES\" \/>\n<meta property=\"og:type\" content=\"article\" \/>\n<meta property=\"og:title\" content=\"Pol\u00edtica de privacidad &#8226; Europackers\" \/>\n<meta property=\"og:description\" content=\"Pol\u00edtica de privacidad &nbsp; Esta Pol\u00edtica de privacidad explica c\u00f3mo recopilamos, usamos y procesamos sus datos personales y c\u00f3mo, al hacerlo, cumplimos con nuestras obligaciones legales para con usted. Su privacidad es importante para nosotros y estamos comprometidos a proteger y salvaguardar sus datos personales. A. Qui\u00e9n recopila sus datos personales y qui\u00e9n es la ...\" \/>\n<meta property=\"og:url\" content=\"https:\/\/europackers.pt\/es\/politica-de-privacidad\/\" \/>\n<meta property=\"og:site_name\" content=\"Europackers\" \/>\n<meta property=\"article:publisher\" content=\"https:\/\/www.facebook.com\/europackers\" \/>\n<meta property=\"article:modified_time\" content=\"2025-11-26T12:06:04+00:00\" \/>\n<meta property=\"og:image\" content=\"https:\/\/europackers.pt\/wp-content\/uploads\/2021\/08\/shareimage.jpg\" \/>\n\t<meta property=\"og:image:width\" content=\"1200\" \/>\n\t<meta property=\"og:image:height\" content=\"630\" \/>\n\t<meta property=\"og:image:type\" content=\"image\/jpeg\" \/>\n<meta name=\"twitter:card\" content=\"summary_large_image\" \/>\n<meta name=\"twitter:label1\" content=\"Tiempo de lectura\" \/>\n\t<meta name=\"twitter:data1\" content=\"6 minutos\" \/>\n<script type=\"application\/ld+json\" class=\"yoast-schema-graph\">{\"@context\":\"https:\/\/schema.org\",\"@graph\":[{\"@type\":\"WebPage\",\"@id\":\"https:\/\/europackers.pt\/es\/politica-de-privacidad\/\",\"url\":\"https:\/\/europackers.pt\/es\/politica-de-privacidad\/\",\"name\":\"Pol\u00edtica de privacidad &#8226; Europackers\",\"isPartOf\":{\"@id\":\"https:\/\/europackers.pt\/es\/#website\"},\"datePublished\":\"2021-08-07T19:50:07+00:00\",\"dateModified\":\"2025-11-26T12:06:04+00:00\",\"breadcrumb\":{\"@id\":\"https:\/\/europackers.pt\/es\/politica-de-privacidad\/#breadcrumb\"},\"inLanguage\":\"es\",\"potentialAction\":[{\"@type\":\"ReadAction\",\"target\":[\"https:\/\/europackers.pt\/es\/politica-de-privacidad\/\"]}]},{\"@type\":\"BreadcrumbList\",\"@id\":\"https:\/\/europackers.pt\/es\/politica-de-privacidad\/#breadcrumb\",\"itemListElement\":[{\"@type\":\"ListItem\",\"position\":1,\"name\":\"In\u00edcio\",\"item\":\"https:\/\/europackers.pt\/es\/homepage\/\"},{\"@type\":\"ListItem\",\"position\":2,\"name\":\"Pol\u00edtica de privacidad\"}]},{\"@type\":\"WebSite\",\"@id\":\"https:\/\/europackers.pt\/es\/#website\",\"url\":\"https:\/\/europackers.pt\/es\/\",\"name\":\"Europackers\",\"description\":\"Transportes e Mudan\u00e7as\",\"publisher\":{\"@id\":\"https:\/\/europackers.pt\/es\/#organization\"},\"potentialAction\":[{\"@type\":\"SearchAction\",\"target\":{\"@type\":\"EntryPoint\",\"urlTemplate\":\"https:\/\/europackers.pt\/es\/?s={search_term_string}\"},\"query-input\":\"required name=search_term_string\"}],\"inLanguage\":\"es\"},{\"@type\":\"Organization\",\"@id\":\"https:\/\/europackers.pt\/es\/#organization\",\"name\":\"Europackers\",\"url\":\"https:\/\/europackers.pt\/es\/\",\"logo\":{\"@type\":\"ImageObject\",\"inLanguage\":\"es\",\"@id\":\"https:\/\/europackers.pt\/es\/#\/schema\/logo\/image\/\",\"url\":\"https:\/\/europackers.pt\/wp-content\/uploads\/2021\/08\/image.png\",\"contentUrl\":\"https:\/\/europackers.pt\/wp-content\/uploads\/2021\/08\/image.png\",\"width\":1656,\"height\":819,\"caption\":\"Europackers\"},\"image\":{\"@id\":\"https:\/\/europackers.pt\/es\/#\/schema\/logo\/image\/\"},\"sameAs\":[\"https:\/\/www.facebook.com\/europackers\"]}]}<\/script>\n<!-- \/ Yoast SEO plugin. -->","yoast_head_json":{"title":"Pol\u00edtica de privacidad &#8226; Europackers","robots":{"index":"index","follow":"follow","max-snippet":"max-snippet:-1","max-image-preview":"max-image-preview:large","max-video-preview":"max-video-preview:-1"},"canonical":"https:\/\/europackers.pt\/es\/politica-de-privacidad\/","og_locale":"es_ES","og_type":"article","og_title":"Pol\u00edtica de privacidad &#8226; Europackers","og_description":"Pol\u00edtica de privacidad &nbsp; Esta Pol\u00edtica de privacidad explica c\u00f3mo recopilamos, usamos y procesamos sus datos personales y c\u00f3mo, al hacerlo, cumplimos con nuestras obligaciones legales para con usted. Su privacidad es importante para nosotros y estamos comprometidos a proteger y salvaguardar sus datos personales. A. Qui\u00e9n recopila sus datos personales y qui\u00e9n es la ...","og_url":"https:\/\/europackers.pt\/es\/politica-de-privacidad\/","og_site_name":"Europackers","article_publisher":"https:\/\/www.facebook.com\/europackers","article_modified_time":"2025-11-26T12:06:04+00:00","og_image":[{"width":1200,"height":630,"url":"https:\/\/europackers.pt\/wp-content\/uploads\/2021\/08\/shareimage.jpg","type":"image\/jpeg"}],"twitter_card":"summary_large_image","twitter_misc":{"Tiempo de lectura":"6 minutos"},"schema":{"@context":"https:\/\/schema.org","@graph":[{"@type":"WebPage","@id":"https:\/\/europackers.pt\/es\/politica-de-privacidad\/","url":"https:\/\/europackers.pt\/es\/politica-de-privacidad\/","name":"Pol\u00edtica de privacidad &#8226; Europackers","isPartOf":{"@id":"https:\/\/europackers.pt\/es\/#website"},"datePublished":"2021-08-07T19:50:07+00:00","dateModified":"2025-11-26T12:06:04+00:00","breadcrumb":{"@id":"https:\/\/europackers.pt\/es\/politica-de-privacidad\/#breadcrumb"},"inLanguage":"es","potentialAction":[{"@type":"ReadAction","target":["https:\/\/europackers.pt\/es\/politica-de-privacidad\/"]}]},{"@type":"BreadcrumbList","@id":"https:\/\/europackers.pt\/es\/politica-de-privacidad\/#breadcrumb","itemListElement":[{"@type":"ListItem","position":1,"name":"In\u00edcio","item":"https:\/\/europackers.pt\/es\/homepage\/"},{"@type":"ListItem","position":2,"name":"Pol\u00edtica de privacidad"}]},{"@type":"WebSite","@id":"https:\/\/europackers.pt\/es\/#website","url":"https:\/\/europackers.pt\/es\/","name":"Europackers","description":"Transportes e Mudan\u00e7as","publisher":{"@id":"https:\/\/europackers.pt\/es\/#organization"},"potentialAction":[{"@type":"SearchAction","target":{"@type":"EntryPoint","urlTemplate":"https:\/\/europackers.pt\/es\/?s={search_term_string}"},"query-input":"required name=search_term_string"}],"inLanguage":"es"},{"@type":"Organization","@id":"https:\/\/europackers.pt\/es\/#organization","name":"Europackers","url":"https:\/\/europackers.pt\/es\/","logo":{"@type":"ImageObject","inLanguage":"es","@id":"https:\/\/europackers.pt\/es\/#\/schema\/logo\/image\/","url":"https:\/\/europackers.pt\/wp-content\/uploads\/2021\/08\/image.png","contentUrl":"https:\/\/europackers.pt\/wp-content\/uploads\/2021\/08\/image.png","width":1656,"height":819,"caption":"Europackers"},"image":{"@id":"https:\/\/europackers.pt\/es\/#\/schema\/logo\/image\/"},"sameAs":["https:\/\/www.facebook.com\/europackers"]}]}},"_links":{"self":[{"href":"https:\/\/europackers.pt\/es\/wp-json\/wp\/v2\/pages\/850"}],"collection":[{"href":"https:\/\/europackers.pt\/es\/wp-json\/wp\/v2\/pages"}],"about":[{"href":"https:\/\/europackers.pt\/es\/wp-json\/wp\/v2\/types\/page"}],"author":[{"embeddable":true,"href":"https:\/\/europackers.pt\/es\/wp-json\/wp\/v2\/users\/1"}],"replies":[{"embeddable":true,"href":"https:\/\/europackers.pt\/es\/wp-json\/wp\/v2\/comments?post=850"}],"version-history":[{"count":4,"href":"https:\/\/europackers.pt\/es\/wp-json\/wp\/v2\/pages\/850\/revisions"}],"predecessor-version":[{"id":1737,"href":"https:\/\/europackers.pt\/es\/wp-json\/wp\/v2\/pages\/850\/revisions\/1737"}],"wp:attachment":[{"href":"https:\/\/europackers.pt\/es\/wp-json\/wp\/v2\/media?parent=850"}],"curies":[{"name":"wp","href":"https:\/\/api.w.org\/{rel}","templated":true}]}}