{"id":1336,"date":"2021-08-08T14:48:35","date_gmt":"2021-08-08T14:48:35","guid":{"rendered":"https:\/\/europackers.pt\/transporte\/"},"modified":"2022-11-03T10:13:09","modified_gmt":"2022-11-03T10:13:09","slug":"transport","status":"publish","type":"page","link":"https:\/\/europackers.pt\/de\/transport\/","title":{"rendered":"Transport"},"content":{"rendered":"\n  <div class=\"banner has-hover hide-for-small\" id=\"banner-1057524953\">\n          <div class=\"banner-inner fill\">\n        <div class=\"banner-bg fill\" >\n            <div class=\"bg fill bg-fill \"><\/div>\n                                    \n                    <\/div>\n\t\t\n        <div class=\"banner-layers container\">\n            <div class=\"fill banner-link\"><\/div>            \n   <div id=\"text-box-1009216071\" class=\"text-box banner-layer x5 md-x5 lg-x5 y50 md-y50 lg-y50 res-text\">\n                                <div class=\"text-box-content text dark\">\n              \n              <div class=\"text-inner text-left\">\n                  \n\t<div id=\"text-4080161701\" class=\"text\">\n\t\t\n<h2><strong> Vom Ursprung zum Ziel,<br \/> wir transportieren <\/strong><\/h2>\n\t\t\n<style>\n#text-4080161701 {\n  font-size: 1.2rem;\n  text-align: center;\n}\n<\/style>\n\t<\/div>\n\t\n              <\/div>\n           <\/div>\n                            \n<style>\n#text-box-1009216071 {\n  width: 60%;\n}\n#text-box-1009216071 .text-box-content {\n  font-size: 100%;\n}\n@media (min-width:550px) {\n  #text-box-1009216071 {\n    width: 92%;\n  }\n}\n<\/style>\n    <\/div>\n \n        <\/div>\n      <\/div>\n\n            \n<style>\n#banner-1057524953 {\n  padding-top: 700px;\n}\n#banner-1057524953 .bg.bg-loaded {\n  background-image: url(https:\/\/europackers.pt\/wp-content\/uploads\/2021\/09\/transporte-1-1024x470.jpg);\n}\n#banner-1057524953 .bg {\n  background-position: 50% 50%;\n}\n<\/style>\n  <\/div>\n\n\n\n  <div class=\"banner has-hover show-for-small\" id=\"banner-1097096144\">\n          <div class=\"banner-inner fill\">\n        <div class=\"banner-bg fill\" >\n            <div class=\"bg fill bg-fill \"><\/div>\n                        <div class=\"overlay\"><\/div>            \n                    <\/div>\n\t\t\n        <div class=\"banner-layers container\">\n            <div class=\"fill banner-link\"><\/div>            \n   <div id=\"text-box-2045232719\" class=\"text-box banner-layer x50 md-x5 lg-x5 y50 md-y50 lg-y50 res-text\">\n                                <div class=\"text-box-content text dark\">\n              \n              <div class=\"text-inner text-left\">\n                  \n\t<div id=\"text-3174613668\" class=\"text\">\n\t\t\n<h2> Vom Ursprung zum Ziel,<br \/> wir transportieren <\/h2>\n\t\t\n<style>\n#text-3174613668 {\n  font-size: 0.75rem;\n  text-align: center;\n}\n@media (min-width:550px) {\n  #text-3174613668 {\n    font-size: 1.45rem;\n  }\n}\n<\/style>\n\t<\/div>\n\t\n              <\/div>\n           <\/div>\n                            \n<style>\n#text-box-2045232719 {\n  width: 94%;\n}\n#text-box-2045232719 .text-box-content {\n  font-size: 100%;\n}\n@media (min-width:550px) {\n  #text-box-2045232719 {\n    width: 92%;\n  }\n}\n<\/style>\n    <\/div>\n \n        <\/div>\n      <\/div>\n\n            \n<style>\n#banner-1097096144 {\n  padding-top: 99.99%;\n}\n#banner-1097096144 .bg.bg-loaded {\n  background-image: url(https:\/\/europackers.pt\/wp-content\/uploads\/2021\/09\/transporte-1-1024x470.jpg);\n}\n#banner-1097096144 .overlay {\n  background-color: rgba(0, 0, 0, 0.134);\n}\n@media (min-width:550px) {\n  #banner-1097096144 {\n    padding-top: 590px;\n  }\n}\n<\/style>\n  <\/div>\n\n\n\t<section class=\"section dark\" id=\"section_1021640922\">\n\t\t<div class=\"bg section-bg fill bg-fill  bg-loaded\" >\n\n\t\t\t\n\t\t\t\n\t\t\t\n\n\t\t<\/div>\n\n\t\t\n\n\t\t<div class=\"section-content relative\">\n\t\t\t\n<div class=\"row\"  id=\"row-154016506\">\n\n\t<div id=\"col-1106285750\" class=\"col small-12 large-12\"  >\n\t\t\t\t<div class=\"col-inner text-center\"  >\n\t\t\t\n\t\t\t\n\t<div id=\"text-1415067083\" class=\"text\">\n\t\t\n<p> Wir transportieren G\u00fcter und pers\u00f6nliche Gegenst\u00e4nde im In- sowie im Ausland, entweder mit Eigenmitteln oder \u00fcber globale Gesch\u00e4ftspartner. <\/p>\n<p> Wir vertreiben Waren und Produkte von Einzelhandelsketten und garantieren eine personalisierte Lieferung entsprechend den spezifischen Merkmalen jeder Ware, die Einhaltung von Qualit\u00e4tsstandards und die Zufriedenstellung des Endkunden. <\/p>\n\t\t\n<style>\n#text-1415067083 {\n  font-size: 1.2rem;\n}\n@media (min-width:550px) {\n  #text-1415067083 {\n    font-size: 1.5rem;\n  }\n}\n<\/style>\n\t<\/div>\n\t\n\t\t<\/div>\n\t\t\t\t\t<\/div>\n\n\t\n<\/div>\n\t\t<\/div>\n\n\t\t\n<style>\n#section_1021640922 {\n  padding-top: 60px;\n  padding-bottom: 60px;\n  background-color: #ec008c;\n}\n<\/style>\n\t<\/section>\n\t\n\t<section class=\"section has-mask mask-arrow\" id=\"section_478016280\">\n\t\t<div class=\"bg section-bg fill bg-fill  bg-loaded\" >\n\n\t\t\t\n\t\t\t\n\t\t\t\n\n\t\t<\/div>\n\n\t\t\n\n\t\t<div class=\"section-content relative\">\n\t\t\t\n<div class=\"row align-center\"  id=\"row-150059905\">\n\n\t<div id=\"col-417501884\" class=\"col medium-4 small-12 large-4\"  data-animate=\"bounceInUp\">\n\t\t\t\t<div class=\"col-inner\"  >\n\t\t\t\n\t\t\t\n\n\t\t<div class=\"icon-box featured-box icon-box-center text-center\"  >\n\t\t\t\t\t<div class=\"icon-box-img\" style=\"width: 150px\">\n\t\t\t\t<div class=\"icon\">\n\t\t\t\t\t<div class=\"icon-inner\" style=\"color:rgb(236, 0, 140);\">\n\t\t\t\t\t\t<img loading=\"lazy\" decoding=\"async\" width=\"512\" height=\"512\" src=\"https:\/\/europackers.pt\/wp-content\/uploads\/2021\/08\/packing-list-1.svg\" class=\"attachment-medium size-medium\" alt=\"\" \/>\t\t\t\t\t<\/div>\n\t\t\t\t<\/div>\n\t\t\t<\/div>\n\t\t\t\t<div class=\"icon-box-text last-reset\">\n\t\t\t\t\t\t\t\t\t\n<h4><span data-text-color=\"secondary\"> Luftverkehr <\/span><\/h4>\n\t\t<\/div>\n\t<\/div>\n\t\n\t\n\t\t<\/div>\n\t\t\t\t\t<\/div>\n\n\t\n\n\t<div id=\"col-868099370\" class=\"col medium-4 small-12 large-4\"  data-animate=\"bounceInUp\">\n\t\t\t\t<div class=\"col-inner\"  >\n\t\t\t\n\t\t\t\n\n\t\t<div class=\"icon-box featured-box icon-box-center text-center\"  >\n\t\t\t\t\t<div class=\"icon-box-img\" style=\"width: 150px\">\n\t\t\t\t<div class=\"icon\">\n\t\t\t\t\t<div class=\"icon-inner\" style=\"color:rgb(236, 0, 140);\">\n\t\t\t\t\t\t<img loading=\"lazy\" decoding=\"async\" width=\"512\" height=\"512\" src=\"https:\/\/europackers.pt\/wp-content\/uploads\/2021\/08\/air-freight-1.svg\" class=\"attachment-medium size-medium\" alt=\"\" \/>\t\t\t\t\t<\/div>\n\t\t\t\t<\/div>\n\t\t\t<\/div>\n\t\t\t\t<div class=\"icon-box-text last-reset\">\n\t\t\t\t\t\t\t\t\t\n<h4><span data-text-color=\"secondary\"> Seeverkehr <\/span><\/h4>\n\t\t<\/div>\n\t<\/div>\n\t\n\t\n\t\t<\/div>\n\t\t\t\t\t<\/div>\n\n\t\n\n\t<div id=\"col-615318434\" class=\"col medium-4 small-12 large-4\"  data-animate=\"bounceInUp\">\n\t\t\t\t<div class=\"col-inner\"  >\n\t\t\t\n\t\t\t\n\n\t\t<div class=\"icon-box featured-box icon-box-center text-center\"  >\n\t\t\t\t\t<div class=\"icon-box-img\" style=\"width: 150px\">\n\t\t\t\t<div class=\"icon\">\n\t\t\t\t\t<div class=\"icon-inner\" style=\"color:rgb(236, 0, 140);\">\n\t\t\t\t\t\t<img loading=\"lazy\" decoding=\"async\" width=\"512\" height=\"512\" src=\"https:\/\/europackers.pt\/wp-content\/uploads\/2021\/08\/wholesale-1.svg\" class=\"attachment-medium size-medium\" alt=\"\" \/>\t\t\t\t\t<\/div>\n\t\t\t\t<\/div>\n\t\t\t<\/div>\n\t\t\t\t<div class=\"icon-box-text last-reset\">\n\t\t\t\t\t\t\t\t\t\n<h4><span data-text-color=\"secondary\"> Landverkehr <\/span><\/h4>\n\t\t<\/div>\n\t<\/div>\n\t\n\t\n\t\t<\/div>\n\t\t\t\t\t<\/div>\n\n\t\n\n\t<div id=\"col-1222008061\" class=\"col small-12 large-12\"  >\n\t\t\t\t<div class=\"col-inner text-center\"  >\n\t\t\t\n\t\t\t\n\t<div id=\"gap-125249175\" class=\"gap-element clearfix\" style=\"display:block; height:auto;\">\n\t\t\n<style>\n#gap-125249175 {\n  padding-top: 30px;\n}\n<\/style>\n\t<\/div>\n\t\n\t<div id=\"text-3527324359\" class=\"text\">\n\t\t\n<p><span style=\"font-size: 100%;\" data-line-height=\"xs\"> Wir bieten einfache und flexible Transportl\u00f6sungen f\u00fcr mehr oder weniger dringende Sendungen, die auf jede Herausforderung zugeschnitten sind. <\/span><\/p>\n\t\t\n<style>\n#text-3527324359 {\n  font-size: 1.2rem;\n  line-height: 1.4;\n  text-align: center;\n}\n@media (min-width:550px) {\n  #text-3527324359 {\n    font-size: 1.5rem;\n  }\n}\n<\/style>\n\t<\/div>\n\t\n\t<div id=\"gap-2146138295\" class=\"gap-element clearfix\" style=\"display:block; height:auto;\">\n\t\t\n<style>\n#gap-2146138295 {\n  padding-top: 30px;\n}\n<\/style>\n\t<\/div>\n\t\n<h4 data-line-height=\"m\"><span style=\"font-size: 120%;\">KOSTENVORANSCHLAG ANFORDERN<\/span><\/h4>\n\t<div id=\"gap-343856436\" class=\"gap-element clearfix\" style=\"display:block; height:auto;\">\n\t\t\n<style>\n#gap-343856436 {\n  padding-top: 30px;\n}\n<\/style>\n\t<\/div>\n\t\n<a href=\"mailto:info@europackers.pt?subject=Angebotsanfrage&#038;body=Um%20ein%20individuelles%20Angebot%20zu%20erhalten%2C%20geben%20Sie%20bitte%20die%20folgenden%20Informationen%20an%3A%0D%0A%0D%0A%E2%80%A8Name%3A%0D%0A%0D%0A%E2%80%A8Telefon%3A%0D%0A%0D%0A%E2%80%A8Adresse%20der%20Abholung%3A%0D%0A%0D%0A%E2%80%A8Lieferadresse%3A%0D%0A%0D%0A%E2%80%A8Kurze%20Beschreibung%20der%20zu%20transportierenden%20G%C3%BCter%3A%0D%0A%0D%0A%E2%80%A8Voraussichtliches%20Datum%20des%20Umzugs%3A%0D%0A\" class=\"button secondary is-large lowercase\"  >\n  <i class=\"icon-envelop\" aria-hidden=\"true\" ><\/i>  <span>Email<\/span>\n  <\/a>\n\n<a href=\"https:\/\/wa.me\/4915207552035\" target=\"_blank\" class=\"button secondary is-large lowercase\" rel=\"noopener\"  >\n  <i class=\"icon-phone\" aria-hidden=\"true\" ><\/i>  <span>Whatsapp<\/span>\n  <\/a>\n\n\t\t<\/div>\n\t\t\t\t\n<style>\n#col-1222008061 > .col-inner {\n  padding: 30px 0px 0px 0px;\n}\n<\/style>\n\t<\/div>\n\n\t\n\n<style>\n#row-150059905 > .col > .col-inner {\n  padding: 60px 0px 0px 0px;\n}\n<\/style>\n<\/div>\n\t\t<\/div>\n\n\t\t\n<style>\n#section_478016280 {\n  padding-top: 30px;\n  padding-bottom: 30px;\n  background-color: rgb(255,255,255);\n}\n<\/style>\n\t<\/section>\n\t\n","protected":false},"excerpt":{"rendered":"","protected":false},"author":1,"featured_media":0,"parent":0,"menu_order":0,"comment_status":"closed","ping_status":"closed","template":"page-blank.php","meta":{"footnotes":""},"yoast_head":"<!-- This site is optimized with the Yoast SEO plugin v21.5 - https:\/\/yoast.com\/wordpress\/plugins\/seo\/ -->\n<title>Transporte<\/title>\n<meta name=\"description\" content=\"Weltweiter Transport von Waren und G\u00fctern.\" \/>\n<meta name=\"robots\" content=\"index, follow, max-snippet:-1, max-image-preview:large, max-video-preview:-1\" \/>\n<link rel=\"canonical\" href=\"https:\/\/europackers.pt\/de\/transport\/\" \/>\n<meta property=\"og:locale\" content=\"de_DE\" \/>\n<meta property=\"og:type\" content=\"article\" \/>\n<meta property=\"og:title\" content=\"Transporte\" \/>\n<meta property=\"og:description\" content=\"Weltweiter Transport von Waren und G\u00fctern.\" \/>\n<meta property=\"og:url\" content=\"https:\/\/europackers.pt\/de\/transport\/\" \/>\n<meta property=\"og:site_name\" content=\"Europackers\" \/>\n<meta property=\"article:publisher\" content=\"https:\/\/www.facebook.com\/europackers\" \/>\n<meta property=\"article:modified_time\" content=\"2022-11-03T10:13:09+00:00\" \/>\n<meta property=\"og:image\" content=\"https:\/\/europackers.pt\/wp-content\/uploads\/2021\/08\/shareimage.jpg\" \/>\n\t<meta property=\"og:image:width\" content=\"1200\" \/>\n\t<meta property=\"og:image:height\" content=\"630\" \/>\n\t<meta property=\"og:image:type\" content=\"image\/jpeg\" \/>\n<meta name=\"twitter:card\" content=\"summary_large_image\" \/>\n<meta name=\"twitter:label1\" content=\"Gesch\u00e4tzte Lesezeit\" \/>\n\t<meta name=\"twitter:data1\" content=\"2 Minuten\" \/>\n<script type=\"application\/ld+json\" class=\"yoast-schema-graph\">{\"@context\":\"https:\/\/schema.org\",\"@graph\":[{\"@type\":\"WebPage\",\"@id\":\"https:\/\/europackers.pt\/de\/transport\/\",\"url\":\"https:\/\/europackers.pt\/de\/transport\/\",\"name\":\"Transporte\",\"isPartOf\":{\"@id\":\"https:\/\/europackers.pt\/de\/#website\"},\"datePublished\":\"2021-08-08T14:48:35+00:00\",\"dateModified\":\"2022-11-03T10:13:09+00:00\",\"description\":\"Weltweiter Transport von Waren und G\u00fctern.\",\"breadcrumb\":{\"@id\":\"https:\/\/europackers.pt\/de\/transport\/#breadcrumb\"},\"inLanguage\":\"de-DE\",\"potentialAction\":[{\"@type\":\"ReadAction\",\"target\":[\"https:\/\/europackers.pt\/de\/transport\/\"]}]},{\"@type\":\"BreadcrumbList\",\"@id\":\"https:\/\/europackers.pt\/de\/transport\/#breadcrumb\",\"itemListElement\":[{\"@type\":\"ListItem\",\"position\":1,\"name\":\"In\u00edcio\",\"item\":\"https:\/\/europackers.pt\/de\/homepage\/\"},{\"@type\":\"ListItem\",\"position\":2,\"name\":\"Transport\"}]},{\"@type\":\"WebSite\",\"@id\":\"https:\/\/europackers.pt\/de\/#website\",\"url\":\"https:\/\/europackers.pt\/de\/\",\"name\":\"Europackers\",\"description\":\"Transportes e Mudan\u00e7as\",\"publisher\":{\"@id\":\"https:\/\/europackers.pt\/de\/#organization\"},\"potentialAction\":[{\"@type\":\"SearchAction\",\"target\":{\"@type\":\"EntryPoint\",\"urlTemplate\":\"https:\/\/europackers.pt\/de\/?s={search_term_string}\"},\"query-input\":\"required name=search_term_string\"}],\"inLanguage\":\"de-DE\"},{\"@type\":\"Organization\",\"@id\":\"https:\/\/europackers.pt\/de\/#organization\",\"name\":\"Europackers\",\"url\":\"https:\/\/europackers.pt\/de\/\",\"logo\":{\"@type\":\"ImageObject\",\"inLanguage\":\"de-DE\",\"@id\":\"https:\/\/europackers.pt\/de\/#\/schema\/logo\/image\/\",\"url\":\"https:\/\/europackers.pt\/wp-content\/uploads\/2021\/08\/image.png\",\"contentUrl\":\"https:\/\/europackers.pt\/wp-content\/uploads\/2021\/08\/image.png\",\"width\":1656,\"height\":819,\"caption\":\"Europackers\"},\"image\":{\"@id\":\"https:\/\/europackers.pt\/de\/#\/schema\/logo\/image\/\"},\"sameAs\":[\"https:\/\/www.facebook.com\/europackers\"]}]}<\/script>\n<!-- \/ Yoast SEO plugin. -->","yoast_head_json":{"title":"Transporte","description":"Weltweiter Transport von Waren und G\u00fctern.","robots":{"index":"index","follow":"follow","max-snippet":"max-snippet:-1","max-image-preview":"max-image-preview:large","max-video-preview":"max-video-preview:-1"},"canonical":"https:\/\/europackers.pt\/de\/transport\/","og_locale":"de_DE","og_type":"article","og_title":"Transporte","og_description":"Weltweiter Transport von Waren und G\u00fctern.","og_url":"https:\/\/europackers.pt\/de\/transport\/","og_site_name":"Europackers","article_publisher":"https:\/\/www.facebook.com\/europackers","article_modified_time":"2022-11-03T10:13:09+00:00","og_image":[{"width":1200,"height":630,"url":"https:\/\/europackers.pt\/wp-content\/uploads\/2021\/08\/shareimage.jpg","type":"image\/jpeg"}],"twitter_card":"summary_large_image","twitter_misc":{"Gesch\u00e4tzte Lesezeit":"2 Minuten"},"schema":{"@context":"https:\/\/schema.org","@graph":[{"@type":"WebPage","@id":"https:\/\/europackers.pt\/de\/transport\/","url":"https:\/\/europackers.pt\/de\/transport\/","name":"Transporte","isPartOf":{"@id":"https:\/\/europackers.pt\/de\/#website"},"datePublished":"2021-08-08T14:48:35+00:00","dateModified":"2022-11-03T10:13:09+00:00","description":"Weltweiter Transport von Waren und G\u00fctern.","breadcrumb":{"@id":"https:\/\/europackers.pt\/de\/transport\/#breadcrumb"},"inLanguage":"de-DE","potentialAction":[{"@type":"ReadAction","target":["https:\/\/europackers.pt\/de\/transport\/"]}]},{"@type":"BreadcrumbList","@id":"https:\/\/europackers.pt\/de\/transport\/#breadcrumb","itemListElement":[{"@type":"ListItem","position":1,"name":"In\u00edcio","item":"https:\/\/europackers.pt\/de\/homepage\/"},{"@type":"ListItem","position":2,"name":"Transport"}]},{"@type":"WebSite","@id":"https:\/\/europackers.pt\/de\/#website","url":"https:\/\/europackers.pt\/de\/","name":"Europackers","description":"Transportes e Mudan\u00e7as","publisher":{"@id":"https:\/\/europackers.pt\/de\/#organization"},"potentialAction":[{"@type":"SearchAction","target":{"@type":"EntryPoint","urlTemplate":"https:\/\/europackers.pt\/de\/?s={search_term_string}"},"query-input":"required name=search_term_string"}],"inLanguage":"de-DE"},{"@type":"Organization","@id":"https:\/\/europackers.pt\/de\/#organization","name":"Europackers","url":"https:\/\/europackers.pt\/de\/","logo":{"@type":"ImageObject","inLanguage":"de-DE","@id":"https:\/\/europackers.pt\/de\/#\/schema\/logo\/image\/","url":"https:\/\/europackers.pt\/wp-content\/uploads\/2021\/08\/image.png","contentUrl":"https:\/\/europackers.pt\/wp-content\/uploads\/2021\/08\/image.png","width":1656,"height":819,"caption":"Europackers"},"image":{"@id":"https:\/\/europackers.pt\/de\/#\/schema\/logo\/image\/"},"sameAs":["https:\/\/www.facebook.com\/europackers"]}]}},"_links":{"self":[{"href":"https:\/\/europackers.pt\/de\/wp-json\/wp\/v2\/pages\/1336"}],"collection":[{"href":"https:\/\/europackers.pt\/de\/wp-json\/wp\/v2\/pages"}],"about":[{"href":"https:\/\/europackers.pt\/de\/wp-json\/wp\/v2\/types\/page"}],"author":[{"embeddable":true,"href":"https:\/\/europackers.pt\/de\/wp-json\/wp\/v2\/users\/1"}],"replies":[{"embeddable":true,"href":"https:\/\/europackers.pt\/de\/wp-json\/wp\/v2\/comments?post=1336"}],"version-history":[{"count":3,"href":"https:\/\/europackers.pt\/de\/wp-json\/wp\/v2\/pages\/1336\/revisions"}],"predecessor-version":[{"id":1534,"href":"https:\/\/europackers.pt\/de\/wp-json\/wp\/v2\/pages\/1336\/revisions\/1534"}],"wp:attachment":[{"href":"https:\/\/europackers.pt\/de\/wp-json\/wp\/v2\/media?parent=1336"}],"curies":[{"name":"wp","href":"https:\/\/api.w.org\/{rel}","templated":true}]}}