{"id":1332,"date":"2021-08-08T14:49:25","date_gmt":"2021-08-08T14:49:25","guid":{"rendered":"https:\/\/europackers.pt\/sobre\/"},"modified":"2022-11-03T10:11:07","modified_gmt":"2022-11-03T10:11:07","slug":"uber","status":"publish","type":"page","link":"https:\/\/europackers.pt\/de\/uber\/","title":{"rendered":"\u00dcber"},"content":{"rendered":"\n  <div class=\"banner has-hover hide-for-small\" id=\"banner-1258398814\">\n          <div class=\"banner-inner fill\">\n        <div class=\"banner-bg fill\" >\n            <div class=\"bg fill bg-fill \"><\/div>\n                                    \n                    <\/div>\n\t\t\n        <div class=\"banner-layers container\">\n            <div class=\"fill banner-link\"><\/div>            \n   <div id=\"text-box-1325515641\" class=\"text-box banner-layer x5 md-x5 lg-x5 y50 md-y50 lg-y50 res-text\">\n                                <div class=\"text-box-content text dark\">\n              \n              <div class=\"text-inner text-left\">\n                  \n\t<div id=\"text-3269333625\" class=\"text\">\n\t\t\n<h2><strong> Vom Unm\u00f6glichen zur neuen Adresse<br \/>\n <\/strong><\/h2>\n\t\t\n<style>\n#text-3269333625 {\n  font-size: 1.2rem;\n  text-align: center;\n}\n<\/style>\n\t<\/div>\n\t\n              <\/div>\n           <\/div>\n                            \n<style>\n#text-box-1325515641 {\n  width: 60%;\n}\n#text-box-1325515641 .text-box-content {\n  font-size: 100%;\n}\n@media (min-width:550px) {\n  #text-box-1325515641 {\n    width: 92%;\n  }\n}\n<\/style>\n    <\/div>\n \n        <\/div>\n      <\/div>\n\n            \n<style>\n#banner-1258398814 {\n  padding-top: 700px;\n}\n#banner-1258398814 .bg.bg-loaded {\n  background-image: url(https:\/\/europackers.pt\/wp-content\/uploads\/2021\/08\/sobre.jpg);\n}\n#banner-1258398814 .bg {\n  background-position: 50% 50%;\n}\n<\/style>\n  <\/div>\n\n\n\n  <div class=\"banner has-hover show-for-small\" id=\"banner-1815950379\">\n          <div class=\"banner-inner fill\">\n        <div class=\"banner-bg fill\" >\n            <div class=\"bg fill bg-fill \"><\/div>\n                        <div class=\"overlay\"><\/div>            \n                    <\/div>\n\t\t\n        <div class=\"banner-layers container\">\n            <div class=\"fill banner-link\"><\/div>            \n   <div id=\"text-box-912108011\" class=\"text-box banner-layer x5 md-x5 lg-x5 y50 md-y50 lg-y50 res-text\">\n                                <div class=\"text-box-content text dark\">\n              \n              <div class=\"text-inner text-left\">\n                  \n\t<div id=\"text-128698528\" class=\"text\">\n\t\t\n<h2> Vom Unm\u00f6glichen zur neuen Adresse<br \/>\n<\/h2>\n\t\t\n<style>\n#text-128698528 {\n  font-size: 0.75rem;\n  text-align: center;\n}\n@media (min-width:550px) {\n  #text-128698528 {\n    font-size: 1.45rem;\n  }\n}\n<\/style>\n\t<\/div>\n\t\n              <\/div>\n           <\/div>\n                            \n<style>\n#text-box-912108011 {\n  width: 94%;\n}\n#text-box-912108011 .text-box-content {\n  font-size: 100%;\n}\n@media (min-width:550px) {\n  #text-box-912108011 {\n    width: 92%;\n  }\n}\n<\/style>\n    <\/div>\n \n        <\/div>\n      <\/div>\n\n            \n<style>\n#banner-1815950379 {\n  padding-top: 99.99%;\n}\n#banner-1815950379 .bg.bg-loaded {\n  background-image: url(https:\/\/europackers.pt\/wp-content\/uploads\/2021\/08\/pexels-karolina-grabowska-4498139-1024x683.jpg);\n}\n#banner-1815950379 .overlay {\n  background-color: rgba(0, 0, 0, 0.134);\n}\n@media (min-width:550px) {\n  #banner-1815950379 {\n    padding-top: 590px;\n  }\n}\n<\/style>\n  <\/div>\n\n\n\t<section class=\"section\" id=\"section_1100228369\">\n\t\t<div class=\"bg section-bg fill bg-fill  bg-loaded\" >\n\n\t\t\t\n\t\t\t\n\t\t\t\n\n\t\t<\/div>\n\n\t\t\n\n\t\t<div class=\"section-content relative\">\n\t\t\t\n<div class=\"row\"  id=\"row-1080445059\">\n\n\t<div id=\"col-1920115283\" class=\"col small-12 large-12\"  >\n\t\t\t\t<div class=\"col-inner text-center\"  >\n\t\t\t\n\t\t\t\n\t<div id=\"text-2170388900\" class=\"text\">\n\t\t\n<p>Europackers ist ein auf Umz\u00fcge spezialisiertes Unternehmen, das seit 2017 auf dem Markt ist.<\/p>\n<p>Wir bieten einen T\u00fcr-zu-T\u00fcr-Service, auch wenn das bedeutet, den Globus zu umrunden.<\/p>\n<p>Wir f\u00fchren nationale, innereurop\u00e4ische und internationale Umz\u00fcge durch, mit besonderem Schwerpunkt auf Umz\u00fcgen zwischen Europa und Brasilien, bei denen wir einen differenzierten, auf den jeweiligen Vorgang zugeschnittenen Service gew\u00e4hrleisten.<\/p>\n<p>Wir brauchen nur eine Sache des Kunden: die Zieladresse.<\/p>\n<p>Zwischen der Abfahrt und der Ankunft:<\/p>\n<ul>\n<li>wir verpacken alle Waren sorgf\u00e4ltig<\/li>\n<li>wir bereiten alle erforderlichen Unterlagen vor und halten dabei die Zollvorschriften des jeweiligen Landes strikt ein<\/li>\n<li>wir bieten Versicherungsschutz f\u00fcr den gesamten Umzugsprozess<\/li>\n<li>wir sorgen f\u00fcr die vor\u00fcbergehende Lagerung von G\u00fctern, wann immer dies erforderlich ist<\/li>\n<li>wir bieten einen Nachverfolgungsservice, der den Kunden in jeden einzelnen Umzugsschritt einbezieht.<\/li>\n<\/ul>\n<p>Von einem einzelnen Karton bis zur kompletten Einrichtung einer Immobilie, unser Anspruch ist immer derselbe, denn unser Ziel ist unab\u00e4nderlich: die Zufriedenheit unserer Kunden<\/p>\n\t\t\n<style>\n#text-2170388900 {\n  text-align: left;\n}\n<\/style>\n\t<\/div>\n\t\n\t<div id=\"gap-337463446\" class=\"gap-element clearfix\" style=\"display:block; height:auto;\">\n\t\t\n<style>\n#gap-337463446 {\n  padding-top: 30px;\n}\n<\/style>\n\t<\/div>\n\t\n\t<div id=\"text-1309063179\" class=\"text\">\n\t\t\n<h3><span style=\"font-size: 100%;\"> Es gibt keine Ver\u00e4nderung, wenn sich nichts \u00e4ndert. <\/span><\/h3>\n\t\t\n<style>\n#text-1309063179 {\n  font-size: 1.5rem;\n  text-align: center;\n}\n<\/style>\n\t<\/div>\n\t\n\t<div id=\"gap-1195644586\" class=\"gap-element clearfix\" style=\"display:block; height:auto;\">\n\t\t\n<style>\n#gap-1195644586 {\n  padding-top: 30px;\n}\n<\/style>\n\t<\/div>\n\t\n<h4 data-line-height=\"m\"><span style=\"font-size: 120%;\">KOSTENVORANSCHLAG ANFORDERN<\/span><\/h4>\n\t<div id=\"gap-1918617297\" class=\"gap-element clearfix\" style=\"display:block; height:auto;\">\n\t\t\n<style>\n#gap-1918617297 {\n  padding-top: 30px;\n}\n<\/style>\n\t<\/div>\n\t\n<a href=\"mailto:info@europackers.pt?subject=Angebotsanfrage&#038;body=Um%20ein%20individuelles%20Angebot%20zu%20erhalten%2C%20geben%20Sie%20bitte%20die%20folgenden%20Informationen%20an%3A%0D%0A%0D%0A%E2%80%A8Name%3A%0D%0A%0D%0A%E2%80%A8Telefon%3A%0D%0A%0D%0A%E2%80%A8Adresse%20der%20Abholung%3A%0D%0A%0D%0A%E2%80%A8Lieferadresse%3A%0D%0A%0D%0A%E2%80%A8Kurze%20Beschreibung%20der%20zu%20transportierenden%20G%C3%BCter%3A%0D%0A%0D%0A%E2%80%A8Voraussichtliches%20Datum%20des%20Umzugs%3A%0D%0A\" class=\"button secondary is-large lowercase\"  >\n  <i class=\"icon-envelop\" aria-hidden=\"true\" ><\/i>  <span>Email<\/span>\n  <\/a>\n\n<a href=\"https:\/\/wa.me\/4915207552035\" target=\"_blank\" class=\"button secondary is-large lowercase\" rel=\"noopener\"  >\n  <i class=\"icon-phone\" aria-hidden=\"true\" ><\/i>  <span>Whatsapp<\/span>\n  <\/a>\n\n\t\t<\/div>\n\t\t\t\t\n<style>\n#col-1920115283 > .col-inner {\n  padding: 30px 0px 0px 0px;\n}\n<\/style>\n\t<\/div>\n\n\t\n\n<style>\n#row-1080445059 > .col > .col-inner {\n  padding: 60px 0px 0px 0px;\n}\n<\/style>\n<\/div>\n\t\t<\/div>\n\n\t\t\n<style>\n#section_1100228369 {\n  padding-top: 30px;\n  padding-bottom: 30px;\n  background-color: rgb(255,255,255);\n}\n<\/style>\n\t<\/section>\n\t\n","protected":false},"excerpt":{"rendered":"","protected":false},"author":1,"featured_media":0,"parent":0,"menu_order":0,"comment_status":"closed","ping_status":"closed","template":"page-blank.php","meta":{"footnotes":""},"yoast_head":"<!-- This site is optimized with the Yoast SEO plugin v21.5 - https:\/\/yoast.com\/wordpress\/plugins\/seo\/ -->\n<title>\u00dcber<\/title>\n<meta name=\"description\" content=\"Umzug von pers\u00f6nlichem Besitz von T\u00fcr zu T\u00fcr auf der ganzen Welt.\" \/>\n<meta name=\"robots\" content=\"index, follow, max-snippet:-1, max-image-preview:large, max-video-preview:-1\" \/>\n<link rel=\"canonical\" href=\"https:\/\/europackers.pt\/de\/uber\/\" \/>\n<meta property=\"og:locale\" content=\"de_DE\" \/>\n<meta property=\"og:type\" content=\"article\" \/>\n<meta property=\"og:title\" content=\"\u00dcber\" \/>\n<meta property=\"og:description\" content=\"Umzug von pers\u00f6nlichem Besitz von T\u00fcr zu T\u00fcr auf der ganzen Welt.\" \/>\n<meta property=\"og:url\" content=\"https:\/\/europackers.pt\/de\/uber\/\" \/>\n<meta property=\"og:site_name\" content=\"Europackers\" \/>\n<meta property=\"article:publisher\" content=\"https:\/\/www.facebook.com\/europackers\" \/>\n<meta property=\"article:modified_time\" content=\"2022-11-03T10:11:07+00:00\" \/>\n<meta property=\"og:image\" content=\"https:\/\/europackers.pt\/wp-content\/uploads\/2021\/08\/shareimage.jpg\" \/>\n\t<meta property=\"og:image:width\" content=\"1200\" \/>\n\t<meta property=\"og:image:height\" content=\"630\" \/>\n\t<meta property=\"og:image:type\" content=\"image\/jpeg\" \/>\n<meta name=\"twitter:card\" content=\"summary_large_image\" \/>\n<meta name=\"twitter:label1\" content=\"Gesch\u00e4tzte Lesezeit\" \/>\n\t<meta name=\"twitter:data1\" content=\"2 Minuten\" \/>\n<script type=\"application\/ld+json\" class=\"yoast-schema-graph\">{\"@context\":\"https:\/\/schema.org\",\"@graph\":[{\"@type\":\"WebPage\",\"@id\":\"https:\/\/europackers.pt\/de\/uber\/\",\"url\":\"https:\/\/europackers.pt\/de\/uber\/\",\"name\":\"\u00dcber\",\"isPartOf\":{\"@id\":\"https:\/\/europackers.pt\/de\/#website\"},\"datePublished\":\"2021-08-08T14:49:25+00:00\",\"dateModified\":\"2022-11-03T10:11:07+00:00\",\"description\":\"Umzug von pers\u00f6nlichem Besitz von T\u00fcr zu T\u00fcr auf der ganzen Welt.\",\"breadcrumb\":{\"@id\":\"https:\/\/europackers.pt\/de\/uber\/#breadcrumb\"},\"inLanguage\":\"de-DE\",\"potentialAction\":[{\"@type\":\"ReadAction\",\"target\":[\"https:\/\/europackers.pt\/de\/uber\/\"]}]},{\"@type\":\"BreadcrumbList\",\"@id\":\"https:\/\/europackers.pt\/de\/uber\/#breadcrumb\",\"itemListElement\":[{\"@type\":\"ListItem\",\"position\":1,\"name\":\"In\u00edcio\",\"item\":\"https:\/\/europackers.pt\/de\/homepage\/\"},{\"@type\":\"ListItem\",\"position\":2,\"name\":\"\u00dcber\"}]},{\"@type\":\"WebSite\",\"@id\":\"https:\/\/europackers.pt\/de\/#website\",\"url\":\"https:\/\/europackers.pt\/de\/\",\"name\":\"Europackers\",\"description\":\"Transportes e Mudan\u00e7as\",\"publisher\":{\"@id\":\"https:\/\/europackers.pt\/de\/#organization\"},\"potentialAction\":[{\"@type\":\"SearchAction\",\"target\":{\"@type\":\"EntryPoint\",\"urlTemplate\":\"https:\/\/europackers.pt\/de\/?s={search_term_string}\"},\"query-input\":\"required name=search_term_string\"}],\"inLanguage\":\"de-DE\"},{\"@type\":\"Organization\",\"@id\":\"https:\/\/europackers.pt\/de\/#organization\",\"name\":\"Europackers\",\"url\":\"https:\/\/europackers.pt\/de\/\",\"logo\":{\"@type\":\"ImageObject\",\"inLanguage\":\"de-DE\",\"@id\":\"https:\/\/europackers.pt\/de\/#\/schema\/logo\/image\/\",\"url\":\"https:\/\/europackers.pt\/wp-content\/uploads\/2021\/08\/image.png\",\"contentUrl\":\"https:\/\/europackers.pt\/wp-content\/uploads\/2021\/08\/image.png\",\"width\":1656,\"height\":819,\"caption\":\"Europackers\"},\"image\":{\"@id\":\"https:\/\/europackers.pt\/de\/#\/schema\/logo\/image\/\"},\"sameAs\":[\"https:\/\/www.facebook.com\/europackers\"]}]}<\/script>\n<!-- \/ Yoast SEO plugin. -->","yoast_head_json":{"title":"\u00dcber","description":"Umzug von pers\u00f6nlichem Besitz von T\u00fcr zu T\u00fcr auf der ganzen Welt.","robots":{"index":"index","follow":"follow","max-snippet":"max-snippet:-1","max-image-preview":"max-image-preview:large","max-video-preview":"max-video-preview:-1"},"canonical":"https:\/\/europackers.pt\/de\/uber\/","og_locale":"de_DE","og_type":"article","og_title":"\u00dcber","og_description":"Umzug von pers\u00f6nlichem Besitz von T\u00fcr zu T\u00fcr auf der ganzen Welt.","og_url":"https:\/\/europackers.pt\/de\/uber\/","og_site_name":"Europackers","article_publisher":"https:\/\/www.facebook.com\/europackers","article_modified_time":"2022-11-03T10:11:07+00:00","og_image":[{"width":1200,"height":630,"url":"https:\/\/europackers.pt\/wp-content\/uploads\/2021\/08\/shareimage.jpg","type":"image\/jpeg"}],"twitter_card":"summary_large_image","twitter_misc":{"Gesch\u00e4tzte Lesezeit":"2 Minuten"},"schema":{"@context":"https:\/\/schema.org","@graph":[{"@type":"WebPage","@id":"https:\/\/europackers.pt\/de\/uber\/","url":"https:\/\/europackers.pt\/de\/uber\/","name":"\u00dcber","isPartOf":{"@id":"https:\/\/europackers.pt\/de\/#website"},"datePublished":"2021-08-08T14:49:25+00:00","dateModified":"2022-11-03T10:11:07+00:00","description":"Umzug von pers\u00f6nlichem Besitz von T\u00fcr zu T\u00fcr auf der ganzen Welt.","breadcrumb":{"@id":"https:\/\/europackers.pt\/de\/uber\/#breadcrumb"},"inLanguage":"de-DE","potentialAction":[{"@type":"ReadAction","target":["https:\/\/europackers.pt\/de\/uber\/"]}]},{"@type":"BreadcrumbList","@id":"https:\/\/europackers.pt\/de\/uber\/#breadcrumb","itemListElement":[{"@type":"ListItem","position":1,"name":"In\u00edcio","item":"https:\/\/europackers.pt\/de\/homepage\/"},{"@type":"ListItem","position":2,"name":"\u00dcber"}]},{"@type":"WebSite","@id":"https:\/\/europackers.pt\/de\/#website","url":"https:\/\/europackers.pt\/de\/","name":"Europackers","description":"Transportes e Mudan\u00e7as","publisher":{"@id":"https:\/\/europackers.pt\/de\/#organization"},"potentialAction":[{"@type":"SearchAction","target":{"@type":"EntryPoint","urlTemplate":"https:\/\/europackers.pt\/de\/?s={search_term_string}"},"query-input":"required name=search_term_string"}],"inLanguage":"de-DE"},{"@type":"Organization","@id":"https:\/\/europackers.pt\/de\/#organization","name":"Europackers","url":"https:\/\/europackers.pt\/de\/","logo":{"@type":"ImageObject","inLanguage":"de-DE","@id":"https:\/\/europackers.pt\/de\/#\/schema\/logo\/image\/","url":"https:\/\/europackers.pt\/wp-content\/uploads\/2021\/08\/image.png","contentUrl":"https:\/\/europackers.pt\/wp-content\/uploads\/2021\/08\/image.png","width":1656,"height":819,"caption":"Europackers"},"image":{"@id":"https:\/\/europackers.pt\/de\/#\/schema\/logo\/image\/"},"sameAs":["https:\/\/www.facebook.com\/europackers"]}]}},"_links":{"self":[{"href":"https:\/\/europackers.pt\/de\/wp-json\/wp\/v2\/pages\/1332"}],"collection":[{"href":"https:\/\/europackers.pt\/de\/wp-json\/wp\/v2\/pages"}],"about":[{"href":"https:\/\/europackers.pt\/de\/wp-json\/wp\/v2\/types\/page"}],"author":[{"embeddable":true,"href":"https:\/\/europackers.pt\/de\/wp-json\/wp\/v2\/users\/1"}],"replies":[{"embeddable":true,"href":"https:\/\/europackers.pt\/de\/wp-json\/wp\/v2\/comments?post=1332"}],"version-history":[{"count":3,"href":"https:\/\/europackers.pt\/de\/wp-json\/wp\/v2\/pages\/1332\/revisions"}],"predecessor-version":[{"id":1533,"href":"https:\/\/europackers.pt\/de\/wp-json\/wp\/v2\/pages\/1332\/revisions\/1533"}],"wp:attachment":[{"href":"https:\/\/europackers.pt\/de\/wp-json\/wp\/v2\/media?parent=1332"}],"curies":[{"name":"wp","href":"https:\/\/api.w.org\/{rel}","templated":true}]}}