{"id":1330,"date":"2021-08-07T19:50:07","date_gmt":"2021-08-07T19:50:07","guid":{"rendered":"https:\/\/europackers.pt\/politica-de-privacidade\/"},"modified":"2025-11-26T11:58:18","modified_gmt":"2025-11-26T11:58:18","slug":"datenschutzbestimmungen","status":"publish","type":"page","link":"https:\/\/europackers.pt\/de\/datenschutzbestimmungen\/","title":{"rendered":"DATENSCHUTZBESTIMMUNGEN"},"content":{"rendered":"<h2>DATENSCHUTZBESTIMMUNGEN<\/h2>\n<p>In dieser Datenschutzerkl\u00e4rung wird erl\u00e4utert, wie wir Ihre personenbezogenen Daten erfassen, verwenden und behandeln und wie wir dabei unseren gesetzlichen Verpflichtungen Ihnen gegen\u00fcber nachkommen. Ihre Privatsph\u00e4re ist uns wichtig und\u00a0wir f\u00fchlen uns verpflichtet, Ihre pers\u00f6nlichen Daten zu sch\u00fctzen und zu bewahren.<\/p>\n<h2><b><\/b>A. Wer sammelt Ihre personenbezogenen Daten und wer ist f\u00fcr deren Verarbeitung verantwortlich?<\/h2>\n<p>F\u00fcr die Behandlung der von Europackers gesammelten oder ihr zur Verf\u00fcgung gestellten personenbezogenen Daten ist das Unternehmen EUROPACKERS &#8211; TRANSPORTES E MUDAN\u00c7AS, Lda (im Folgenden &#8222;Europackers&#8220; oder &#8222;wir&#8220;) verantwortlich, dessen Kontaktdaten Sie weiter unten in dieser Datenschutzerkl\u00e4rung finden.<\/p>\n<p>Europackers hat einen Datenschutzbeauftragten ernannt, der unter info@europackers.pt oder per Einschreiben mit R\u00fcckschein an Travessa de Jo\u00e3o Veiga Anjos 233, 4470-440 Maia, Portugal kontaktiert werden kann.<\/p>\n<h2>B. Welche Daten sammeln wir und zu welchem Zweck?<\/h2>\n<p><b>Pers\u00f6nliche Daten<\/b><\/p>\n<p>Zur Bearbeitung von Angebotsanfragen und zur Einhaltung von Gesetzen und Vorschriften, die f\u00fcr unsere Dienstleistungen gelten.<\/p>\n<p><b>Kundengeschichte<\/b><\/p>\n<p>F\u00fcr die Bereitstellung von personalisierten Informationen \u00fcber unsere Produkte und Dienstleistungen, Werbe- und Verkaufsf\u00f6rderungskampagnen, kommerzielle Angebote und andere Zwecke, die in engem Zusammenhang mit Europackers stehen.<\/p>\n<p><b>Cookies<\/b><\/p>\n<p>F\u00fcr ein optimiertes Browsing-Erlebnis. Cookies helfen uns, die Pr\u00e4ferenzen jedes Nutzers zu erkennen, so dass wir besser auf ihn eingehen k\u00f6nnen.<\/p>\n<p>Die in den Cookies gesammelten Informationen erm\u00f6glichen es uns auch, unsere Website zu verbessern, indem sie Informationen \u00fcber die Anzahl und Regelm\u00e4\u00dfigkeit der Besuche, die Anpassung der Website an die individuellen Interessen der Nutzer, die Geschwindigkeit der Suchvorg\u00e4nge usw. liefern.<span class=\"Apple-converted-space\">\u00a0<\/span><\/p>\n<p>Die Verwaltung der Berechtigungen f\u00fcr die Verwendung von Cookies kann jederzeit in den Browsereinstellungen konfiguriert werden.<\/p>\n<h2>C. An wen Ihre pers\u00f6nlichen Daten weitergegeben werden<\/h2>\n<p>Neben der internen Weitergabe Ihrer Daten k\u00f6nnen Ihre Daten auch an externe Dienstleister weitergegeben werden, die Funktionen im Auftrag von Europackers ausf\u00fchren.<\/p>\n<p>Nach geltendem Recht ist Europackers verpflichtet, Daten an die Steuerverwaltung, die Sozialversicherung, die Beh\u00f6rde f\u00fcr Arbeitsbedingungen und auf gerichtliche Anordnung hin an Justizbeh\u00f6rden weiterzugeben.<\/p>\n<h2>D. Die Sicherheit Ihrer pers\u00f6nlichen Daten<\/h2>\n<p>Europackers ergreift Sicherheitsma\u00dfnahmen zum Schutz aller gesammelten Daten, insbesondere durch Datenverschl\u00fcsselung und Authentifizierungstools sowie durch h\u00e4ufige \u00dcberpr\u00fcfung unserer Datenerhebungs-, -speicherungs- und -verarbeitungspraktiken, um einen unbefugten Zugriff auf unsere Systeme zu verhindern.<\/p>\n<p>Der Zugang zu Ihren personenbezogenen Daten ist nur wie oben beschrieben erlaubt, immer auf einer Notwendigkeitsbasis und unterliegt strengen vertraglichen Vertraulichkeitsverpflichtungen, wenn sie von Dritten verarbeitet werden.<\/p>\n<p>Obwohl die Daten\u00fcbertragung \u00fcber das Internet oder die Website keine absolute Sicherheit gegen Eindringlinge garantieren kann, bem\u00fchen sich Europackers und seine Dienstleister nach besten Kr\u00e4ften, physische, elektronische und verfahrenstechnische Sicherheitsma\u00dfnahmen zum Schutz Ihrer personenbezogenen Daten in \u00dcbereinstimmung mit den geltenden Datenschutzbestimmungen einzuf\u00fchren und aufrechtzuerhalten.<\/p>\n<h2>E. Aufbewahrungsfrist f\u00fcr Ihre personenbezogenen Daten<\/h2>\n<p>Ihre personenbezogenen Daten werden nur so lange aufbewahrt, wie es f\u00fcr den Zweck, f\u00fcr den sie erhoben und verarbeitet wurden, unbedingt erforderlich ist.<\/p>\n<p>Pers\u00f6nliche Daten \u00fcber Sie, die f\u00fcr Marketingzwecke verwendet werden, werden f\u00fcr einen Zeitraum von drei (3) Jahren ab dem Zeitpunkt ihrer Erhebung auf der Website gespeichert.<\/p>\n<p>Personenbezogene Daten, die mit Hilfe von Cookies erhoben werden, werden f\u00fcr einen Zeitraum von dreizehn (13) Monaten ab dem Zeitpunkt ihrer Erhebung auf der Website gespeichert.<\/p>\n<p>Europackers verpflichtet sich, Ihre personenbezogenen Daten zu vernichten oder zu anonymisieren, wenn die Fristen, die f\u00fcr die Erreichung der Zwecke dieser Verarbeitung erforderlich sind, abgelaufen sind.<\/p>\n<h2>F. Welche Rechte haben Sie?<\/h2>\n<p>Als Inhaber Ihrer personenbezogenen Daten haben Sie eine Reihe von Rechten in Bezug auf diese Daten und die Art und Weise, in der sie verarbeitet werden:<\/p>\n<p>Recht auf Auskunft und Zugang zu personenbezogenen Daten: Sie k\u00f6nnen jederzeit Auskunft \u00fcber die gespeicherten personenbezogenen Daten verlangen, und zwar sowohl \u00fcber die Kategorie der betroffenen personenbezogenen Daten, deren Herkunft und Empf\u00e4nger, die Dauer der Aufbewahrungsfrist und die zugrunde liegenden Zwecke, als auch \u00fcber die Identit\u00e4t des f\u00fcr die Datenverarbeitung Verantwortlichen, des Datenschutzbeauftragten und dessen Kontaktdaten.<\/p>\n<p>Recht auf Berichtigung und L\u00f6schung personenbezogener Daten: Wenn Sie Ihr Recht auf Berichtigung Ihrer Daten wahrnehmen m\u00f6chten, m\u00fcssen Sie Ihren Antrag unter Angabe der zu \u00e4ndernden Daten per E-Mail an info@stefitea.com senden. Dasselbe Verfahren sollte angewandt werden, wenn der Kunde sein Recht auf L\u00f6schung personenbezogener Daten aus\u00fcben m\u00f6chte.<\/p>\n<p>Recht auf Widerspruch und Widerruf der vorherigen Zustimmung: Zur St\u00e4rkung des Grundsatzes der Transparenz bei der Verarbeitung personenbezogener Daten und der Kommunikation mit dem Kunden k\u00f6nnen die erteilten Datenverarbeitungsgenehmigungen jederzeit ge\u00e4ndert werden.<\/p>\n<p>Die oben genannten Rechte k\u00f6nnen jederzeit durch eine Mitteilung an EUROPACKERS &#8211; TRANSPORTES E MUDAN\u00c7AS, Lda. an die in dieser Datenschutzrichtlinie angegebenen Kontakte ausge\u00fcbt werden.<\/p>\n<p>Ihre Anfragen werden mit besonderer Sorgfalt behandelt, damit wir die Wirksamkeit Ihrer Rechte gew\u00e4hrleisten k\u00f6nnen.<\/p>\n<p>Sie k\u00f6nnen aufgefordert werden, Ihre Identit\u00e4t nachzuweisen, um sicherzustellen, dass personenbezogene Daten nur an die betroffene Person weitergegeben werden.<\/p>\n<h2>H. Kontaktinformationen zu Europackers<\/h2>\n<p>Sollten Sie Fragen zu dieser Datenschutzrichtlinie oder zu unserer Behandlung und Verwendung Ihrer personenbezogenen Daten haben oder eine Beschwerde \u00fcber eine m\u00f6gliche Verletzung der Datenschutzgesetze einreichen wollen, wenden Sie sich bitte an den f\u00fcr die Datenverarbeitung Verantwortlichen unter info@europackers.pt oder unter Rua Francisco Carqueja, 179, 3\u00ba ESQ, 4350-185 PORTO.<\/p>\n<p>EUROPACKERS wird die Datenschutzerkl\u00e4rung bei Bedarf aktualisieren, um R\u00fcckmeldungen von Dateninhabern und \u00c4nderungen an den Services zu ber\u00fccksichtigen sowie um eventuelle gesetzliche Anforderungen zu erf\u00fcllen.<\/p>\n<p>Falls solche \u00c4nderungen eine wesentliche \u00c4nderung dieser Datenschutzrichtlinie bedeuten, wird jede betroffene Person ordnungsgem\u00e4\u00df benachrichtigt, und ihre Zustimmung wird erforderlichenfalls eingeholt.<span class=\"Apple-converted-space\">\u00a0<\/span><\/p>\n<p>Ihre Zufriedenheit ist uns sehr wichtig: Z\u00f6gern Sie nicht, uns \u00fcber die angegebenen Kontakte zu kontaktieren, wenn Sie irgen<\/p>\n","protected":false},"excerpt":{"rendered":"<p>DATENSCHUTZBESTIMMUNGEN In dieser Datenschutzerkl\u00e4rung wird erl\u00e4utert, wie wir Ihre personenbezogenen Daten erfassen, verwenden und behandeln und wie wir dabei unseren gesetzlichen Verpflichtungen Ihnen gegen\u00fcber nachkommen. Ihre Privatsph\u00e4re ist uns wichtig und\u00a0wir f\u00fchlen uns verpflichtet, Ihre pers\u00f6nlichen Daten zu sch\u00fctzen und zu bewahren. A. Wer sammelt Ihre personenbezogenen Daten und wer ist f\u00fcr deren Verarbeitung verantwortlich? &#8230;<\/p>\n","protected":false},"author":1,"featured_media":0,"parent":0,"menu_order":0,"comment_status":"closed","ping_status":"closed","template":"","meta":{"footnotes":""},"yoast_head":"<!-- This site is optimized with the Yoast SEO plugin v21.5 - https:\/\/yoast.com\/wordpress\/plugins\/seo\/ -->\n<title>DATENSCHUTZBESTIMMUNGEN &#8226; Europackers<\/title>\n<meta name=\"robots\" content=\"index, follow, max-snippet:-1, max-image-preview:large, max-video-preview:-1\" \/>\n<link rel=\"canonical\" href=\"https:\/\/europackers.pt\/de\/datenschutzbestimmungen\/\" \/>\n<meta property=\"og:locale\" content=\"de_DE\" \/>\n<meta property=\"og:type\" content=\"article\" \/>\n<meta property=\"og:title\" content=\"DATENSCHUTZBESTIMMUNGEN &#8226; Europackers\" \/>\n<meta property=\"og:description\" content=\"DATENSCHUTZBESTIMMUNGEN In dieser Datenschutzerkl\u00e4rung wird erl\u00e4utert, wie wir Ihre personenbezogenen Daten erfassen, verwenden und behandeln und wie wir dabei unseren gesetzlichen Verpflichtungen Ihnen gegen\u00fcber nachkommen. Ihre Privatsph\u00e4re ist uns wichtig und\u00a0wir f\u00fchlen uns verpflichtet, Ihre pers\u00f6nlichen Daten zu sch\u00fctzen und zu bewahren. A. Wer sammelt Ihre personenbezogenen Daten und wer ist f\u00fcr deren Verarbeitung verantwortlich? ...\" \/>\n<meta property=\"og:url\" content=\"https:\/\/europackers.pt\/de\/datenschutzbestimmungen\/\" \/>\n<meta property=\"og:site_name\" content=\"Europackers\" \/>\n<meta property=\"article:publisher\" content=\"https:\/\/www.facebook.com\/europackers\" \/>\n<meta property=\"article:modified_time\" content=\"2025-11-26T11:58:18+00:00\" \/>\n<meta property=\"og:image\" content=\"https:\/\/europackers.pt\/wp-content\/uploads\/2021\/08\/shareimage.jpg\" \/>\n\t<meta property=\"og:image:width\" content=\"1200\" \/>\n\t<meta property=\"og:image:height\" content=\"630\" \/>\n\t<meta property=\"og:image:type\" content=\"image\/jpeg\" \/>\n<meta name=\"twitter:card\" content=\"summary_large_image\" \/>\n<meta name=\"twitter:label1\" content=\"Gesch\u00e4tzte Lesezeit\" \/>\n\t<meta name=\"twitter:data1\" content=\"5 Minuten\" \/>\n<script type=\"application\/ld+json\" class=\"yoast-schema-graph\">{\"@context\":\"https:\/\/schema.org\",\"@graph\":[{\"@type\":\"WebPage\",\"@id\":\"https:\/\/europackers.pt\/de\/datenschutzbestimmungen\/\",\"url\":\"https:\/\/europackers.pt\/de\/datenschutzbestimmungen\/\",\"name\":\"DATENSCHUTZBESTIMMUNGEN &#8226; Europackers\",\"isPartOf\":{\"@id\":\"https:\/\/europackers.pt\/de\/#website\"},\"datePublished\":\"2021-08-07T19:50:07+00:00\",\"dateModified\":\"2025-11-26T11:58:18+00:00\",\"breadcrumb\":{\"@id\":\"https:\/\/europackers.pt\/de\/datenschutzbestimmungen\/#breadcrumb\"},\"inLanguage\":\"de-DE\",\"potentialAction\":[{\"@type\":\"ReadAction\",\"target\":[\"https:\/\/europackers.pt\/de\/datenschutzbestimmungen\/\"]}]},{\"@type\":\"BreadcrumbList\",\"@id\":\"https:\/\/europackers.pt\/de\/datenschutzbestimmungen\/#breadcrumb\",\"itemListElement\":[{\"@type\":\"ListItem\",\"position\":1,\"name\":\"In\u00edcio\",\"item\":\"https:\/\/europackers.pt\/de\/homepage\/\"},{\"@type\":\"ListItem\",\"position\":2,\"name\":\"DATENSCHUTZBESTIMMUNGEN\"}]},{\"@type\":\"WebSite\",\"@id\":\"https:\/\/europackers.pt\/de\/#website\",\"url\":\"https:\/\/europackers.pt\/de\/\",\"name\":\"Europackers\",\"description\":\"Transportes e Mudan\u00e7as\",\"publisher\":{\"@id\":\"https:\/\/europackers.pt\/de\/#organization\"},\"potentialAction\":[{\"@type\":\"SearchAction\",\"target\":{\"@type\":\"EntryPoint\",\"urlTemplate\":\"https:\/\/europackers.pt\/de\/?s={search_term_string}\"},\"query-input\":\"required name=search_term_string\"}],\"inLanguage\":\"de-DE\"},{\"@type\":\"Organization\",\"@id\":\"https:\/\/europackers.pt\/de\/#organization\",\"name\":\"Europackers\",\"url\":\"https:\/\/europackers.pt\/de\/\",\"logo\":{\"@type\":\"ImageObject\",\"inLanguage\":\"de-DE\",\"@id\":\"https:\/\/europackers.pt\/de\/#\/schema\/logo\/image\/\",\"url\":\"https:\/\/europackers.pt\/wp-content\/uploads\/2021\/08\/image.png\",\"contentUrl\":\"https:\/\/europackers.pt\/wp-content\/uploads\/2021\/08\/image.png\",\"width\":1656,\"height\":819,\"caption\":\"Europackers\"},\"image\":{\"@id\":\"https:\/\/europackers.pt\/de\/#\/schema\/logo\/image\/\"},\"sameAs\":[\"https:\/\/www.facebook.com\/europackers\"]}]}<\/script>\n<!-- \/ Yoast SEO plugin. -->","yoast_head_json":{"title":"DATENSCHUTZBESTIMMUNGEN &#8226; Europackers","robots":{"index":"index","follow":"follow","max-snippet":"max-snippet:-1","max-image-preview":"max-image-preview:large","max-video-preview":"max-video-preview:-1"},"canonical":"https:\/\/europackers.pt\/de\/datenschutzbestimmungen\/","og_locale":"de_DE","og_type":"article","og_title":"DATENSCHUTZBESTIMMUNGEN &#8226; Europackers","og_description":"DATENSCHUTZBESTIMMUNGEN In dieser Datenschutzerkl\u00e4rung wird erl\u00e4utert, wie wir Ihre personenbezogenen Daten erfassen, verwenden und behandeln und wie wir dabei unseren gesetzlichen Verpflichtungen Ihnen gegen\u00fcber nachkommen. Ihre Privatsph\u00e4re ist uns wichtig und\u00a0wir f\u00fchlen uns verpflichtet, Ihre pers\u00f6nlichen Daten zu sch\u00fctzen und zu bewahren. A. Wer sammelt Ihre personenbezogenen Daten und wer ist f\u00fcr deren Verarbeitung verantwortlich? ...","og_url":"https:\/\/europackers.pt\/de\/datenschutzbestimmungen\/","og_site_name":"Europackers","article_publisher":"https:\/\/www.facebook.com\/europackers","article_modified_time":"2025-11-26T11:58:18+00:00","og_image":[{"width":1200,"height":630,"url":"https:\/\/europackers.pt\/wp-content\/uploads\/2021\/08\/shareimage.jpg","type":"image\/jpeg"}],"twitter_card":"summary_large_image","twitter_misc":{"Gesch\u00e4tzte Lesezeit":"5 Minuten"},"schema":{"@context":"https:\/\/schema.org","@graph":[{"@type":"WebPage","@id":"https:\/\/europackers.pt\/de\/datenschutzbestimmungen\/","url":"https:\/\/europackers.pt\/de\/datenschutzbestimmungen\/","name":"DATENSCHUTZBESTIMMUNGEN &#8226; Europackers","isPartOf":{"@id":"https:\/\/europackers.pt\/de\/#website"},"datePublished":"2021-08-07T19:50:07+00:00","dateModified":"2025-11-26T11:58:18+00:00","breadcrumb":{"@id":"https:\/\/europackers.pt\/de\/datenschutzbestimmungen\/#breadcrumb"},"inLanguage":"de-DE","potentialAction":[{"@type":"ReadAction","target":["https:\/\/europackers.pt\/de\/datenschutzbestimmungen\/"]}]},{"@type":"BreadcrumbList","@id":"https:\/\/europackers.pt\/de\/datenschutzbestimmungen\/#breadcrumb","itemListElement":[{"@type":"ListItem","position":1,"name":"In\u00edcio","item":"https:\/\/europackers.pt\/de\/homepage\/"},{"@type":"ListItem","position":2,"name":"DATENSCHUTZBESTIMMUNGEN"}]},{"@type":"WebSite","@id":"https:\/\/europackers.pt\/de\/#website","url":"https:\/\/europackers.pt\/de\/","name":"Europackers","description":"Transportes e Mudan\u00e7as","publisher":{"@id":"https:\/\/europackers.pt\/de\/#organization"},"potentialAction":[{"@type":"SearchAction","target":{"@type":"EntryPoint","urlTemplate":"https:\/\/europackers.pt\/de\/?s={search_term_string}"},"query-input":"required name=search_term_string"}],"inLanguage":"de-DE"},{"@type":"Organization","@id":"https:\/\/europackers.pt\/de\/#organization","name":"Europackers","url":"https:\/\/europackers.pt\/de\/","logo":{"@type":"ImageObject","inLanguage":"de-DE","@id":"https:\/\/europackers.pt\/de\/#\/schema\/logo\/image\/","url":"https:\/\/europackers.pt\/wp-content\/uploads\/2021\/08\/image.png","contentUrl":"https:\/\/europackers.pt\/wp-content\/uploads\/2021\/08\/image.png","width":1656,"height":819,"caption":"Europackers"},"image":{"@id":"https:\/\/europackers.pt\/de\/#\/schema\/logo\/image\/"},"sameAs":["https:\/\/www.facebook.com\/europackers"]}]}},"_links":{"self":[{"href":"https:\/\/europackers.pt\/de\/wp-json\/wp\/v2\/pages\/1330"}],"collection":[{"href":"https:\/\/europackers.pt\/de\/wp-json\/wp\/v2\/pages"}],"about":[{"href":"https:\/\/europackers.pt\/de\/wp-json\/wp\/v2\/types\/page"}],"author":[{"embeddable":true,"href":"https:\/\/europackers.pt\/de\/wp-json\/wp\/v2\/users\/1"}],"replies":[{"embeddable":true,"href":"https:\/\/europackers.pt\/de\/wp-json\/wp\/v2\/comments?post=1330"}],"version-history":[{"count":3,"href":"https:\/\/europackers.pt\/de\/wp-json\/wp\/v2\/pages\/1330\/revisions"}],"predecessor-version":[{"id":1734,"href":"https:\/\/europackers.pt\/de\/wp-json\/wp\/v2\/pages\/1330\/revisions\/1734"}],"wp:attachment":[{"href":"https:\/\/europackers.pt\/de\/wp-json\/wp\/v2\/media?parent=1330"}],"curies":[{"name":"wp","href":"https:\/\/api.w.org\/{rel}","templated":true}]}}